{"id":75132,"date":"2025-11-12T19:29:49","date_gmt":"2025-11-12T19:29:49","guid":{"rendered":"https:\/\/v7.kapelanbio.com\/loesungen\/kalibrierungsservice-fuer-graustufendiagramme\/"},"modified":"2026-01-13T21:51:27","modified_gmt":"2026-01-13T21:51:27","slug":"kalibrierungsservice-fuer-graustufendiagramme","status":"publish","type":"page","link":"https:\/\/www.kapelanbio.com\/de\/loesungen\/kalibrierungsservice-fuer-graustufendiagramme\/","title":{"rendered":"Kalibrierungsservice f\u00fcr Graustufendiagramme"},"content":{"rendered":"<style>.elementor-75132 .elementor-element.elementor-element-042bde2{--display:flex;--min-height:360px;--flex-direction:column;--container-widget-width:calc( ( 1 - var( --container-widget-flex-grow ) ) * 100% );--container-widget-height:initial;--container-widget-flex-grow:0;--container-widget-align-self:initial;--flex-wrap-mobile:wrap;--justify-content:center;--align-items:flex-start;}.elementor-75132 .elementor-element.elementor-element-042bde2:not(.elementor-motion-effects-element-type-background), .elementor-75132 .elementor-element.elementor-element-042bde2 > .elementor-motion-effects-container > .elementor-motion-effects-layer{background-image:url(\"https:\/\/www.kapelanbio.com\/wp-content\/uploads\/2025\/10\/labimage-header-V6-ohne-Text-251015-scaled-1.jpg\");background-position:center center;background-repeat:no-repeat;background-size:cover;}.elementor-75132 .elementor-element.elementor-element-042bde2.e-con{--flex-grow:0;--flex-shrink:0;}.elementor-75132 .elementor-element.elementor-element-13f7393{--display:flex;--margin-top:0px;--margin-bottom:0px;--margin-left:10px;--margin-right:0px;--padding-top:0px;--padding-bottom:0px;--padding-left:0px;--padding-right:0px;}.elementor-75132 .elementor-element.elementor-element-f1333b3 .elementor-heading-title{font-family:\"Helvetica\", Sans-serif;font-size:60px;color:#FF6600;}.elementor-75132 .elementor-element.elementor-element-2472d50{--display:flex;--flex-direction:row;--container-widget-width:calc( ( 1 - var( --container-widget-flex-grow ) ) * 100% );--container-widget-height:100%;--container-widget-flex-grow:1;--container-widget-align-self:stretch;--flex-wrap-mobile:wrap;--align-items:flex-start;--gap:30px 30px;--row-gap:30px;--column-gap:30px;--padding-top:100px;--padding-bottom:100px;--padding-left:0px;--padding-right:0px;}.elementor-75132 .elementor-element.elementor-element-985b7ca{--display:flex;--flex-direction:column;--container-widget-width:100%;--container-widget-height:initial;--container-widget-flex-grow:0;--container-widget-align-self:initial;--flex-wrap-mobile:wrap;--padding-top:0px;--padding-bottom:0px;--padding-left:0px;--padding-right:0px;}.elementor-75132 .elementor-element.elementor-element-967fa71 .elementor-heading-title{font-family:\"Helvetica\", Sans-serif;}.elementor-75132 .elementor-element.elementor-element-aacddeb{font-family:\"Open Sans\", Sans-serif;}.elementor-75132 .elementor-element.elementor-element-eaf892e{--display:flex;--flex-direction:column;--container-widget-width:100%;--container-widget-height:initial;--container-widget-flex-grow:0;--container-widget-align-self:initial;--flex-wrap-mobile:wrap;--border-radius:10px 10px 10px 10px;--margin-top:0px;--margin-bottom:1px;--margin-left:0px;--margin-right:0px;--padding-top:30px;--padding-bottom:30px;--padding-left:30px;--padding-right:30px;}.elementor-75132 .elementor-element.elementor-element-eaf892e:not(.elementor-motion-effects-element-type-background), .elementor-75132 .elementor-element.elementor-element-eaf892e > .elementor-motion-effects-container > .elementor-motion-effects-layer{background-color:#1E5283;}.elementor-75132 .elementor-element.elementor-element-70d5992{text-align:center;font-family:\"Open Sans\", Sans-serif;font-size:16px;font-weight:400;color:#FFFFFF;}.elementor-75132 .elementor-element.elementor-element-70d5992 a{color:var( --e-global-color-11ebe7c );}.elementor-75132 .elementor-element.elementor-element-156507f img{width:100%;}.elementor-75132 .elementor-element.elementor-element-be7807c{text-align:center;font-family:\"Open Sans\", Sans-serif;font-size:16px;font-weight:400;color:#FFFFFF;}.elementor-75132 .elementor-element.elementor-element-be7807c a{color:var( --e-global-color-secondary );}.elementor-75132 .elementor-element.elementor-element-cebfa59{text-align:center;font-family:\"Open Sans\", Sans-serif;font-size:16px;font-weight:400;color:#FFFFFF;margin:-18px 0px calc(var(--kit-widget-spacing, 0px) + 0px) 0px;padding:0px 0px 0px 0px;}.elementor-75132 .elementor-element.elementor-element-cebfa59 a{color:var( --e-global-color-11ebe7c );}@media(max-width:1024px){.elementor-75132 .elementor-element.elementor-element-042bde2{--min-height:263px;--padding-top:0px;--padding-bottom:0px;--padding-left:20px;--padding-right:20px;}.elementor-75132 .elementor-element.elementor-element-f1333b3 .elementor-heading-title{font-size:55px;}.elementor-75132 .elementor-element.elementor-element-2472d50{--padding-top:70px;--padding-bottom:70px;--padding-left:20px;--padding-right:20px;}.elementor-75132 .elementor-element.elementor-element-967fa71 .elementor-heading-title{font-size:26px;}.elementor-75132 .elementor-element.elementor-element-cebfa59{line-height:1.2em;}}@media(max-width:767px){.elementor-75132 .elementor-element.elementor-element-042bde2{--min-height:203px;}.elementor-75132 .elementor-element.elementor-element-f1333b3 .elementor-heading-title{font-size:35px;}}@media(min-width:768px){.elementor-75132 .elementor-element.elementor-element-13f7393{--width:49%;}.elementor-75132 .elementor-element.elementor-element-985b7ca{--width:80%;}.elementor-75132 .elementor-element.elementor-element-eaf892e{--width:25%;}}@media(max-width:1024px) and (min-width:768px){.elementor-75132 .elementor-element.elementor-element-13f7393{--width:511px;}.elementor-75132 .elementor-element.elementor-element-eaf892e{--width:35%;}}@media(min-width:1025px){.elementor-75132 .elementor-element.elementor-element-042bde2:not(.elementor-motion-effects-element-type-background), .elementor-75132 .elementor-element.elementor-element-042bde2 > .elementor-motion-effects-container > .elementor-motion-effects-layer{background-attachment:scroll;}}<\/style>\t\t<div data-elementor-type=\"wp-page\" data-elementor-id=\"75132\" class=\"elementor elementor-75132 elementor-20\" data-elementor-post-type=\"page\">\n\t\t\t\t<div class=\"elementor-element elementor-element-042bde2 e-con-full e-flex e-con e-parent\" data-id=\"042bde2\" data-element_type=\"container\" data-e-type=\"container\" data-settings=\"{&quot;background_background&quot;:&quot;classic&quot;}\">\n\t\t<div class=\"elementor-element elementor-element-13f7393 e-con-full e-flex e-con e-child\" data-id=\"13f7393\" data-element_type=\"container\" data-e-type=\"container\">\n\t\t\t\t<div class=\"elementor-element elementor-element-f1333b3 elementor-widget elementor-widget-heading\" data-id=\"f1333b3\" data-element_type=\"widget\" data-e-type=\"widget\" data-widget_type=\"heading.default\">\n\t\t\t\t\t<h1 class=\"elementor-heading-title elementor-size-default\">Kalibrierungsservice f\u00fcr Graustufendiagramme\n<\/h1>\t\t\t\t<\/div>\n\t\t\t\t<\/div>\n\t\t\t\t<\/div>\n\t\t<div class=\"elementor-element elementor-element-2472d50 e-flex e-con-boxed e-con e-parent\" data-id=\"2472d50\" data-element_type=\"container\" data-e-type=\"container\">\n\t\t\t\t\t<div class=\"e-con-inner\">\n\t\t<div class=\"elementor-element elementor-element-985b7ca e-con-full e-flex e-con e-child\" data-id=\"985b7ca\" data-element_type=\"container\" data-e-type=\"container\">\n\t\t\t\t<div class=\"elementor-element elementor-element-967fa71 elementor-widget elementor-widget-heading\" data-id=\"967fa71\" data-element_type=\"widget\" data-e-type=\"widget\" data-widget_type=\"heading.default\">\n\t\t\t\t\t<h1 class=\"elementor-heading-title elementor-size-default\">Kalibrierungsservice f\u00fcr Graustufen-Charts: Pr\u00e4zision und Effizienz f\u00fcr Ihre Scannerkalibrierung\n<\/h1>\t\t\t\t<\/div>\n\t\t\t\t<div class=\"elementor-element elementor-element-aacddeb elementor-widget elementor-widget-text-editor\" data-id=\"aacddeb\" data-element_type=\"widget\" data-e-type=\"widget\" data-widget_type=\"text-editor.default\">\n\t\t\t\t\t\t\t\t\t<p>Wir bei Kapelan Bio-Imaging sind stolz darauf, unseren Kunden innovative L\u00f6sungen f\u00fcr die biomedizinische Bildanalyse anbieten zu k\u00f6nnen. Wir m\u00f6chten Ihnen unseren neuen Service zur Kalibrierung von Graustufen-Diagrammen vorstellen. Mit unserem Service k\u00f6nnen Sie Ihre Reflexions- und Durchlichtdiagramme einfach und pr\u00e4zise kalibrieren lassen, um eine optimale Leistung Ihrer Scanner zu gew\u00e4hrleisten.<\/p><p>Unser Kalibrierungsservice basiert auf standardisierten Verfahren, die in unserer eigenen Standardarbeitsanweisung (SOP) definiert sind. Wir arbeiten gem\u00e4\u00df unserem Qualit\u00e4tsmanagementsystem ISO 13485, um Ihnen eine zuverl\u00e4ssige und qualitativ hochwertige L\u00f6sung zu bieten. Unser Ziel ist es, Ihnen einen kosteng\u00fcnstigen und effizienten Service aus Deutschland anzubieten. Dieses Angebot richtet sich nicht nur an unsere direkten Kunden, sondern auch an Dritte.<\/p><p>Wir verwenden optische Dichten (OD), um eine genaue Kalibrierung durchzuf\u00fchren. Wir verwenden eine Tabelle des Bundesamts f\u00fcr Materialforschung als Referenz, um eine pr\u00e4zise und zuverl\u00e4ssige Kalibrierung zu gew\u00e4hrleisten. Es handelt sich um eine hochwertige und zuverl\u00e4ssige Referenz, die aufgrund der hohen Qualit\u00e4tsstandards des Bundesamts unseren Qualit\u00e4tsanforderungen entspricht.<\/p><h4>Werkskalibrierung mit eigenem Kalibrierzertifikat<\/h4><p>Unsere Kalibrierung wird als Werkskalibrierung durchgef\u00fchrt und beinhaltet unser eigenes Kalibrierungszertifikat. Bitte beachten Sie, dass es sich hierbei nicht um einen zertifizierten Prozess handelt, jedoch werden alle Spezifikationen sorgf\u00e4ltig gem\u00e4\u00df unserer Standardarbeitsanweisung umgesetzt. Gerne stellen wir Ihnen unsere Standardarbeitsanweisung (SOP) zur Verf\u00fcgung, um Ihnen einen detaillierten Einblick in unseren Prozess zu geben. Unsere Messverfahren werden sowohl hinsichtlich Temperatur als auch Luftfeuchtigkeit \u00fcberwacht, um eine genaue und zuverl\u00e4ssige Kalibrierung zu gew\u00e4hrleisten. Bei Kapelan Bio-Imaging verpflichten wir uns zu h\u00f6chsten Standards, um Ihnen bestm\u00f6gliche Qualit\u00e4t und Genauigkeit zu bieten.<\/p><h4><b>Unkomplizierte Abwicklung und schneller Service<\/b><\/h4><p>Der Ablauf unseres Kalibrierungsservices ist einfach und unkompliziert. Sie beauftragen uns mit der Neukalibrierung und senden uns Ihr Diagramm. Unser erfahrenes Team misst die Karte aus und sendet sie Ihnen zusammen mit den neuen Kalibrierungswerten und einem Werkskalibrierungsbericht zur\u00fcck. Dar\u00fcber hinaus erhalten Kapelan-Kunden eine neue Messdatei, um eine optimale Nutzung der kalibrierten Karte zu gew\u00e4hrleisten.<\/p><p>Nutzen Sie unseren Service zur Kalibrierung von Graustufen-Diagrammen. Sie erhalten nicht nur eine nachhaltige L\u00f6sung f\u00fcr die weitere Verwendung Ihrer Diagramme, sondern auch eine kosteng\u00fcnstige und schnelle L\u00f6sung direkt aus Deutschland. Verlassen Sie sich auf unsere in den Standardarbeitsanweisungen (SOPs) festgelegten Prozesse innerhalb unseres nach ISO 13485 zertifizierten Qualit\u00e4tsmanagementsystems, um eine genaue und zuverl\u00e4ssige Kalibrierung zu gew\u00e4hrleisten.<\/p><h4>Die Bedeutung regelm\u00e4\u00dfiger Kalibrierung<\/h4><p>Regelm\u00e4\u00dfige Kalibrierung gew\u00e4hrleistet Produktionssicherheit und -effizienz, die Einhaltung von Qualit\u00e4tsstandards und regulatorischen Anforderungen sowie die Einhaltung von Qualit\u00e4tsnormen. Dar\u00fcber hinaus lassen sich finanzielle Einsparungen erzielen, indem die Produkthaftungskosten gesenkt und die Lebensdauer der Messger\u00e4te verl\u00e4ngert werden. Eine zuverl\u00e4ssige und genaue Kalibrierung ist ein wesentlicher Bestandteil eines effektiven Qualit\u00e4tsmanagementsystems und gew\u00e4hrleistet, dass Ihre Messger\u00e4te den aktuellen Industriestandards entsprechen. Es ist daher ein entscheidender Schritt, um die Pr\u00e4zision und Zuverl\u00e4ssigkeit Ihrer Messungen zu gew\u00e4hrleisten.<\/p><h4>Verlassen Sie sich auf unseren Kalibrierungsservice.<\/h4><p>Kontaktieren Sie uns noch heute, um mehr \u00fcber unseren Kalibrierungsservice f\u00fcr Graustufendiagramme zu erfahren. Setzen Sie auf erstklassige L\u00f6sungen f\u00fcr Ihre biomedizinischen Bildgebungsanforderungen und profitieren Sie von unserem engagierten Team, das Ihnen gerne zur Seite steht. Wir freuen uns darauf, Sie dabei zu unterst\u00fctzen, bestm\u00f6gliche Ergebnisse zu erzielen und Ihnen erstklassige L\u00f6sungen f\u00fcr Ihre Anforderungen an die biomedizinische Bildanalyse zu bieten. <\/p>\t\t\t\t\t\t\t\t<\/div>\n\t\t\t\t<\/div>\n\t\t<div class=\"elementor-element elementor-element-eaf892e e-con-full e-flex e-con e-child\" data-id=\"eaf892e\" data-element_type=\"container\" data-e-type=\"container\" data-settings=\"{&quot;background_background&quot;:&quot;classic&quot;}\">\n\t\t\t\t<div class=\"elementor-element elementor-element-93e71a1 elementor-widget elementor-widget-image\" data-id=\"93e71a1\" data-element_type=\"widget\" data-e-type=\"widget\" data-widget_type=\"image.default\">\n\t\t\t\t\t\t\t\t\t\t\t\t\t\t\t<img decoding=\"async\" width=\"64\" height=\"450\" src=\"https:\/\/www.kapelanbio.com\/wp-content\/uploads\/2025\/11\/calibration-chart-upright.jpg\" class=\"attachment-large size-large wp-image-75130\" alt=\"\" \/>\t\t\t\t\t\t\t\t\t\t\t\t\t\t\t<\/div>\n\t\t\t\t<div class=\"elementor-element elementor-element-70d5992 elementor-widget elementor-widget-text-editor\" data-id=\"70d5992\" data-element_type=\"widget\" data-e-type=\"widget\" data-widget_type=\"text-editor.default\">\n\t\t\t\t\t\t\t\t\t<p>Die Kalibrierung erfolgt f\u00fcr Grauwerttafeln, z. B. von <a href=\"https:\/\/www.stouffer.net\/\">Stouffer <\/a>oder <a href=\"https:\/\/www.danes-picta.com\/\">Danes Picta.<\/a> Angeboten von verschiedenen Unternehmen wie Biostep und anderen.<\/p>\t\t\t\t\t\t\t\t<\/div>\n\t\t\t\t<div class=\"elementor-element elementor-element-156507f elementor-widget elementor-widget-image\" data-id=\"156507f\" data-element_type=\"widget\" data-e-type=\"widget\" data-widget_type=\"image.default\">\n\t\t\t\t\t\t\t\t\t\t\t\t\t\t\t<img fetchpriority=\"high\" decoding=\"async\" width=\"212\" height=\"300\" src=\"https:\/\/www.kapelanbio.com\/wp-content\/uploads\/2025\/11\/sample-certificate-calibration-gray-chart-212x300-1.jpg\" class=\"attachment-full size-full wp-image-75131\" alt=\"\" \/>\t\t\t\t\t\t\t\t\t\t\t\t\t\t\t<\/div>\n\t\t\t\t<div class=\"elementor-element elementor-element-be7807c elementor-widget elementor-widget-text-editor\" data-id=\"be7807c\" data-element_type=\"widget\" data-e-type=\"widget\" data-widget_type=\"text-editor.default\">\n\t\t\t\t\t\t\t\t\tBeispielkalibrierungsbericht\n\t\t\t\t\t\t\t\t<\/div>\n\t\t\t\t<div class=\"elementor-element elementor-element-cebfa59 elementor-widget elementor-widget-text-editor\" data-id=\"cebfa59\" data-element_type=\"widget\" data-e-type=\"widget\" data-widget_type=\"text-editor.default\">\n\t\t\t\t\t\t\t\t\t<p><strong><a href=\"https:\/\/www.kapelanbio.com\/wp-content\/uploads\/2023\/08\/Sample-of-Certificate-of-Calibration-230829.pdf\">Zertifikat als PDF herunterladen<\/a><\/strong><\/p>\t\t\t\t\t\t\t\t<\/div>\n\t\t\t\t<\/div>\n\t\t\t\t\t<\/div>\n\t\t\t\t<\/div>\n\t\t\t\t<\/div>\n\t\t","protected":false},"excerpt":{"rendered":"<p>Kalibrierungsservice f\u00fcr Graustufendiagramme Kalibrierungsservice f\u00fcr Graustufen-Charts: Pr\u00e4zision und Effizienz f\u00fcr Ihre Scannerkalibrierung Wir bei Kapelan Bio-Imaging sind stolz darauf, unseren Kunden innovative L\u00f6sungen f\u00fcr die biomedizinische Bildanalyse anbieten zu k\u00f6nnen. Wir m\u00f6chten Ihnen unseren neuen Service zur Kalibrierung von Graustufen-Diagrammen vorstellen. Mit unserem Service k\u00f6nnen Sie Ihre Reflexions- und Durchlichtdiagramme einfach und pr\u00e4zise kalibrieren lassen, [&hellip;]<\/p>\n","protected":false},"author":1,"featured_media":0,"parent":75122,"menu_order":0,"comment_status":"closed","ping_status":"closed","template":"elementor_header_footer","meta":{"footnotes":""},"class_list":["post-75132","page","type-page","status-publish","hentry"],"blocksy_meta":[],"yoast_head":"<title>Kalibrierungsservice f\u00fcr Graustufendiagramme - Kapelan Bio-Imaging<\/title>\n<meta name=\"robots\" content=\"index, follow, max-snippet:-1, max-image-preview:large, max-video-preview:-1\" \/>\n<link rel=\"canonical\" href=\"https:\/\/www.kapelanbio.com\/de\/loesungen\/kalibrierungsservice-fuer-graustufendiagramme\/\" \/>\n<meta property=\"og:locale\" content=\"de_DE\" \/>\n<meta property=\"og:type\" content=\"article\" \/>\n<meta property=\"og:title\" content=\"Kalibrierungsservice f\u00fcr Graustufendiagramme - Kapelan Bio-Imaging\" \/>\n<meta property=\"og:description\" content=\"Kalibrierungsservice f\u00fcr Graustufendiagramme Kalibrierungsservice f\u00fcr Graustufen-Charts: Pr\u00e4zision und Effizienz f\u00fcr Ihre Scannerkalibrierung Wir bei Kapelan Bio-Imaging sind stolz darauf, unseren Kunden innovative L\u00f6sungen f\u00fcr die biomedizinische Bildanalyse anbieten zu k\u00f6nnen. Wir m\u00f6chten Ihnen unseren neuen Service zur Kalibrierung von Graustufen-Diagrammen vorstellen. Mit unserem Service k\u00f6nnen Sie Ihre Reflexions- und Durchlichtdiagramme einfach und pr\u00e4zise kalibrieren lassen, [&hellip;]\" \/>\n<meta property=\"og:url\" content=\"https:\/\/www.kapelanbio.com\/de\/loesungen\/kalibrierungsservice-fuer-graustufendiagramme\/\" \/>\n<meta property=\"og:site_name\" content=\"Kapelan Bio-Imaging\" \/>\n<meta property=\"article:publisher\" content=\"https:\/\/www.facebook.com\/kapelanbio\" \/>\n<meta property=\"article:modified_time\" content=\"2026-01-13T21:51:27+00:00\" \/>\n<meta property=\"og:image\" content=\"https:\/\/v7.kapelanbio.com\/wp-content\/uploads\/2025\/11\/calibration-chart-upright.jpg\" \/>\n<meta name=\"twitter:card\" content=\"summary_large_image\" \/>\n<meta name=\"twitter:site\" content=\"@kapelanbio\" \/>\n<meta name=\"twitter:label1\" content=\"Gesch\u00e4tzte Lesezeit\" \/>\n\t<meta name=\"twitter:data1\" content=\"3\u00a0Minuten\" \/>\n<script type=\"application\/ld+json\" class=\"yoast-schema-graph\">{\"@context\":\"https:\/\/schema.org\",\"@graph\":[{\"@type\":\"WebPage\",\"@id\":\"https:\/\/www.kapelanbio.com\/de\/loesungen\/kalibrierungsservice-fuer-graustufendiagramme\/\",\"url\":\"https:\/\/www.kapelanbio.com\/de\/loesungen\/kalibrierungsservice-fuer-graustufendiagramme\/\",\"name\":\"Kalibrierungsservice f\u00fcr Graustufendiagramme - Kapelan Bio-Imaging\",\"isPartOf\":{\"@id\":\"https:\/\/www.kapelanbio.com\/de\/#website\"},\"primaryImageOfPage\":{\"@id\":\"https:\/\/www.kapelanbio.com\/de\/loesungen\/kalibrierungsservice-fuer-graustufendiagramme\/#primaryimage\"},\"image\":{\"@id\":\"https:\/\/www.kapelanbio.com\/de\/loesungen\/kalibrierungsservice-fuer-graustufendiagramme\/#primaryimage\"},\"thumbnailUrl\":\"https:\/\/v7.kapelanbio.com\/wp-content\/uploads\/2025\/11\/calibration-chart-upright.jpg\",\"datePublished\":\"2025-11-12T19:29:49+00:00\",\"dateModified\":\"2026-01-13T21:51:27+00:00\",\"breadcrumb\":{\"@id\":\"https:\/\/www.kapelanbio.com\/de\/loesungen\/kalibrierungsservice-fuer-graustufendiagramme\/#breadcrumb\"},\"inLanguage\":\"de\",\"potentialAction\":[{\"@type\":\"ReadAction\",\"target\":[\"https:\/\/www.kapelanbio.com\/de\/loesungen\/kalibrierungsservice-fuer-graustufendiagramme\/\"]}]},{\"@type\":\"ImageObject\",\"inLanguage\":\"de\",\"@id\":\"https:\/\/www.kapelanbio.com\/de\/loesungen\/kalibrierungsservice-fuer-graustufendiagramme\/#primaryimage\",\"url\":\"https:\/\/v7.kapelanbio.com\/wp-content\/uploads\/2025\/11\/calibration-chart-upright.jpg\",\"contentUrl\":\"https:\/\/v7.kapelanbio.com\/wp-content\/uploads\/2025\/11\/calibration-chart-upright.jpg\"},{\"@type\":\"BreadcrumbList\",\"@id\":\"https:\/\/www.kapelanbio.com\/de\/loesungen\/kalibrierungsservice-fuer-graustufendiagramme\/#breadcrumb\",\"itemListElement\":[{\"@type\":\"ListItem\",\"position\":1,\"name\":\"Home\",\"item\":\"https:\/\/www.kapelanbio.com\/de\/\"},{\"@type\":\"ListItem\",\"position\":2,\"name\":\"L\u00f6sungen\",\"item\":\"https:\/\/www.kapelanbio.com\/de\/loesungen\/\"},{\"@type\":\"ListItem\",\"position\":3,\"name\":\"Kalibrierungsservice f\u00fcr Graustufendiagramme\"}]},{\"@type\":\"WebSite\",\"@id\":\"https:\/\/www.kapelanbio.com\/de\/#website\",\"url\":\"https:\/\/www.kapelanbio.com\/de\/\",\"name\":\"Kapelan Bio-Imaging\",\"description\":\"\",\"publisher\":{\"@id\":\"https:\/\/www.kapelanbio.com\/de\/#organization\"},\"potentialAction\":[{\"@type\":\"SearchAction\",\"target\":{\"@type\":\"EntryPoint\",\"urlTemplate\":\"https:\/\/www.kapelanbio.com\/de\/?s={search_term_string}\"},\"query-input\":{\"@type\":\"PropertyValueSpecification\",\"valueRequired\":true,\"valueName\":\"search_term_string\"}}],\"inLanguage\":\"de\"},{\"@type\":\"Organization\",\"@id\":\"https:\/\/www.kapelanbio.com\/de\/#organization\",\"name\":\"Kapelan Bio-Imaging\",\"url\":\"https:\/\/www.kapelanbio.com\/de\/\",\"logo\":{\"@type\":\"ImageObject\",\"inLanguage\":\"de\",\"@id\":\"https:\/\/www.kapelanbio.com\/de\/#\/schema\/logo\/image\/\",\"url\":\"https:\/\/www.kapelanbio.com\/wp-content\/uploads\/2025\/10\/Logo.png\",\"contentUrl\":\"https:\/\/www.kapelanbio.com\/wp-content\/uploads\/2025\/10\/Logo.png\",\"width\":250,\"height\":97,\"caption\":\"Kapelan Bio-Imaging\"},\"image\":{\"@id\":\"https:\/\/www.kapelanbio.com\/de\/#\/schema\/logo\/image\/\"},\"sameAs\":[\"https:\/\/www.facebook.com\/kapelanbio\",\"https:\/\/x.com\/kapelanbio\",\"http:\/\/www.youtube.com\/@kapelanbioimaging\",\"https:\/\/www.linkedin.com\/company\/kapelanbio\/\"]}]}<\/script>","yoast_head_json":{"title":"Kalibrierungsservice f\u00fcr Graustufendiagramme - Kapelan Bio-Imaging","robots":{"index":"index","follow":"follow","max-snippet":"max-snippet:-1","max-image-preview":"max-image-preview:large","max-video-preview":"max-video-preview:-1"},"canonical":"https:\/\/www.kapelanbio.com\/de\/loesungen\/kalibrierungsservice-fuer-graustufendiagramme\/","og_locale":"de_DE","og_type":"article","og_title":"Kalibrierungsservice f\u00fcr Graustufendiagramme - Kapelan Bio-Imaging","og_description":"Kalibrierungsservice f\u00fcr Graustufendiagramme Kalibrierungsservice f\u00fcr Graustufen-Charts: Pr\u00e4zision und Effizienz f\u00fcr Ihre Scannerkalibrierung Wir bei Kapelan Bio-Imaging sind stolz darauf, unseren Kunden innovative L\u00f6sungen f\u00fcr die biomedizinische Bildanalyse anbieten zu k\u00f6nnen. Wir m\u00f6chten Ihnen unseren neuen Service zur Kalibrierung von Graustufen-Diagrammen vorstellen. Mit unserem Service k\u00f6nnen Sie Ihre Reflexions- und Durchlichtdiagramme einfach und pr\u00e4zise kalibrieren lassen, [&hellip;]","og_url":"https:\/\/www.kapelanbio.com\/de\/loesungen\/kalibrierungsservice-fuer-graustufendiagramme\/","og_site_name":"Kapelan Bio-Imaging","article_publisher":"https:\/\/www.facebook.com\/kapelanbio","article_modified_time":"2026-01-13T21:51:27+00:00","og_image":[{"url":"https:\/\/v7.kapelanbio.com\/wp-content\/uploads\/2025\/11\/calibration-chart-upright.jpg","type":"","width":"","height":""}],"twitter_card":"summary_large_image","twitter_site":"@kapelanbio","twitter_misc":{"Gesch\u00e4tzte Lesezeit":"3\u00a0Minuten"},"schema":{"@context":"https:\/\/schema.org","@graph":[{"@type":"WebPage","@id":"https:\/\/www.kapelanbio.com\/de\/loesungen\/kalibrierungsservice-fuer-graustufendiagramme\/","url":"https:\/\/www.kapelanbio.com\/de\/loesungen\/kalibrierungsservice-fuer-graustufendiagramme\/","name":"Kalibrierungsservice f\u00fcr Graustufendiagramme - Kapelan Bio-Imaging","isPartOf":{"@id":"https:\/\/www.kapelanbio.com\/de\/#website"},"primaryImageOfPage":{"@id":"https:\/\/www.kapelanbio.com\/de\/loesungen\/kalibrierungsservice-fuer-graustufendiagramme\/#primaryimage"},"image":{"@id":"https:\/\/www.kapelanbio.com\/de\/loesungen\/kalibrierungsservice-fuer-graustufendiagramme\/#primaryimage"},"thumbnailUrl":"https:\/\/v7.kapelanbio.com\/wp-content\/uploads\/2025\/11\/calibration-chart-upright.jpg","datePublished":"2025-11-12T19:29:49+00:00","dateModified":"2026-01-13T21:51:27+00:00","breadcrumb":{"@id":"https:\/\/www.kapelanbio.com\/de\/loesungen\/kalibrierungsservice-fuer-graustufendiagramme\/#breadcrumb"},"inLanguage":"de","potentialAction":[{"@type":"ReadAction","target":["https:\/\/www.kapelanbio.com\/de\/loesungen\/kalibrierungsservice-fuer-graustufendiagramme\/"]}]},{"@type":"ImageObject","inLanguage":"de","@id":"https:\/\/www.kapelanbio.com\/de\/loesungen\/kalibrierungsservice-fuer-graustufendiagramme\/#primaryimage","url":"https:\/\/v7.kapelanbio.com\/wp-content\/uploads\/2025\/11\/calibration-chart-upright.jpg","contentUrl":"https:\/\/v7.kapelanbio.com\/wp-content\/uploads\/2025\/11\/calibration-chart-upright.jpg"},{"@type":"BreadcrumbList","@id":"https:\/\/www.kapelanbio.com\/de\/loesungen\/kalibrierungsservice-fuer-graustufendiagramme\/#breadcrumb","itemListElement":[{"@type":"ListItem","position":1,"name":"Home","item":"https:\/\/www.kapelanbio.com\/de\/"},{"@type":"ListItem","position":2,"name":"L\u00f6sungen","item":"https:\/\/www.kapelanbio.com\/de\/loesungen\/"},{"@type":"ListItem","position":3,"name":"Kalibrierungsservice f\u00fcr Graustufendiagramme"}]},{"@type":"WebSite","@id":"https:\/\/www.kapelanbio.com\/de\/#website","url":"https:\/\/www.kapelanbio.com\/de\/","name":"Kapelan Bio-Imaging","description":"","publisher":{"@id":"https:\/\/www.kapelanbio.com\/de\/#organization"},"potentialAction":[{"@type":"SearchAction","target":{"@type":"EntryPoint","urlTemplate":"https:\/\/www.kapelanbio.com\/de\/?s={search_term_string}"},"query-input":{"@type":"PropertyValueSpecification","valueRequired":true,"valueName":"search_term_string"}}],"inLanguage":"de"},{"@type":"Organization","@id":"https:\/\/www.kapelanbio.com\/de\/#organization","name":"Kapelan Bio-Imaging","url":"https:\/\/www.kapelanbio.com\/de\/","logo":{"@type":"ImageObject","inLanguage":"de","@id":"https:\/\/www.kapelanbio.com\/de\/#\/schema\/logo\/image\/","url":"https:\/\/www.kapelanbio.com\/wp-content\/uploads\/2025\/10\/Logo.png","contentUrl":"https:\/\/www.kapelanbio.com\/wp-content\/uploads\/2025\/10\/Logo.png","width":250,"height":97,"caption":"Kapelan Bio-Imaging"},"image":{"@id":"https:\/\/www.kapelanbio.com\/de\/#\/schema\/logo\/image\/"},"sameAs":["https:\/\/www.facebook.com\/kapelanbio","https:\/\/x.com\/kapelanbio","http:\/\/www.youtube.com\/@kapelanbioimaging","https:\/\/www.linkedin.com\/company\/kapelanbio\/"]}]}},"_links":{"self":[{"href":"https:\/\/www.kapelanbio.com\/de\/wp-json\/wp\/v2\/pages\/75132","targetHints":{"allow":["GET"]}}],"collection":[{"href":"https:\/\/www.kapelanbio.com\/de\/wp-json\/wp\/v2\/pages"}],"about":[{"href":"https:\/\/www.kapelanbio.com\/de\/wp-json\/wp\/v2\/types\/page"}],"author":[{"embeddable":true,"href":"https:\/\/www.kapelanbio.com\/de\/wp-json\/wp\/v2\/users\/1"}],"replies":[{"embeddable":true,"href":"https:\/\/www.kapelanbio.com\/de\/wp-json\/wp\/v2\/comments?post=75132"}],"version-history":[{"count":6,"href":"https:\/\/www.kapelanbio.com\/de\/wp-json\/wp\/v2\/pages\/75132\/revisions"}],"predecessor-version":[{"id":76297,"href":"https:\/\/www.kapelanbio.com\/de\/wp-json\/wp\/v2\/pages\/75132\/revisions\/76297"}],"up":[{"embeddable":true,"href":"https:\/\/www.kapelanbio.com\/de\/wp-json\/wp\/v2\/pages\/75122"}],"wp:attachment":[{"href":"https:\/\/www.kapelanbio.com\/de\/wp-json\/wp\/v2\/media?parent=75132"}],"curies":[{"name":"wp","href":"https:\/\/api.w.org\/{rel}","templated":true}]}}