{"id":75423,"date":"2025-12-16T18:30:18","date_gmt":"2025-12-16T18:30:18","guid":{"rendered":"https:\/\/v7.kapelanbio.com\/multi-mode-multi-app-the-3ma-concept\/"},"modified":"2026-01-13T15:58:21","modified_gmt":"2026-01-13T15:58:21","slug":"multi-mode-multi-app-dase-3ma-konzept","status":"publish","type":"page","link":"https:\/\/www.kapelanbio.com\/de\/produkte\/labimage-software\/multi-mode-multi-app-dase-3ma-konzept\/","title":{"rendered":"Multi-Mode Multi-App \u2013 das 3MA Konzept"},"content":{"rendered":"<style>.elementor-75423 .elementor-element.elementor-element-9ebd049{--display:flex;--min-height:360px;--flex-direction:column;--container-widget-width:calc( ( 1 - var( --container-widget-flex-grow ) ) * 100% );--container-widget-height:initial;--container-widget-flex-grow:0;--container-widget-align-self:initial;--flex-wrap-mobile:wrap;--justify-content:center;--align-items:flex-start;}.elementor-75423 .elementor-element.elementor-element-9ebd049:not(.elementor-motion-effects-element-type-background), .elementor-75423 .elementor-element.elementor-element-9ebd049 > .elementor-motion-effects-container > .elementor-motion-effects-layer{background-image:url(\"https:\/\/www.kapelanbio.com\/wp-content\/uploads\/2025\/10\/labimage-header-V6-ohne-Text-251015-scaled-1.jpg\");background-position:center center;background-repeat:no-repeat;background-size:cover;}.elementor-75423 .elementor-element.elementor-element-c239727{--display:flex;--padding-top:0px;--padding-bottom:0px;--padding-left:0px;--padding-right:0px;}.elementor-75423 .elementor-element.elementor-element-c239727.e-con{--flex-grow:0;--flex-shrink:0;}.elementor-75423 .elementor-element.elementor-element-8223cdb .elementor-heading-title{font-family:\"Helvetica\", Sans-serif;font-size:60px;color:#FF6600;}.elementor-75423 .elementor-element.elementor-element-045fae5{--display:flex;--flex-direction:row;--container-widget-width:calc( ( 1 - var( --container-widget-flex-grow ) ) * 100% );--container-widget-height:100%;--container-widget-flex-grow:1;--container-widget-align-self:stretch;--flex-wrap-mobile:wrap;--align-items:flex-start;--gap:30px 30px;--row-gap:30px;--column-gap:30px;--padding-top:50px;--padding-bottom:50px;--padding-left:0px;--padding-right:15px;}.elementor-75423 .elementor-element.elementor-element-0c3820f{--display:flex;--flex-direction:column;--container-widget-width:100%;--container-widget-height:initial;--container-widget-flex-grow:0;--container-widget-align-self:initial;--flex-wrap-mobile:wrap;--padding-top:0px;--padding-bottom:0px;--padding-left:0px;--padding-right:0px;}.elementor-75423 .elementor-element.elementor-element-393f846 .elementor-heading-title{font-family:\"Helvetica\", Sans-serif;font-size:40px;font-weight:700;line-height:1.2;}.elementor-75423 .elementor-element.elementor-element-a746bf2{font-family:\"Open Sans\", Sans-serif;}@media(max-width:1024px){.elementor-75423 .elementor-element.elementor-element-9ebd049{--min-height:263px;--padding-top:0px;--padding-bottom:0px;--padding-left:20px;--padding-right:20px;}.elementor-75423 .elementor-element.elementor-element-8223cdb .elementor-heading-title{font-size:55px;}.elementor-75423 .elementor-element.elementor-element-045fae5{--padding-top:70px;--padding-bottom:70px;--padding-left:20px;--padding-right:20px;}.elementor-75423 .elementor-element.elementor-element-393f846 .elementor-heading-title{font-size:30px;}}@media(max-width:767px){.elementor-75423 .elementor-element.elementor-element-9ebd049{--min-height:203px;}.elementor-75423 .elementor-element.elementor-element-8223cdb .elementor-heading-title{font-size:40px;}.elementor-75423 .elementor-element.elementor-element-393f846 .elementor-heading-title{font-size:24px;line-height:1.2;}}@media(min-width:768px){.elementor-75423 .elementor-element.elementor-element-c239727{--width:55.189%;}.elementor-75423 .elementor-element.elementor-element-0c3820f{--width:80%;}}@media(max-width:1024px) and (min-width:768px){.elementor-75423 .elementor-element.elementor-element-c239727{--width:511px;}}@media(min-width:1025px){.elementor-75423 .elementor-element.elementor-element-9ebd049:not(.elementor-motion-effects-element-type-background), .elementor-75423 .elementor-element.elementor-element-9ebd049 > .elementor-motion-effects-container > .elementor-motion-effects-layer{background-attachment:scroll;}}<\/style>\t\t<div data-elementor-type=\"wp-page\" data-elementor-id=\"75423\" class=\"elementor elementor-75423 elementor-75411\" data-elementor-post-type=\"page\">\n\t\t\t\t<div class=\"elementor-element elementor-element-9ebd049 e-flex e-con-boxed e-con e-parent\" data-id=\"9ebd049\" data-element_type=\"container\" data-e-type=\"container\" data-settings=\"{&quot;background_background&quot;:&quot;classic&quot;}\">\n\t\t\t\t\t<div class=\"e-con-inner\">\n\t\t<div class=\"elementor-element elementor-element-c239727 e-con-full e-flex e-con e-child\" data-id=\"c239727\" data-element_type=\"container\" data-e-type=\"container\">\n\t\t\t\t<\/div>\n\t\t\t\t\t<\/div>\n\t\t\t\t<\/div>\n\t\t<div class=\"elementor-element elementor-element-045fae5 e-flex e-con-boxed e-con e-parent\" data-id=\"045fae5\" data-element_type=\"container\" data-e-type=\"container\">\n\t\t\t\t\t<div class=\"e-con-inner\">\n\t\t<div class=\"elementor-element elementor-element-0c3820f e-con-full e-flex e-con e-child\" data-id=\"0c3820f\" data-element_type=\"container\" data-e-type=\"container\">\n\t\t\t\t<div class=\"elementor-element elementor-element-393f846 elementor-widget elementor-widget-heading\" data-id=\"393f846\" data-element_type=\"widget\" data-e-type=\"widget\" data-widget_type=\"heading.default\">\n\t\t\t\t\t<h2 class=\"elementor-heading-title elementor-size-default\">Multi-Mode Multi-App - das 3 MA Konzept\n<\/h2>\t\t\t\t<\/div>\n\t\t\t\t<div class=\"elementor-element elementor-element-a746bf2 elementor-widget elementor-widget-text-editor\" data-id=\"a746bf2\" data-element_type=\"widget\" data-e-type=\"widget\" data-widget_type=\"text-editor.default\">\n\t\t\t\t\t\t\t\t\t<div class=\"elementor-element elementor-element-7bfb6e3 elementor-widget elementor-widget-text-editor\" data-id=\"7bfb6e3\" data-element_type=\"widget\" data-widget_type=\"text-editor.default\"><div class=\"elementor-widget-container\"><h5>LabImage 3MA-Konzept<\/h5><p>Das 3MA-Konzept ist eine v\u00f6llig neue Idee, um das Beste aus zwei Welten zu vereinen: Datenerfassung und Datenanalyse in einem einzigen, gut integrierten touch-basierten System f\u00fcr die Datenanalyse im Routineeinsatz.<\/p><h5>Der Multi-Mode-Teil<\/h5><p>Um das Beste aus Ihrem System herauszuholen, bildet eine umfassende und umfassende Ger\u00e4testeuerung die Grundlage f\u00fcr jedes 3MA-System. 3MA bietet eine individuelle Ger\u00e4testeuerung und f\u00fcgt die Steuerungsschritte in den von Ihnen ben\u00f6tigten Arbeitsablauf ein. In z.B. Mit LabImager MR k\u00f6nnen Sie Wei\u00dflicht-Fluoreszenzbilder von Proben auf 2 Mikroplatten erfassen. Abh\u00e4ngig vom erforderlichen Prozess wird der Erfassungsprozess definiert. Jeder Prozess kann daher v\u00f6llig unterschiedlich sein, basiert aber dennoch auf demselben Ger\u00e4t. Sie k\u00f6nnen Ihr Ger\u00e4t f\u00fcr mehrere Anwendungen verwenden, da jeder Vorgang aus einer Kombination einzelner Schritte besteht.<\/p><h5>Der Multi-App-Teil<\/h5><p>Apps \u00fcbernehmen jetzt die Kontrolle und bieten genau die Analyseschritte an, die Sie ben\u00f6tigen. Jede App ist individuell auf den von Ihnen ben\u00f6tigten Prozess zugeschnitten, basiert aber dennoch auf demselben Ger\u00e4t und denselben Funktionen. Apps k\u00f6nnen aus einem Anwendungspool ausgew\u00e4hlt und auf das System geladen werden. Die Steuerungs- und Analyseschritte sind in einer einfachen, aber unkomplizierten Benutzeroberfl\u00e4che zusammengefasst. Mit Ihrem Ger\u00e4t k\u00f6nnen Sie die ben\u00f6tigten Bilddaten erfassen und bei Bedarf eine Analyse durchf\u00fchren.<\/p><\/div><\/div>\t\t\t\t\t\t\t\t<\/div>\n\t\t\t\t<\/div>\n\t\t\t\t\t<\/div>\n\t\t\t\t<\/div>\n\t\t\t\t<\/div>\n\t\t","protected":false},"excerpt":{"rendered":"<p>Multi-Mode Multi-App &#8211; das 3 MA Konzept LabImage 3MA-Konzept Das 3MA-Konzept ist eine v\u00f6llig neue Idee, um das Beste aus zwei Welten zu vereinen: Datenerfassung und Datenanalyse in einem einzigen, gut integrierten touch-basierten System f\u00fcr die Datenanalyse im Routineeinsatz. Der Multi-Mode-Teil Um das Beste aus Ihrem System herauszuholen, bildet eine umfassende und umfassende Ger\u00e4testeuerung die [&hellip;]<\/p>\n","protected":false},"author":2,"featured_media":0,"parent":75087,"menu_order":0,"comment_status":"closed","ping_status":"closed","template":"elementor_header_footer","meta":{"footnotes":""},"class_list":["post-75423","page","type-page","status-publish","hentry"],"blocksy_meta":[],"yoast_head":"<title>Multi-Mode Multi-App \u2013 das 3MA Konzept - Kapelan Bio-Imaging<\/title>\n<meta name=\"robots\" content=\"index, follow, max-snippet:-1, max-image-preview:large, max-video-preview:-1\" \/>\n<link rel=\"canonical\" href=\"https:\/\/www.kapelanbio.com\/de\/produkte\/labimage-software\/multi-mode-multi-app-dase-3ma-konzept\/\" \/>\n<meta property=\"og:locale\" content=\"de_DE\" \/>\n<meta property=\"og:type\" content=\"article\" \/>\n<meta property=\"og:title\" content=\"Multi-Mode Multi-App \u2013 das 3MA Konzept - Kapelan Bio-Imaging\" \/>\n<meta property=\"og:description\" content=\"Multi-Mode Multi-App &#8211; das 3 MA Konzept LabImage 3MA-Konzept Das 3MA-Konzept ist eine v\u00f6llig neue Idee, um das Beste aus zwei Welten zu vereinen: Datenerfassung und Datenanalyse in einem einzigen, gut integrierten touch-basierten System f\u00fcr die Datenanalyse im Routineeinsatz. Der Multi-Mode-Teil Um das Beste aus Ihrem System herauszuholen, bildet eine umfassende und umfassende Ger\u00e4testeuerung die [&hellip;]\" \/>\n<meta property=\"og:url\" content=\"https:\/\/www.kapelanbio.com\/de\/produkte\/labimage-software\/multi-mode-multi-app-dase-3ma-konzept\/\" \/>\n<meta property=\"og:site_name\" content=\"Kapelan Bio-Imaging\" \/>\n<meta property=\"article:publisher\" content=\"https:\/\/www.facebook.com\/kapelanbio\" \/>\n<meta property=\"article:modified_time\" content=\"2026-01-13T15:58:21+00:00\" \/>\n<meta name=\"twitter:card\" content=\"summary_large_image\" \/>\n<meta name=\"twitter:site\" content=\"@kapelanbio\" \/>\n<meta name=\"twitter:label1\" content=\"Gesch\u00e4tzte Lesezeit\" \/>\n\t<meta name=\"twitter:data1\" content=\"1\u00a0Minute\" \/>\n<script type=\"application\/ld+json\" class=\"yoast-schema-graph\">{\"@context\":\"https:\/\/schema.org\",\"@graph\":[{\"@type\":\"WebPage\",\"@id\":\"https:\/\/www.kapelanbio.com\/de\/produkte\/labimage-software\/multi-mode-multi-app-dase-3ma-konzept\/\",\"url\":\"https:\/\/www.kapelanbio.com\/de\/produkte\/labimage-software\/multi-mode-multi-app-dase-3ma-konzept\/\",\"name\":\"Multi-Mode Multi-App \u2013 das 3MA Konzept - Kapelan Bio-Imaging\",\"isPartOf\":{\"@id\":\"https:\/\/www.kapelanbio.com\/de\/#website\"},\"datePublished\":\"2025-12-16T18:30:18+00:00\",\"dateModified\":\"2026-01-13T15:58:21+00:00\",\"breadcrumb\":{\"@id\":\"https:\/\/www.kapelanbio.com\/de\/produkte\/labimage-software\/multi-mode-multi-app-dase-3ma-konzept\/#breadcrumb\"},\"inLanguage\":\"de\",\"potentialAction\":[{\"@type\":\"ReadAction\",\"target\":[\"https:\/\/www.kapelanbio.com\/de\/produkte\/labimage-software\/multi-mode-multi-app-dase-3ma-konzept\/\"]}]},{\"@type\":\"BreadcrumbList\",\"@id\":\"https:\/\/www.kapelanbio.com\/de\/produkte\/labimage-software\/multi-mode-multi-app-dase-3ma-konzept\/#breadcrumb\",\"itemListElement\":[{\"@type\":\"ListItem\",\"position\":1,\"name\":\"Home\",\"item\":\"https:\/\/www.kapelanbio.com\/de\/\"},{\"@type\":\"ListItem\",\"position\":2,\"name\":\"Produkte\",\"item\":\"https:\/\/www.kapelanbio.com\/de\/produkte\/\"},{\"@type\":\"ListItem\",\"position\":3,\"name\":\"LabImage-Software\",\"item\":\"https:\/\/www.kapelanbio.com\/de\/produkte\/labimage-software\/\"},{\"@type\":\"ListItem\",\"position\":4,\"name\":\"Multi-Mode Multi-App \u2013 das 3MA Konzept\"}]},{\"@type\":\"WebSite\",\"@id\":\"https:\/\/www.kapelanbio.com\/de\/#website\",\"url\":\"https:\/\/www.kapelanbio.com\/de\/\",\"name\":\"Kapelan Bio-Imaging\",\"description\":\"\",\"publisher\":{\"@id\":\"https:\/\/www.kapelanbio.com\/de\/#organization\"},\"potentialAction\":[{\"@type\":\"SearchAction\",\"target\":{\"@type\":\"EntryPoint\",\"urlTemplate\":\"https:\/\/www.kapelanbio.com\/de\/?s={search_term_string}\"},\"query-input\":{\"@type\":\"PropertyValueSpecification\",\"valueRequired\":true,\"valueName\":\"search_term_string\"}}],\"inLanguage\":\"de\"},{\"@type\":\"Organization\",\"@id\":\"https:\/\/www.kapelanbio.com\/de\/#organization\",\"name\":\"Kapelan Bio-Imaging\",\"url\":\"https:\/\/www.kapelanbio.com\/de\/\",\"logo\":{\"@type\":\"ImageObject\",\"inLanguage\":\"de\",\"@id\":\"https:\/\/www.kapelanbio.com\/de\/#\/schema\/logo\/image\/\",\"url\":\"https:\/\/www.kapelanbio.com\/wp-content\/uploads\/2025\/10\/Logo.png\",\"contentUrl\":\"https:\/\/www.kapelanbio.com\/wp-content\/uploads\/2025\/10\/Logo.png\",\"width\":250,\"height\":97,\"caption\":\"Kapelan Bio-Imaging\"},\"image\":{\"@id\":\"https:\/\/www.kapelanbio.com\/de\/#\/schema\/logo\/image\/\"},\"sameAs\":[\"https:\/\/www.facebook.com\/kapelanbio\",\"https:\/\/x.com\/kapelanbio\",\"http:\/\/www.youtube.com\/@kapelanbioimaging\",\"https:\/\/www.linkedin.com\/company\/kapelanbio\/\"]}]}<\/script>","yoast_head_json":{"title":"Multi-Mode Multi-App \u2013 das 3MA Konzept - Kapelan Bio-Imaging","robots":{"index":"index","follow":"follow","max-snippet":"max-snippet:-1","max-image-preview":"max-image-preview:large","max-video-preview":"max-video-preview:-1"},"canonical":"https:\/\/www.kapelanbio.com\/de\/produkte\/labimage-software\/multi-mode-multi-app-dase-3ma-konzept\/","og_locale":"de_DE","og_type":"article","og_title":"Multi-Mode Multi-App \u2013 das 3MA Konzept - Kapelan Bio-Imaging","og_description":"Multi-Mode Multi-App &#8211; das 3 MA Konzept LabImage 3MA-Konzept Das 3MA-Konzept ist eine v\u00f6llig neue Idee, um das Beste aus zwei Welten zu vereinen: Datenerfassung und Datenanalyse in einem einzigen, gut integrierten touch-basierten System f\u00fcr die Datenanalyse im Routineeinsatz. Der Multi-Mode-Teil Um das Beste aus Ihrem System herauszuholen, bildet eine umfassende und umfassende Ger\u00e4testeuerung die [&hellip;]","og_url":"https:\/\/www.kapelanbio.com\/de\/produkte\/labimage-software\/multi-mode-multi-app-dase-3ma-konzept\/","og_site_name":"Kapelan Bio-Imaging","article_publisher":"https:\/\/www.facebook.com\/kapelanbio","article_modified_time":"2026-01-13T15:58:21+00:00","twitter_card":"summary_large_image","twitter_site":"@kapelanbio","twitter_misc":{"Gesch\u00e4tzte Lesezeit":"1\u00a0Minute"},"schema":{"@context":"https:\/\/schema.org","@graph":[{"@type":"WebPage","@id":"https:\/\/www.kapelanbio.com\/de\/produkte\/labimage-software\/multi-mode-multi-app-dase-3ma-konzept\/","url":"https:\/\/www.kapelanbio.com\/de\/produkte\/labimage-software\/multi-mode-multi-app-dase-3ma-konzept\/","name":"Multi-Mode Multi-App \u2013 das 3MA Konzept - Kapelan Bio-Imaging","isPartOf":{"@id":"https:\/\/www.kapelanbio.com\/de\/#website"},"datePublished":"2025-12-16T18:30:18+00:00","dateModified":"2026-01-13T15:58:21+00:00","breadcrumb":{"@id":"https:\/\/www.kapelanbio.com\/de\/produkte\/labimage-software\/multi-mode-multi-app-dase-3ma-konzept\/#breadcrumb"},"inLanguage":"de","potentialAction":[{"@type":"ReadAction","target":["https:\/\/www.kapelanbio.com\/de\/produkte\/labimage-software\/multi-mode-multi-app-dase-3ma-konzept\/"]}]},{"@type":"BreadcrumbList","@id":"https:\/\/www.kapelanbio.com\/de\/produkte\/labimage-software\/multi-mode-multi-app-dase-3ma-konzept\/#breadcrumb","itemListElement":[{"@type":"ListItem","position":1,"name":"Home","item":"https:\/\/www.kapelanbio.com\/de\/"},{"@type":"ListItem","position":2,"name":"Produkte","item":"https:\/\/www.kapelanbio.com\/de\/produkte\/"},{"@type":"ListItem","position":3,"name":"LabImage-Software","item":"https:\/\/www.kapelanbio.com\/de\/produkte\/labimage-software\/"},{"@type":"ListItem","position":4,"name":"Multi-Mode Multi-App \u2013 das 3MA Konzept"}]},{"@type":"WebSite","@id":"https:\/\/www.kapelanbio.com\/de\/#website","url":"https:\/\/www.kapelanbio.com\/de\/","name":"Kapelan Bio-Imaging","description":"","publisher":{"@id":"https:\/\/www.kapelanbio.com\/de\/#organization"},"potentialAction":[{"@type":"SearchAction","target":{"@type":"EntryPoint","urlTemplate":"https:\/\/www.kapelanbio.com\/de\/?s={search_term_string}"},"query-input":{"@type":"PropertyValueSpecification","valueRequired":true,"valueName":"search_term_string"}}],"inLanguage":"de"},{"@type":"Organization","@id":"https:\/\/www.kapelanbio.com\/de\/#organization","name":"Kapelan Bio-Imaging","url":"https:\/\/www.kapelanbio.com\/de\/","logo":{"@type":"ImageObject","inLanguage":"de","@id":"https:\/\/www.kapelanbio.com\/de\/#\/schema\/logo\/image\/","url":"https:\/\/www.kapelanbio.com\/wp-content\/uploads\/2025\/10\/Logo.png","contentUrl":"https:\/\/www.kapelanbio.com\/wp-content\/uploads\/2025\/10\/Logo.png","width":250,"height":97,"caption":"Kapelan Bio-Imaging"},"image":{"@id":"https:\/\/www.kapelanbio.com\/de\/#\/schema\/logo\/image\/"},"sameAs":["https:\/\/www.facebook.com\/kapelanbio","https:\/\/x.com\/kapelanbio","http:\/\/www.youtube.com\/@kapelanbioimaging","https:\/\/www.linkedin.com\/company\/kapelanbio\/"]}]}},"_links":{"self":[{"href":"https:\/\/www.kapelanbio.com\/de\/wp-json\/wp\/v2\/pages\/75423","targetHints":{"allow":["GET"]}}],"collection":[{"href":"https:\/\/www.kapelanbio.com\/de\/wp-json\/wp\/v2\/pages"}],"about":[{"href":"https:\/\/www.kapelanbio.com\/de\/wp-json\/wp\/v2\/types\/page"}],"author":[{"embeddable":true,"href":"https:\/\/www.kapelanbio.com\/de\/wp-json\/wp\/v2\/users\/2"}],"replies":[{"embeddable":true,"href":"https:\/\/www.kapelanbio.com\/de\/wp-json\/wp\/v2\/comments?post=75423"}],"version-history":[{"count":14,"href":"https:\/\/www.kapelanbio.com\/de\/wp-json\/wp\/v2\/pages\/75423\/revisions"}],"predecessor-version":[{"id":76186,"href":"https:\/\/www.kapelanbio.com\/de\/wp-json\/wp\/v2\/pages\/75423\/revisions\/76186"}],"up":[{"embeddable":true,"href":"https:\/\/www.kapelanbio.com\/de\/wp-json\/wp\/v2\/pages\/75087"}],"wp:attachment":[{"href":"https:\/\/www.kapelanbio.com\/de\/wp-json\/wp\/v2\/media?parent=75423"}],"curies":[{"name":"wp","href":"https:\/\/api.w.org\/{rel}","templated":true}]}}