{"id":75738,"date":"2026-01-06T22:38:37","date_gmt":"2026-01-06T22:38:37","guid":{"rendered":"https:\/\/v7.kapelanbio.com\/loesungen\/anwendungen-in-der-medizinischen-bildverarbeitung\/"},"modified":"2026-01-12T21:12:24","modified_gmt":"2026-01-12T21:12:24","slug":"anwendungen-in-der-medizinischen-bildverarbeitung","status":"publish","type":"page","link":"https:\/\/www.kapelanbio.com\/de\/loesungen\/anwendungen-in-der-medizinischen-bildverarbeitung\/","title":{"rendered":"Anwendungen in der medizinischen Bildverarbeitung"},"content":{"rendered":"<style>.elementor-75738 .elementor-element.elementor-element-85725c1{--display:flex;--min-height:360px;--flex-direction:column;--container-widget-width:calc( ( 1 - var( --container-widget-flex-grow ) ) * 100% );--container-widget-height:initial;--container-widget-flex-grow:0;--container-widget-align-self:initial;--flex-wrap-mobile:wrap;--justify-content:center;--align-items:flex-start;}.elementor-75738 .elementor-element.elementor-element-85725c1:not(.elementor-motion-effects-element-type-background), .elementor-75738 .elementor-element.elementor-element-85725c1 > .elementor-motion-effects-container > .elementor-motion-effects-layer{background-image:url(\"https:\/\/www.kapelanbio.com\/wp-content\/uploads\/2025\/10\/labimage-header-V6-ohne-Text-251015-scaled-1.jpg\");background-position:center center;background-repeat:no-repeat;background-size:cover;}.elementor-75738 .elementor-element.elementor-element-c1c3efb{--display:flex;--padding-top:0px;--padding-bottom:0px;--padding-left:0px;--padding-right:0px;}.elementor-75738 .elementor-element.elementor-element-4d22341 .elementor-heading-title{font-family:\"Helvetica\", Sans-serif;font-size:60px;color:#FF6600;}.elementor-75738 .elementor-element.elementor-element-a522885{--display:flex;--flex-direction:row;--container-widget-width:calc( ( 1 - var( --container-widget-flex-grow ) ) * 100% );--container-widget-height:100%;--container-widget-flex-grow:1;--container-widget-align-self:stretch;--flex-wrap-mobile:wrap;--justify-content:center;--align-items:flex-start;--gap:30px 30px;--row-gap:30px;--column-gap:30px;--padding-top:30px;--padding-bottom:30px;--padding-left:0px;--padding-right:0px;}.elementor-75738 .elementor-element.elementor-element-f901ab7{--display:flex;--flex-direction:column;--container-widget-width:100%;--container-widget-height:initial;--container-widget-flex-grow:0;--container-widget-align-self:initial;--flex-wrap-mobile:wrap;--padding-top:0px;--padding-bottom:0px;--padding-left:0px;--padding-right:0px;}.elementor-75738 .elementor-element.elementor-element-ce592f2 .elementor-heading-title{font-family:\"Helvetica\", Sans-serif;line-height:1.4;}.elementor-75738 .elementor-element.elementor-element-ef8b795{font-family:\"Open Sans\", Sans-serif;}:root{--page-title-display:none;}@media(max-width:1024px){.elementor-75738 .elementor-element.elementor-element-85725c1{--min-height:263px;--padding-top:0px;--padding-bottom:0px;--padding-left:20px;--padding-right:20px;}.elementor-75738 .elementor-element.elementor-element-4d22341 .elementor-heading-title{font-size:55px;}.elementor-75738 .elementor-element.elementor-element-a522885{--padding-top:70px;--padding-bottom:70px;--padding-left:20px;--padding-right:20px;}.elementor-75738 .elementor-element.elementor-element-ce592f2 .elementor-heading-title{font-size:26px;}}@media(max-width:767px){.elementor-75738 .elementor-element.elementor-element-85725c1{--min-height:203px;}.elementor-75738 .elementor-element.elementor-element-4d22341 .elementor-heading-title{font-size:35px;}}@media(min-width:768px){.elementor-75738 .elementor-element.elementor-element-c1c3efb{--width:70%;}.elementor-75738 .elementor-element.elementor-element-f901ab7{--width:90%;}}@media(max-width:1024px) and (min-width:768px){.elementor-75738 .elementor-element.elementor-element-c1c3efb{--width:511px;}}@media(min-width:1025px){.elementor-75738 .elementor-element.elementor-element-85725c1:not(.elementor-motion-effects-element-type-background), .elementor-75738 .elementor-element.elementor-element-85725c1 > .elementor-motion-effects-container > .elementor-motion-effects-layer{background-attachment:scroll;}}<\/style>\t\t<div data-elementor-type=\"wp-page\" data-elementor-id=\"75738\" class=\"elementor elementor-75738 elementor-75718\" data-elementor-post-type=\"page\">\n\t\t\t\t<div class=\"elementor-element elementor-element-85725c1 e-flex e-con-boxed e-con e-parent\" data-id=\"85725c1\" data-element_type=\"container\" data-e-type=\"container\" data-settings=\"{&quot;background_background&quot;:&quot;classic&quot;}\">\n\t\t\t\t\t<div class=\"e-con-inner\">\n\t\t<div class=\"elementor-element elementor-element-c1c3efb e-con-full e-flex e-con e-child\" data-id=\"c1c3efb\" data-element_type=\"container\" data-e-type=\"container\">\n\t\t\t\t<\/div>\n\t\t\t\t\t<\/div>\n\t\t\t\t<\/div>\n\t\t<div class=\"elementor-element elementor-element-a522885 e-flex e-con-boxed e-con e-parent\" data-id=\"a522885\" data-element_type=\"container\" data-e-type=\"container\">\n\t\t\t\t\t<div class=\"e-con-inner\">\n\t\t<div class=\"elementor-element elementor-element-f901ab7 e-con-full e-flex e-con e-child\" data-id=\"f901ab7\" data-element_type=\"container\" data-e-type=\"container\">\n\t\t\t\t<div class=\"elementor-element elementor-element-ce592f2 elementor-widget elementor-widget-heading\" data-id=\"ce592f2\" data-element_type=\"widget\" data-e-type=\"widget\" data-widget_type=\"heading.default\">\n\t\t\t\t\t<h1 class=\"elementor-heading-title elementor-size-default\">Apps in der Medizinischen Bildverarbeitung: Eine Revolution in der Diagnose und Behandlung<\/h1>\t\t\t\t<\/div>\n\t\t\t\t<div class=\"elementor-element elementor-element-ef8b795 elementor-widget elementor-widget-text-editor\" data-id=\"ef8b795\" data-element_type=\"widget\" data-e-type=\"widget\" data-widget_type=\"text-editor.default\">\n\t\t\t\t\t\t\t\t\t<p>In der heutigen digitalen \u00c4ra er\u00f6ffnen Apps in der medizinischen Bildverarbeitung neue Horizonte f\u00fcr die Diagnose, \u00dcberwachung und Behandlung von Krankheiten bis hin zur Probenauswertung. Diese innovativen Anwendungen nutzen leistungsf\u00e4hige Algorithmen und fortschrittliche Bildverarbeitungstechniken zu analysieren und zu interpretieren. Hier sind einige Schl\u00fcsselaspekte, warum diese Entwicklung so sinnvoll ist und welche Anforderungen damit einhergehen:<\/p><p><strong>Wo ist der Einsatz sinnvoll?<\/strong><\/p><ol><li>Schnellere Diagnose: Apps in der medizinischen Bildverarbeitung erm\u00f6glichen es, medizinische Bilder in Echtzeit zu analysieren. Dadurch k\u00f6nnen \u00c4rzte schnellere und pr\u00e4zisere Diagnosen stellen, was insbesondere in Notfallsituationen lebensrettend sein kann. Aber auch im Bereich Life Science k\u00f6nnen Apps sehr gut unterst\u00fctzen.<\/li><li>Bessere Behandlungsentscheidungen: Durch die pr\u00e4zise Analyse von medizinischen Bildern k\u00f6nnen \u00c4rzte fundiertere Behandlungsentscheidungen treffen. Dies kann die Auswahl der optimalen Therapieoption oder die Planung chirurgischer Eingriffe verbessern.<\/li><li>Benutzerfreundlichkeit: Medizinische Fachkr\u00e4fte und Patienten m\u00fcssen die Apps einfach bedienen k\u00f6nnen, ohne umfangreiche Schulungen absolvieren zu m\u00fcssen. Eine intuitive Benutzeroberfl\u00e4che kann sehr gut unterst\u00fctzen.<\/li><\/ol><p>Kapelan verf\u00fcgt \u00fcber langj\u00e4hrige Erfahrung in der Bildverarbeitung und vereint Ger\u00e4testeuerung, Datenauswertung und Pr\u00e4sentation unter den Bedingungen der 21 CFR Part 11 und ISO 13485.<\/p><p>Diese Angebote werden nicht nur auf klassischen PC-Systemen sondern auch immer mehr als App auf dem Smartphone oder integrierten Systemen genutzt.<\/p><p>Unsere L\u00f6sungen bringen Datenauswertungen in eine App oder integrieren das Smartphone in Auswerteprozesse.<\/p><div class=\"elementor-column elementor-col-50 elementor-inner-column elementor-element elementor-element-16302a3\" data-id=\"16302a3\" data-element_type=\"column\"><div class=\"elementor-widget-wrap\">\u00a0<\/div><\/div>\t\t\t\t\t\t\t\t<\/div>\n\t\t\t\t<\/div>\n\t\t\t\t\t<\/div>\n\t\t\t\t<\/div>\n\t\t\t\t<\/div>\n\t\t","protected":false},"excerpt":{"rendered":"<p>Apps in der Medizinischen Bildverarbeitung: Eine Revolution in der Diagnose und Behandlung In der heutigen digitalen \u00c4ra er\u00f6ffnen Apps in der medizinischen Bildverarbeitung neue Horizonte f\u00fcr die Diagnose, \u00dcberwachung und Behandlung von Krankheiten bis hin zur Probenauswertung. Diese innovativen Anwendungen nutzen leistungsf\u00e4hige Algorithmen und fortschrittliche Bildverarbeitungstechniken zu analysieren und zu interpretieren. Hier sind einige Schl\u00fcsselaspekte, [&hellip;]<\/p>\n","protected":false},"author":2,"featured_media":0,"parent":75122,"menu_order":0,"comment_status":"closed","ping_status":"closed","template":"elementor_header_footer","meta":{"footnotes":""},"class_list":["post-75738","page","type-page","status-publish","hentry"],"blocksy_meta":[],"yoast_head":"<title>Anwendungen in der medizinischen Bildverarbeitung - Kapelan Bio-Imaging<\/title>\n<meta name=\"robots\" content=\"index, follow, max-snippet:-1, max-image-preview:large, max-video-preview:-1\" \/>\n<link rel=\"canonical\" href=\"https:\/\/www.kapelanbio.com\/de\/loesungen\/anwendungen-in-der-medizinischen-bildverarbeitung\/\" \/>\n<meta property=\"og:locale\" content=\"de_DE\" \/>\n<meta property=\"og:type\" content=\"article\" \/>\n<meta property=\"og:title\" content=\"Anwendungen in der medizinischen Bildverarbeitung - Kapelan Bio-Imaging\" \/>\n<meta property=\"og:description\" content=\"Apps in der Medizinischen Bildverarbeitung: Eine Revolution in der Diagnose und Behandlung In der heutigen digitalen \u00c4ra er\u00f6ffnen Apps in der medizinischen Bildverarbeitung neue Horizonte f\u00fcr die Diagnose, \u00dcberwachung und Behandlung von Krankheiten bis hin zur Probenauswertung. Diese innovativen Anwendungen nutzen leistungsf\u00e4hige Algorithmen und fortschrittliche Bildverarbeitungstechniken zu analysieren und zu interpretieren. Hier sind einige Schl\u00fcsselaspekte, [&hellip;]\" \/>\n<meta property=\"og:url\" content=\"https:\/\/www.kapelanbio.com\/de\/loesungen\/anwendungen-in-der-medizinischen-bildverarbeitung\/\" \/>\n<meta property=\"og:site_name\" content=\"Kapelan Bio-Imaging\" \/>\n<meta property=\"article:publisher\" content=\"https:\/\/www.facebook.com\/kapelanbio\" \/>\n<meta property=\"article:modified_time\" content=\"2026-01-12T21:12:24+00:00\" \/>\n<meta name=\"twitter:card\" content=\"summary_large_image\" \/>\n<meta name=\"twitter:site\" content=\"@kapelanbio\" \/>\n<meta name=\"twitter:label1\" content=\"Gesch\u00e4tzte Lesezeit\" \/>\n\t<meta name=\"twitter:data1\" content=\"1\u00a0Minute\" \/>\n<script type=\"application\/ld+json\" class=\"yoast-schema-graph\">{\"@context\":\"https:\/\/schema.org\",\"@graph\":[{\"@type\":\"WebPage\",\"@id\":\"https:\/\/www.kapelanbio.com\/de\/loesungen\/anwendungen-in-der-medizinischen-bildverarbeitung\/\",\"url\":\"https:\/\/www.kapelanbio.com\/de\/loesungen\/anwendungen-in-der-medizinischen-bildverarbeitung\/\",\"name\":\"Anwendungen in der medizinischen Bildverarbeitung - Kapelan Bio-Imaging\",\"isPartOf\":{\"@id\":\"https:\/\/www.kapelanbio.com\/de\/#website\"},\"datePublished\":\"2026-01-06T22:38:37+00:00\",\"dateModified\":\"2026-01-12T21:12:24+00:00\",\"breadcrumb\":{\"@id\":\"https:\/\/www.kapelanbio.com\/de\/loesungen\/anwendungen-in-der-medizinischen-bildverarbeitung\/#breadcrumb\"},\"inLanguage\":\"de\",\"potentialAction\":[{\"@type\":\"ReadAction\",\"target\":[\"https:\/\/www.kapelanbio.com\/de\/loesungen\/anwendungen-in-der-medizinischen-bildverarbeitung\/\"]}]},{\"@type\":\"BreadcrumbList\",\"@id\":\"https:\/\/www.kapelanbio.com\/de\/loesungen\/anwendungen-in-der-medizinischen-bildverarbeitung\/#breadcrumb\",\"itemListElement\":[{\"@type\":\"ListItem\",\"position\":1,\"name\":\"Home\",\"item\":\"https:\/\/www.kapelanbio.com\/de\/\"},{\"@type\":\"ListItem\",\"position\":2,\"name\":\"L\u00f6sungen\",\"item\":\"https:\/\/www.kapelanbio.com\/de\/loesungen\/\"},{\"@type\":\"ListItem\",\"position\":3,\"name\":\"Anwendungen in der medizinischen Bildverarbeitung\"}]},{\"@type\":\"WebSite\",\"@id\":\"https:\/\/www.kapelanbio.com\/de\/#website\",\"url\":\"https:\/\/www.kapelanbio.com\/de\/\",\"name\":\"Kapelan Bio-Imaging\",\"description\":\"\",\"publisher\":{\"@id\":\"https:\/\/www.kapelanbio.com\/de\/#organization\"},\"potentialAction\":[{\"@type\":\"SearchAction\",\"target\":{\"@type\":\"EntryPoint\",\"urlTemplate\":\"https:\/\/www.kapelanbio.com\/de\/?s={search_term_string}\"},\"query-input\":{\"@type\":\"PropertyValueSpecification\",\"valueRequired\":true,\"valueName\":\"search_term_string\"}}],\"inLanguage\":\"de\"},{\"@type\":\"Organization\",\"@id\":\"https:\/\/www.kapelanbio.com\/de\/#organization\",\"name\":\"Kapelan Bio-Imaging\",\"url\":\"https:\/\/www.kapelanbio.com\/de\/\",\"logo\":{\"@type\":\"ImageObject\",\"inLanguage\":\"de\",\"@id\":\"https:\/\/www.kapelanbio.com\/de\/#\/schema\/logo\/image\/\",\"url\":\"https:\/\/www.kapelanbio.com\/wp-content\/uploads\/2025\/10\/Logo.png\",\"contentUrl\":\"https:\/\/www.kapelanbio.com\/wp-content\/uploads\/2025\/10\/Logo.png\",\"width\":250,\"height\":97,\"caption\":\"Kapelan Bio-Imaging\"},\"image\":{\"@id\":\"https:\/\/www.kapelanbio.com\/de\/#\/schema\/logo\/image\/\"},\"sameAs\":[\"https:\/\/www.facebook.com\/kapelanbio\",\"https:\/\/x.com\/kapelanbio\",\"http:\/\/www.youtube.com\/@kapelanbioimaging\",\"https:\/\/www.linkedin.com\/company\/kapelanbio\/\"]}]}<\/script>","yoast_head_json":{"title":"Anwendungen in der medizinischen Bildverarbeitung - Kapelan Bio-Imaging","robots":{"index":"index","follow":"follow","max-snippet":"max-snippet:-1","max-image-preview":"max-image-preview:large","max-video-preview":"max-video-preview:-1"},"canonical":"https:\/\/www.kapelanbio.com\/de\/loesungen\/anwendungen-in-der-medizinischen-bildverarbeitung\/","og_locale":"de_DE","og_type":"article","og_title":"Anwendungen in der medizinischen Bildverarbeitung - Kapelan Bio-Imaging","og_description":"Apps in der Medizinischen Bildverarbeitung: Eine Revolution in der Diagnose und Behandlung In der heutigen digitalen \u00c4ra er\u00f6ffnen Apps in der medizinischen Bildverarbeitung neue Horizonte f\u00fcr die Diagnose, \u00dcberwachung und Behandlung von Krankheiten bis hin zur Probenauswertung. Diese innovativen Anwendungen nutzen leistungsf\u00e4hige Algorithmen und fortschrittliche Bildverarbeitungstechniken zu analysieren und zu interpretieren. Hier sind einige Schl\u00fcsselaspekte, [&hellip;]","og_url":"https:\/\/www.kapelanbio.com\/de\/loesungen\/anwendungen-in-der-medizinischen-bildverarbeitung\/","og_site_name":"Kapelan Bio-Imaging","article_publisher":"https:\/\/www.facebook.com\/kapelanbio","article_modified_time":"2026-01-12T21:12:24+00:00","twitter_card":"summary_large_image","twitter_site":"@kapelanbio","twitter_misc":{"Gesch\u00e4tzte Lesezeit":"1\u00a0Minute"},"schema":{"@context":"https:\/\/schema.org","@graph":[{"@type":"WebPage","@id":"https:\/\/www.kapelanbio.com\/de\/loesungen\/anwendungen-in-der-medizinischen-bildverarbeitung\/","url":"https:\/\/www.kapelanbio.com\/de\/loesungen\/anwendungen-in-der-medizinischen-bildverarbeitung\/","name":"Anwendungen in der medizinischen Bildverarbeitung - Kapelan Bio-Imaging","isPartOf":{"@id":"https:\/\/www.kapelanbio.com\/de\/#website"},"datePublished":"2026-01-06T22:38:37+00:00","dateModified":"2026-01-12T21:12:24+00:00","breadcrumb":{"@id":"https:\/\/www.kapelanbio.com\/de\/loesungen\/anwendungen-in-der-medizinischen-bildverarbeitung\/#breadcrumb"},"inLanguage":"de","potentialAction":[{"@type":"ReadAction","target":["https:\/\/www.kapelanbio.com\/de\/loesungen\/anwendungen-in-der-medizinischen-bildverarbeitung\/"]}]},{"@type":"BreadcrumbList","@id":"https:\/\/www.kapelanbio.com\/de\/loesungen\/anwendungen-in-der-medizinischen-bildverarbeitung\/#breadcrumb","itemListElement":[{"@type":"ListItem","position":1,"name":"Home","item":"https:\/\/www.kapelanbio.com\/de\/"},{"@type":"ListItem","position":2,"name":"L\u00f6sungen","item":"https:\/\/www.kapelanbio.com\/de\/loesungen\/"},{"@type":"ListItem","position":3,"name":"Anwendungen in der medizinischen Bildverarbeitung"}]},{"@type":"WebSite","@id":"https:\/\/www.kapelanbio.com\/de\/#website","url":"https:\/\/www.kapelanbio.com\/de\/","name":"Kapelan Bio-Imaging","description":"","publisher":{"@id":"https:\/\/www.kapelanbio.com\/de\/#organization"},"potentialAction":[{"@type":"SearchAction","target":{"@type":"EntryPoint","urlTemplate":"https:\/\/www.kapelanbio.com\/de\/?s={search_term_string}"},"query-input":{"@type":"PropertyValueSpecification","valueRequired":true,"valueName":"search_term_string"}}],"inLanguage":"de"},{"@type":"Organization","@id":"https:\/\/www.kapelanbio.com\/de\/#organization","name":"Kapelan Bio-Imaging","url":"https:\/\/www.kapelanbio.com\/de\/","logo":{"@type":"ImageObject","inLanguage":"de","@id":"https:\/\/www.kapelanbio.com\/de\/#\/schema\/logo\/image\/","url":"https:\/\/www.kapelanbio.com\/wp-content\/uploads\/2025\/10\/Logo.png","contentUrl":"https:\/\/www.kapelanbio.com\/wp-content\/uploads\/2025\/10\/Logo.png","width":250,"height":97,"caption":"Kapelan Bio-Imaging"},"image":{"@id":"https:\/\/www.kapelanbio.com\/de\/#\/schema\/logo\/image\/"},"sameAs":["https:\/\/www.facebook.com\/kapelanbio","https:\/\/x.com\/kapelanbio","http:\/\/www.youtube.com\/@kapelanbioimaging","https:\/\/www.linkedin.com\/company\/kapelanbio\/"]}]}},"_links":{"self":[{"href":"https:\/\/www.kapelanbio.com\/de\/wp-json\/wp\/v2\/pages\/75738","targetHints":{"allow":["GET"]}}],"collection":[{"href":"https:\/\/www.kapelanbio.com\/de\/wp-json\/wp\/v2\/pages"}],"about":[{"href":"https:\/\/www.kapelanbio.com\/de\/wp-json\/wp\/v2\/types\/page"}],"author":[{"embeddable":true,"href":"https:\/\/www.kapelanbio.com\/de\/wp-json\/wp\/v2\/users\/2"}],"replies":[{"embeddable":true,"href":"https:\/\/www.kapelanbio.com\/de\/wp-json\/wp\/v2\/comments?post=75738"}],"version-history":[{"count":6,"href":"https:\/\/www.kapelanbio.com\/de\/wp-json\/wp\/v2\/pages\/75738\/revisions"}],"predecessor-version":[{"id":76099,"href":"https:\/\/www.kapelanbio.com\/de\/wp-json\/wp\/v2\/pages\/75738\/revisions\/76099"}],"up":[{"embeddable":true,"href":"https:\/\/www.kapelanbio.com\/de\/wp-json\/wp\/v2\/pages\/75122"}],"wp:attachment":[{"href":"https:\/\/www.kapelanbio.com\/de\/wp-json\/wp\/v2\/media?parent=75738"}],"curies":[{"name":"wp","href":"https:\/\/api.w.org\/{rel}","templated":true}]}}