{"id":75744,"date":"2025-12-19T16:27:23","date_gmt":"2025-12-19T16:27:23","guid":{"rendered":"https:\/\/v7.kapelanbio.com\/disclaimer\/"},"modified":"2026-01-13T22:14:13","modified_gmt":"2026-01-13T22:14:13","slug":"haftungsausschluss","status":"publish","type":"page","link":"https:\/\/www.kapelanbio.com\/de\/haftungsausschluss\/","title":{"rendered":"Haftungsausschlu\u00df"},"content":{"rendered":"<style>.elementor-75744 .elementor-element.elementor-element-514d3ba{--display:flex;--min-height:360px;--flex-direction:column;--container-widget-width:calc( ( 1 - var( --container-widget-flex-grow ) ) * 100% );--container-widget-height:initial;--container-widget-flex-grow:0;--container-widget-align-self:initial;--flex-wrap-mobile:wrap;--justify-content:center;--align-items:flex-start;}.elementor-75744 .elementor-element.elementor-element-514d3ba:not(.elementor-motion-effects-element-type-background), .elementor-75744 .elementor-element.elementor-element-514d3ba > .elementor-motion-effects-container > .elementor-motion-effects-layer{background-image:url(\"https:\/\/www.kapelanbio.com\/wp-content\/uploads\/2025\/10\/labimage-header-V6-ohne-Text-251015-scaled-1.jpg\");background-position:center center;background-repeat:no-repeat;background-size:cover;}.elementor-75744 .elementor-element.elementor-element-7b7c7e3{--display:flex;--padding-top:0px;--padding-bottom:0px;--padding-left:0px;--padding-right:0px;}.elementor-75744 .elementor-element.elementor-element-ef6c0d8 .elementor-heading-title{font-family:\"Helvetica\", Sans-serif;font-size:60px;color:#FF6600;}.elementor-75744 .elementor-element.elementor-element-13b27df{--display:flex;--flex-direction:row;--container-widget-width:calc( ( 1 - var( --container-widget-flex-grow ) ) * 100% );--container-widget-height:100%;--container-widget-flex-grow:1;--container-widget-align-self:stretch;--flex-wrap-mobile:wrap;--align-items:flex-start;--gap:30px 30px;--row-gap:30px;--column-gap:30px;--padding-top:100px;--padding-bottom:100px;--padding-left:0px;--padding-right:0px;}.elementor-75744 .elementor-element.elementor-element-7b5464d{font-family:\"Open Sans\", Sans-serif;}@media(max-width:1024px){.elementor-75744 .elementor-element.elementor-element-514d3ba{--min-height:263px;--padding-top:0px;--padding-bottom:0px;--padding-left:20px;--padding-right:20px;}.elementor-75744 .elementor-element.elementor-element-ef6c0d8 .elementor-heading-title{font-size:55px;}.elementor-75744 .elementor-element.elementor-element-13b27df{--padding-top:70px;--padding-bottom:70px;--padding-left:20px;--padding-right:20px;}}@media(max-width:767px){.elementor-75744 .elementor-element.elementor-element-514d3ba{--min-height:203px;}.elementor-75744 .elementor-element.elementor-element-ef6c0d8 .elementor-heading-title{font-size:40px;}}@media(min-width:768px){.elementor-75744 .elementor-element.elementor-element-7b7c7e3{--width:56%;}}@media(max-width:1024px) and (min-width:768px){.elementor-75744 .elementor-element.elementor-element-7b7c7e3{--width:511px;}}@media(min-width:1025px){.elementor-75744 .elementor-element.elementor-element-514d3ba:not(.elementor-motion-effects-element-type-background), .elementor-75744 .elementor-element.elementor-element-514d3ba > .elementor-motion-effects-container > .elementor-motion-effects-layer{background-attachment:scroll;}}<\/style>\t\t<div data-elementor-type=\"wp-page\" data-elementor-id=\"75744\" class=\"elementor elementor-75744 elementor-75548\" data-elementor-post-type=\"page\">\n\t\t\t\t<div class=\"elementor-element elementor-element-514d3ba e-flex e-con-boxed e-con e-parent\" data-id=\"514d3ba\" data-element_type=\"container\" data-e-type=\"container\" data-settings=\"{&quot;background_background&quot;:&quot;classic&quot;}\">\n\t\t\t\t\t<div class=\"e-con-inner\">\n\t\t<div class=\"elementor-element elementor-element-7b7c7e3 e-con-full e-flex e-con e-child\" data-id=\"7b7c7e3\" data-element_type=\"container\" data-e-type=\"container\">\n\t\t\t\t<div class=\"elementor-element elementor-element-ef6c0d8 elementor-widget elementor-widget-heading\" data-id=\"ef6c0d8\" data-element_type=\"widget\" data-e-type=\"widget\" data-widget_type=\"heading.default\">\n\t\t\t\t\t<h1 class=\"elementor-heading-title elementor-size-default\">Haftungsausschlu\u00df<\/h1>\t\t\t\t<\/div>\n\t\t\t\t<\/div>\n\t\t\t\t\t<\/div>\n\t\t\t\t<\/div>\n\t\t<div class=\"elementor-element elementor-element-13b27df e-flex e-con-boxed e-con e-parent\" data-id=\"13b27df\" data-element_type=\"container\" data-e-type=\"container\">\n\t\t\t\t\t<div class=\"e-con-inner\">\n\t\t\t\t<div class=\"elementor-element elementor-element-7b5464d elementor-widget elementor-widget-text-editor\" data-id=\"7b5464d\" data-element_type=\"widget\" data-e-type=\"widget\" data-widget_type=\"text-editor.default\">\n\t\t\t\t\t\t\t\t\t<div class=\"page-content\"><div class=\"column two-thirds alpha\"><p class=\"bodytext\"><b>1. Inhalt <\/b><br \/>Der Autor beh\u00e4lt sich das Recht vor, nicht f\u00fcr die Aktualit\u00e4t, Richtigkeit, Vollst\u00e4ndigkeit oder Qualit\u00e4t der bereitgestellten Informationen verantwortlich zu sein. Haftungsanspr\u00fcche auf Sch\u00e4den, die durch die Nutzung der bereitgestellten Informationen, einschlie\u00dflich unvollst\u00e4ndiger oder fehlerhafter Informationen, entstehen, werden daher zur\u00fcckgewiesen.<br \/>Alle Angebote sind unverbindlich und unverbindlich. Teile der Seiten oder die vollst\u00e4ndige Ver\u00f6ffentlichung einschlie\u00dflich aller Angebote und Informationen k\u00f6nnen vom Autor ohne gesonderte Ank\u00fcndigung erweitert, ge\u00e4ndert oder teilweise oder vollst\u00e4ndig gel\u00f6scht werden.<\/p><p class=\"bodytext\"><b>2. Verweise und Links <\/b><br \/>Der Autor ist nicht verantwortlich f\u00fcr Inhalte, die auf seinen Seiten verlinkt sind oder auf die er sich bezieht \u2013 es sei denn, er hat vollst\u00e4ndige Kenntnis von illegalen Inhalten und w\u00e4re in der Lage, die Besucher seiner Website davon abzuhalten, diese Seiten anzusehen. Wenn ein Schaden durch die Nutzung der dort dargestellten Informationen entsteht, kann nur der Autor der jeweiligen Seiten haftbar gemacht werden, nicht derjenige, der auf diese Seiten verlinkt hat. Dar\u00fcber hinaus haftet der Autor nicht f\u00fcr Postings oder Nachrichten, die von Nutzern von Diskussionsforen, G\u00e4steb\u00fcchern oder Mailinglisten auf seiner Seite ver\u00f6ffentlicht werden.<\/p><p class=\"bodytext\"><b>3. Copyright<\/b><br \/>Der Autor beabsichtigte, kein urheberrechtlich gesch\u00fctztes Material f\u00fcr die Ver\u00f6ffentlichung zu verwenden oder, falls nicht m\u00f6glich, das Urheberrecht des jeweiligen Objekts zu erheben. Die Urheberrechte f\u00fcr das vom Autor erstellte Material sind vorbehalten. Eine Vervielf\u00e4ltigung oder Verwendung von Objekten wie Diagrammen, Kl\u00e4ngen oder Texten in anderen elektronischen oder gedruckten Publikationen ist ohne Zustimmung des Autors nicht gestattet.<\/p><p class=\"bodytext\"><b>4. Datenschutz <\/b><br \/>Wenn die M\u00f6glichkeit zur Eingabe pers\u00f6nlicher oder gesch\u00e4ftlicher Daten (e-Mail-Adressen, Name, Adressen) gegeben ist, erfolgt die Eingabe dieser Daten freiwillig. Die Nutzung und Bezahlung aller angebotenen Dienstleistungen ist \u2013, wenn und soweit technisch m\u00f6glich und zumutbar \u2013 ohne Angabe von pers\u00f6nlichen Daten oder unter Angabe anonymisierter Daten oder eines Alias gestattet. Die Nutzung ver\u00f6ffentlichter Postadressen, Telefon-oder Faxnummern und e-Mail-Adressen zu Marketingzwecken ist untersagt, Straft\u00e4ter, die unerw\u00fcnschte Spam-Nachrichten verschicken, werden bestraft. Bitte lesen Sie unsere <a href=\"https:\/\/www.kapelanbio.com\/privacy.html\">Datenschutzbestimmungen<\/a>.<\/p><p class=\"bodytext\"><b>5. Rechtsg\u00fcltigkeit dieses Haftungsausschlusses <\/b><br \/>Dieser Haftungsausschluss ist als Teil der Internet-Publikation zu betrachten, von der Sie verwiesen wurden. Wenn Teile oder einzelne Bedingungen dieser Erkl\u00e4rung nicht rechtm\u00e4\u00dfig oder richtig sind, bleiben der Inhalt oder die G\u00fcltigkeit der anderen Teile von dieser Tatsache unber\u00fchrt.<\/p><\/div><\/div>\t\t\t\t\t\t\t\t<\/div>\n\t\t\t\t\t<\/div>\n\t\t\t\t<\/div>\n\t\t\t\t<\/div>\n\t\t","protected":false},"excerpt":{"rendered":"<p>Haftungsausschlu\u00df 1. Inhalt Der Autor beh\u00e4lt sich das Recht vor, nicht f\u00fcr die Aktualit\u00e4t, Richtigkeit, Vollst\u00e4ndigkeit oder Qualit\u00e4t der bereitgestellten Informationen verantwortlich zu sein. Haftungsanspr\u00fcche auf Sch\u00e4den, die durch die Nutzung der bereitgestellten Informationen, einschlie\u00dflich unvollst\u00e4ndiger oder fehlerhafter Informationen, entstehen, werden daher zur\u00fcckgewiesen.Alle Angebote sind unverbindlich und unverbindlich. Teile der Seiten oder die vollst\u00e4ndige Ver\u00f6ffentlichung [&hellip;]<\/p>\n","protected":false},"author":2,"featured_media":0,"parent":0,"menu_order":0,"comment_status":"closed","ping_status":"closed","template":"elementor_header_footer","meta":{"footnotes":""},"class_list":["post-75744","page","type-page","status-publish","hentry"],"blocksy_meta":[],"yoast_head":"<title>Haftungsausschlu\u00df - Kapelan Bio-Imaging<\/title>\n<meta name=\"robots\" content=\"index, follow, max-snippet:-1, max-image-preview:large, max-video-preview:-1\" \/>\n<link rel=\"canonical\" href=\"https:\/\/www.kapelanbio.com\/de\/haftungsausschluss\/\" \/>\n<meta property=\"og:locale\" content=\"de_DE\" \/>\n<meta property=\"og:type\" content=\"article\" \/>\n<meta property=\"og:title\" content=\"Haftungsausschlu\u00df - Kapelan Bio-Imaging\" \/>\n<meta property=\"og:description\" content=\"Haftungsausschlu\u00df 1. Inhalt Der Autor beh\u00e4lt sich das Recht vor, nicht f\u00fcr die Aktualit\u00e4t, Richtigkeit, Vollst\u00e4ndigkeit oder Qualit\u00e4t der bereitgestellten Informationen verantwortlich zu sein. Haftungsanspr\u00fcche auf Sch\u00e4den, die durch die Nutzung der bereitgestellten Informationen, einschlie\u00dflich unvollst\u00e4ndiger oder fehlerhafter Informationen, entstehen, werden daher zur\u00fcckgewiesen.Alle Angebote sind unverbindlich und unverbindlich. Teile der Seiten oder die vollst\u00e4ndige Ver\u00f6ffentlichung [&hellip;]\" \/>\n<meta property=\"og:url\" content=\"https:\/\/www.kapelanbio.com\/de\/haftungsausschluss\/\" \/>\n<meta property=\"og:site_name\" content=\"Kapelan Bio-Imaging\" \/>\n<meta property=\"article:publisher\" content=\"https:\/\/www.facebook.com\/kapelanbio\" \/>\n<meta property=\"article:modified_time\" content=\"2026-01-13T22:14:13+00:00\" \/>\n<meta name=\"twitter:card\" content=\"summary_large_image\" \/>\n<meta name=\"twitter:site\" content=\"@kapelanbio\" \/>\n<meta name=\"twitter:label1\" content=\"Gesch\u00e4tzte Lesezeit\" \/>\n\t<meta name=\"twitter:data1\" content=\"2\u00a0Minuten\" \/>\n<script type=\"application\/ld+json\" class=\"yoast-schema-graph\">{\"@context\":\"https:\/\/schema.org\",\"@graph\":[{\"@type\":\"WebPage\",\"@id\":\"https:\/\/www.kapelanbio.com\/de\/haftungsausschluss\/\",\"url\":\"https:\/\/www.kapelanbio.com\/de\/haftungsausschluss\/\",\"name\":\"Haftungsausschlu\u00df - Kapelan Bio-Imaging\",\"isPartOf\":{\"@id\":\"https:\/\/www.kapelanbio.com\/de\/#website\"},\"datePublished\":\"2025-12-19T16:27:23+00:00\",\"dateModified\":\"2026-01-13T22:14:13+00:00\",\"breadcrumb\":{\"@id\":\"https:\/\/www.kapelanbio.com\/de\/haftungsausschluss\/#breadcrumb\"},\"inLanguage\":\"de\",\"potentialAction\":[{\"@type\":\"ReadAction\",\"target\":[\"https:\/\/www.kapelanbio.com\/de\/haftungsausschluss\/\"]}]},{\"@type\":\"BreadcrumbList\",\"@id\":\"https:\/\/www.kapelanbio.com\/de\/haftungsausschluss\/#breadcrumb\",\"itemListElement\":[{\"@type\":\"ListItem\",\"position\":1,\"name\":\"Home\",\"item\":\"https:\/\/www.kapelanbio.com\/de\/\"},{\"@type\":\"ListItem\",\"position\":2,\"name\":\"Haftungsausschlu\u00df\"}]},{\"@type\":\"WebSite\",\"@id\":\"https:\/\/www.kapelanbio.com\/de\/#website\",\"url\":\"https:\/\/www.kapelanbio.com\/de\/\",\"name\":\"Kapelan Bio-Imaging\",\"description\":\"\",\"publisher\":{\"@id\":\"https:\/\/www.kapelanbio.com\/de\/#organization\"},\"potentialAction\":[{\"@type\":\"SearchAction\",\"target\":{\"@type\":\"EntryPoint\",\"urlTemplate\":\"https:\/\/www.kapelanbio.com\/de\/?s={search_term_string}\"},\"query-input\":{\"@type\":\"PropertyValueSpecification\",\"valueRequired\":true,\"valueName\":\"search_term_string\"}}],\"inLanguage\":\"de\"},{\"@type\":\"Organization\",\"@id\":\"https:\/\/www.kapelanbio.com\/de\/#organization\",\"name\":\"Kapelan Bio-Imaging\",\"url\":\"https:\/\/www.kapelanbio.com\/de\/\",\"logo\":{\"@type\":\"ImageObject\",\"inLanguage\":\"de\",\"@id\":\"https:\/\/www.kapelanbio.com\/de\/#\/schema\/logo\/image\/\",\"url\":\"https:\/\/www.kapelanbio.com\/wp-content\/uploads\/2025\/10\/Logo.png\",\"contentUrl\":\"https:\/\/www.kapelanbio.com\/wp-content\/uploads\/2025\/10\/Logo.png\",\"width\":250,\"height\":97,\"caption\":\"Kapelan Bio-Imaging\"},\"image\":{\"@id\":\"https:\/\/www.kapelanbio.com\/de\/#\/schema\/logo\/image\/\"},\"sameAs\":[\"https:\/\/www.facebook.com\/kapelanbio\",\"https:\/\/x.com\/kapelanbio\",\"http:\/\/www.youtube.com\/@kapelanbioimaging\",\"https:\/\/www.linkedin.com\/company\/kapelanbio\/\"]}]}<\/script>","yoast_head_json":{"title":"Haftungsausschlu\u00df - Kapelan Bio-Imaging","robots":{"index":"index","follow":"follow","max-snippet":"max-snippet:-1","max-image-preview":"max-image-preview:large","max-video-preview":"max-video-preview:-1"},"canonical":"https:\/\/www.kapelanbio.com\/de\/haftungsausschluss\/","og_locale":"de_DE","og_type":"article","og_title":"Haftungsausschlu\u00df - Kapelan Bio-Imaging","og_description":"Haftungsausschlu\u00df 1. Inhalt Der Autor beh\u00e4lt sich das Recht vor, nicht f\u00fcr die Aktualit\u00e4t, Richtigkeit, Vollst\u00e4ndigkeit oder Qualit\u00e4t der bereitgestellten Informationen verantwortlich zu sein. Haftungsanspr\u00fcche auf Sch\u00e4den, die durch die Nutzung der bereitgestellten Informationen, einschlie\u00dflich unvollst\u00e4ndiger oder fehlerhafter Informationen, entstehen, werden daher zur\u00fcckgewiesen.Alle Angebote sind unverbindlich und unverbindlich. Teile der Seiten oder die vollst\u00e4ndige Ver\u00f6ffentlichung [&hellip;]","og_url":"https:\/\/www.kapelanbio.com\/de\/haftungsausschluss\/","og_site_name":"Kapelan Bio-Imaging","article_publisher":"https:\/\/www.facebook.com\/kapelanbio","article_modified_time":"2026-01-13T22:14:13+00:00","twitter_card":"summary_large_image","twitter_site":"@kapelanbio","twitter_misc":{"Gesch\u00e4tzte Lesezeit":"2\u00a0Minuten"},"schema":{"@context":"https:\/\/schema.org","@graph":[{"@type":"WebPage","@id":"https:\/\/www.kapelanbio.com\/de\/haftungsausschluss\/","url":"https:\/\/www.kapelanbio.com\/de\/haftungsausschluss\/","name":"Haftungsausschlu\u00df - Kapelan Bio-Imaging","isPartOf":{"@id":"https:\/\/www.kapelanbio.com\/de\/#website"},"datePublished":"2025-12-19T16:27:23+00:00","dateModified":"2026-01-13T22:14:13+00:00","breadcrumb":{"@id":"https:\/\/www.kapelanbio.com\/de\/haftungsausschluss\/#breadcrumb"},"inLanguage":"de","potentialAction":[{"@type":"ReadAction","target":["https:\/\/www.kapelanbio.com\/de\/haftungsausschluss\/"]}]},{"@type":"BreadcrumbList","@id":"https:\/\/www.kapelanbio.com\/de\/haftungsausschluss\/#breadcrumb","itemListElement":[{"@type":"ListItem","position":1,"name":"Home","item":"https:\/\/www.kapelanbio.com\/de\/"},{"@type":"ListItem","position":2,"name":"Haftungsausschlu\u00df"}]},{"@type":"WebSite","@id":"https:\/\/www.kapelanbio.com\/de\/#website","url":"https:\/\/www.kapelanbio.com\/de\/","name":"Kapelan Bio-Imaging","description":"","publisher":{"@id":"https:\/\/www.kapelanbio.com\/de\/#organization"},"potentialAction":[{"@type":"SearchAction","target":{"@type":"EntryPoint","urlTemplate":"https:\/\/www.kapelanbio.com\/de\/?s={search_term_string}"},"query-input":{"@type":"PropertyValueSpecification","valueRequired":true,"valueName":"search_term_string"}}],"inLanguage":"de"},{"@type":"Organization","@id":"https:\/\/www.kapelanbio.com\/de\/#organization","name":"Kapelan Bio-Imaging","url":"https:\/\/www.kapelanbio.com\/de\/","logo":{"@type":"ImageObject","inLanguage":"de","@id":"https:\/\/www.kapelanbio.com\/de\/#\/schema\/logo\/image\/","url":"https:\/\/www.kapelanbio.com\/wp-content\/uploads\/2025\/10\/Logo.png","contentUrl":"https:\/\/www.kapelanbio.com\/wp-content\/uploads\/2025\/10\/Logo.png","width":250,"height":97,"caption":"Kapelan Bio-Imaging"},"image":{"@id":"https:\/\/www.kapelanbio.com\/de\/#\/schema\/logo\/image\/"},"sameAs":["https:\/\/www.facebook.com\/kapelanbio","https:\/\/x.com\/kapelanbio","http:\/\/www.youtube.com\/@kapelanbioimaging","https:\/\/www.linkedin.com\/company\/kapelanbio\/"]}]}},"_links":{"self":[{"href":"https:\/\/www.kapelanbio.com\/de\/wp-json\/wp\/v2\/pages\/75744","targetHints":{"allow":["GET"]}}],"collection":[{"href":"https:\/\/www.kapelanbio.com\/de\/wp-json\/wp\/v2\/pages"}],"about":[{"href":"https:\/\/www.kapelanbio.com\/de\/wp-json\/wp\/v2\/types\/page"}],"author":[{"embeddable":true,"href":"https:\/\/www.kapelanbio.com\/de\/wp-json\/wp\/v2\/users\/2"}],"replies":[{"embeddable":true,"href":"https:\/\/www.kapelanbio.com\/de\/wp-json\/wp\/v2\/comments?post=75744"}],"version-history":[{"count":8,"href":"https:\/\/www.kapelanbio.com\/de\/wp-json\/wp\/v2\/pages\/75744\/revisions"}],"predecessor-version":[{"id":76319,"href":"https:\/\/www.kapelanbio.com\/de\/wp-json\/wp\/v2\/pages\/75744\/revisions\/76319"}],"wp:attachment":[{"href":"https:\/\/www.kapelanbio.com\/de\/wp-json\/wp\/v2\/media?parent=75744"}],"curies":[{"name":"wp","href":"https:\/\/api.w.org\/{rel}","templated":true}]}}