{"id":75945,"date":"2026-01-06T23:19:04","date_gmt":"2026-01-06T23:19:04","guid":{"rendered":"https:\/\/v7.kapelanbio.com\/produkte\/labimager-reader\/unterstuetzte-leser\/dynablot-automatic\/"},"modified":"2026-01-07T01:53:50","modified_gmt":"2026-01-07T01:53:50","slug":"dynablot-automatic","status":"publish","type":"page","link":"https:\/\/www.kapelanbio.com\/de\/produkte\/labimager-reader\/unterstuetzte-leser\/dynablot-automatic\/","title":{"rendered":"Dynablot Automatic"},"content":{"rendered":"<style>.elementor-75945 .elementor-element.elementor-element-957a574{--display:flex;--min-height:360px;--flex-direction:column;--container-widget-width:calc( ( 1 - var( --container-widget-flex-grow ) ) * 100% );--container-widget-height:initial;--container-widget-flex-grow:0;--container-widget-align-self:initial;--flex-wrap-mobile:wrap;--justify-content:center;--align-items:flex-start;}.elementor-75945 .elementor-element.elementor-element-957a574:not(.elementor-motion-effects-element-type-background), .elementor-75945 .elementor-element.elementor-element-957a574 > .elementor-motion-effects-container > .elementor-motion-effects-layer{background-image:url(\"https:\/\/www.kapelanbio.com\/wp-content\/uploads\/2025\/10\/labimage-header-V6-ohne-Text-251015-scaled-1.jpg\");background-position:center center;background-repeat:no-repeat;background-size:cover;}.elementor-75945 .elementor-element.elementor-element-3419969{--display:flex;--padding-top:0px;--padding-bottom:0px;--padding-left:0px;--padding-right:0px;}.elementor-75945 .elementor-element.elementor-element-8d14085 .elementor-heading-title{font-family:\"Helvetica\", Sans-serif;font-size:60px;color:#FF6600;}.elementor-75945 .elementor-element.elementor-element-40b3371{--display:flex;--flex-direction:row;--container-widget-width:calc( ( 1 - var( --container-widget-flex-grow ) ) * 100% );--container-widget-height:100%;--container-widget-flex-grow:1;--container-widget-align-self:stretch;--flex-wrap-mobile:wrap;--align-items:flex-start;--gap:30px 30px;--row-gap:30px;--column-gap:30px;--padding-top:100px;--padding-bottom:100px;--padding-left:0px;--padding-right:0px;}.elementor-75945 .elementor-element.elementor-element-5a9812b{--display:flex;--flex-direction:column;--container-widget-width:100%;--container-widget-height:initial;--container-widget-flex-grow:0;--container-widget-align-self:initial;--flex-wrap-mobile:wrap;--padding-top:0px;--padding-bottom:0px;--padding-left:0px;--padding-right:0px;}.elementor-75945 .elementor-element.elementor-element-fe497dc .elementor-heading-title{font-family:\"Helvetica\", Sans-serif;font-size:30px;line-height:1.3;}.elementor-75945 .elementor-element.elementor-element-267a670{font-family:\"Open Sans\", Sans-serif;}.elementor-75945 .elementor-element.elementor-element-7c24f4f{text-align:start;margin:0px 0px calc(var(--kit-widget-spacing, 0px) + 0px) 0px;padding:15px 0px 15px 0px;}.elementor-75945 .elementor-element.elementor-element-7c24f4f img{width:40%;}.elementor-75945 .elementor-element.elementor-element-ab714c8{font-family:\"Open Sans\", Sans-serif;}.elementor-75945 .elementor-element.elementor-element-d6a8021{--display:flex;--flex-direction:column;--container-widget-width:100%;--container-widget-height:initial;--container-widget-flex-grow:0;--container-widget-align-self:initial;--flex-wrap-mobile:wrap;--border-radius:10px 10px 10px 10px;--margin-top:0px;--margin-bottom:1px;--margin-left:0px;--margin-right:0px;--padding-top:30px;--padding-bottom:30px;--padding-left:30px;--padding-right:30px;}.elementor-75945 .elementor-element.elementor-element-d6a8021:not(.elementor-motion-effects-element-type-background), .elementor-75945 .elementor-element.elementor-element-d6a8021 > .elementor-motion-effects-container > .elementor-motion-effects-layer{background-color:#1E5283;}.elementor-75945 .elementor-element.elementor-element-9f23a2d .elementor-heading-title{font-family:\"Helvetica\", Sans-serif;font-size:18px;color:#FFFFFF;}.elementor-75945 .elementor-element.elementor-element-2747953{font-family:\"Open Sans\", Sans-serif;color:#FFFFFF;}.elementor-75945 .elementor-element.elementor-element-c883897 .elementor-heading-title{font-family:\"Helvetica\", Sans-serif;font-size:18px;color:#FFFFFF;}.elementor-75945 .elementor-element.elementor-element-af45ac9{font-family:\"Open Sans\", Sans-serif;color:#FFFFFF;}.elementor-75945 .elementor-element.elementor-element-54358a7 .elementor-heading-title{font-family:\"Helvetica\", Sans-serif;font-size:18px;color:#FFFFFF;}.elementor-75945 .elementor-element.elementor-element-d733571{font-family:\"Open Sans\", Sans-serif;color:#FFFFFF;}.elementor-75945 .elementor-element.elementor-element-1e346eb .elementor-heading-title{font-family:\"Helvetica\", Sans-serif;font-size:18px;color:#FFFFFF;}.elementor-75945 .elementor-element.elementor-element-b9cb8c2{font-family:\"Open Sans\", Sans-serif;color:#FFFFFF;}@media(max-width:1024px){.elementor-75945 .elementor-element.elementor-element-957a574{--min-height:263px;--padding-top:0px;--padding-bottom:0px;--padding-left:20px;--padding-right:20px;}.elementor-75945 .elementor-element.elementor-element-8d14085 .elementor-heading-title{font-size:55px;}.elementor-75945 .elementor-element.elementor-element-40b3371{--padding-top:70px;--padding-bottom:70px;--padding-left:20px;--padding-right:20px;}.elementor-75945 .elementor-element.elementor-element-fe497dc .elementor-heading-title{font-size:26px;}}@media(max-width:767px){.elementor-75945 .elementor-element.elementor-element-957a574{--min-height:203px;}.elementor-75945 .elementor-element.elementor-element-8d14085 .elementor-heading-title{font-size:35px;}.elementor-75945 .elementor-element.elementor-element-7c24f4f img{width:70%;}}@media(min-width:768px){.elementor-75945 .elementor-element.elementor-element-3419969{--width:87%;}.elementor-75945 .elementor-element.elementor-element-5a9812b{--width:70%;}.elementor-75945 .elementor-element.elementor-element-d6a8021{--width:30%;}}@media(max-width:1024px) and (min-width:768px){.elementor-75945 .elementor-element.elementor-element-3419969{--width:511px;}.elementor-75945 .elementor-element.elementor-element-d6a8021{--width:35%;}}@media(min-width:1025px){.elementor-75945 .elementor-element.elementor-element-957a574:not(.elementor-motion-effects-element-type-background), .elementor-75945 .elementor-element.elementor-element-957a574 > .elementor-motion-effects-container > .elementor-motion-effects-layer{background-attachment:scroll;}}<\/style>\t\t<div data-elementor-type=\"wp-page\" data-elementor-id=\"75945\" class=\"elementor elementor-75945 elementor-75771\" data-elementor-post-type=\"page\">\n\t\t\t\t<div class=\"elementor-element elementor-element-957a574 e-flex e-con-boxed e-con e-parent\" data-id=\"957a574\" data-element_type=\"container\" data-e-type=\"container\" data-settings=\"{&quot;background_background&quot;:&quot;classic&quot;}\">\n\t\t\t\t\t<div class=\"e-con-inner\">\n\t\t<div class=\"elementor-element elementor-element-3419969 e-con-full e-flex e-con e-child\" data-id=\"3419969\" data-element_type=\"container\" data-e-type=\"container\">\n\t\t\t\t<\/div>\n\t\t\t\t\t<\/div>\n\t\t\t\t<\/div>\n\t\t<div class=\"elementor-element elementor-element-40b3371 e-flex e-con-boxed e-con e-parent\" data-id=\"40b3371\" data-element_type=\"container\" data-e-type=\"container\">\n\t\t\t\t\t<div class=\"e-con-inner\">\n\t\t<div class=\"elementor-element elementor-element-5a9812b e-con-full e-flex e-con e-child\" data-id=\"5a9812b\" data-element_type=\"container\" data-e-type=\"container\">\n\t\t\t\t<div class=\"elementor-element elementor-element-fe497dc elementor-widget elementor-widget-heading\" data-id=\"fe497dc\" data-element_type=\"widget\" data-e-type=\"widget\" data-widget_type=\"heading.default\">\n\t\t\t\t\t<h1 class=\"elementor-heading-title elementor-size-default\">Dynablot Automatic \u2013 Vollautomatisches Ger\u00e4t f\u00fcr Immunoblot- und Western-Blot-Assays<\/h1>\t\t\t\t<\/div>\n\t\t\t\t<div class=\"elementor-element elementor-element-267a670 elementor-widget elementor-widget-text-editor\" data-id=\"267a670\" data-element_type=\"widget\" data-e-type=\"widget\" data-widget_type=\"text-editor.default\">\n\t\t\t\t\t\t\t\t\t<p>Das Dynablot Automatic ist ein System, das die Blot-Verarbeitung vollst\u00e4ndig automatisiert, beginnend mit dem Pipettieren der Proben bis hin zur Aufnahme von Kamerabildern. Only insertion of samples in primary tubes and strips are required from an operator.<br>The instrument is fitted with reagents peristaltic pumps located at its front for easy use and handling. The pumps are capable of running in reverse. It assists the functions Antidrop (no drops at the end of tubing during dispensing) and Reagents saving (aspiration of dead volume back to reagent bottles after last dispensing).<br>The instrument integrates in <a href=\"https:\/\/v7.kapelanbio.com\/de\/produkte\/apps\/labimage-la-linien-assays-und-lateral-flow-tests\/\">LabImage LA<\/a> for best automation.<\/p>\t\t\t\t\t\t\t\t<\/div>\n\t\t\t\t<div class=\"elementor-element elementor-element-7c24f4f elementor-widget elementor-widget-image\" data-id=\"7c24f4f\" data-element_type=\"widget\" data-e-type=\"widget\" data-widget_type=\"image.default\">\n\t\t\t\t\t\t\t\t\t\t\t\t\t\t\t<img fetchpriority=\"high\" decoding=\"async\" width=\"300\" height=\"290\" src=\"https:\/\/www.kapelanbio.com\/wp-content\/uploads\/2025\/12\/dynablot_automatic_300-300x290-1.jpg\" class=\"attachment-full size-full wp-image-75137\" alt=\"\" \/>\t\t\t\t\t\t\t\t\t\t\t\t\t\t\t<\/div>\n\t\t\t\t<div class=\"elementor-element elementor-element-ab714c8 elementor-widget elementor-widget-text-editor\" data-id=\"ab714c8\" data-element_type=\"widget\" data-e-type=\"widget\" data-widget_type=\"text-editor.default\">\n\t\t\t\t\t\t\t\t\t<h4><strong>Instrument Features<\/strong><\/h4><p>Dynablot Automatic is a system which fully automates blot processing starting with samples being pipetted and finishes with camera image capture. Only insertion of samples in primary tubes and strips are required from an operator.<\/p><p>The instrument is fitted with reagents peristaltic pumps located at its front for easy use and handling. The pumps are capable of running in reverse. It assists the functions \u201cAntidrop\u201d (no drops at the end of tubing during dispensing) and \u00e2\u20acsReagents saving\u00e2\u20act (aspiration of dead volume back to reagent bottles after last dispensing).<\/p><p>The mixing of strip content during incubation is assisted by rocking the strip plate. Slow, medium or fast rocking speeds can be selected.<br>Used liquid media is removed by an integrated vacuum pump and then directed to a waste bottle with a level sensor.<\/p><p>All reagent tubing can be replaced easily.<\/p><p>Compact instrument dimensions (800 x 500 x 540 mm), weight (35 kg) and very quiet running are friendly to laboratory environments. The instrument power consumption is up to 50 W.<\/p>\t\t\t\t\t\t\t\t<\/div>\n\t\t\t\t<\/div>\n\t\t<div class=\"elementor-element elementor-element-d6a8021 e-con-full e-flex e-con e-child\" data-id=\"d6a8021\" data-element_type=\"container\" data-e-type=\"container\" data-settings=\"{&quot;background_background&quot;:&quot;classic&quot;}\">\n\t\t\t\t<div class=\"elementor-element elementor-element-9f23a2d elementor-widget elementor-widget-heading\" data-id=\"9f23a2d\" data-element_type=\"widget\" data-e-type=\"widget\" data-widget_type=\"heading.default\">\n\t\t\t\t\t<h1 class=\"elementor-heading-title elementor-size-default\">Instrument Controll\n\n<\/h1>\t\t\t\t<\/div>\n\t\t\t\t<div class=\"elementor-element elementor-element-2747953 elementor-widget elementor-widget-text-editor\" data-id=\"2747953\" data-element_type=\"widget\" data-e-type=\"widget\" data-widget_type=\"text-editor.default\">\n\t\t\t\t\t\t\t\t\t<ul><li>Controlled by PC (USB connection), SW language options<\/li><li>User friendly SW<\/li><li>Creating and importing of work lists, simultaneous running of varied (but compatible) assays<\/li><li>Saving and export of strip pictures for analysis in LabImage LA<\/li><\/ul>\t\t\t\t\t\t\t\t<\/div>\n\t\t\t\t<div class=\"elementor-element elementor-element-c883897 elementor-widget elementor-widget-heading\" data-id=\"c883897\" data-element_type=\"widget\" data-e-type=\"widget\" data-widget_type=\"heading.default\">\n\t\t\t\t\t<h1 class=\"elementor-heading-title elementor-size-default\">Sample Dispensing<\/h1>\t\t\t\t<\/div>\n\t\t\t\t<div class=\"elementor-element elementor-element-af45ac9 elementor-widget elementor-widget-text-editor\" data-id=\"af45ac9\" data-element_type=\"widget\" data-e-type=\"widget\" data-widget_type=\"text-editor.default\">\n\t\t\t\t\t\t\t\t\t<ul><li>Up to 44 positions in primary tubes rack<\/li><li>Variable strip plates can be used after setting up the machine<\/li><li>Primary tubes bar code reader<\/li><li>Precise syringe for pipetting primary samples<\/li><li>Capacitance level detection<\/li><li>Sample dilution will be directly done in the strip plate wells by one of the reagent pumps<\/li><\/ul>\t\t\t\t\t\t\t\t<\/div>\n\t\t\t\t<div class=\"elementor-element elementor-element-54358a7 elementor-widget elementor-widget-heading\" data-id=\"54358a7\" data-element_type=\"widget\" data-e-type=\"widget\" data-widget_type=\"heading.default\">\n\t\t\t\t\t<h1 class=\"elementor-heading-title elementor-size-default\">Reagent handling<\/h1>\t\t\t\t<\/div>\n\t\t\t\t<div class=\"elementor-element elementor-element-d733571 elementor-widget elementor-widget-text-editor\" data-id=\"d733571\" data-element_type=\"widget\" data-e-type=\"widget\" data-widget_type=\"text-editor.default\">\n\t\t\t\t\t\t\t\t\t<ul><li>Up to 44 strip plate positions<\/li><li>8 peristaltic pumps for reagent dispensing<\/li><li>Vacuum strip well aspiration function, 4 l bottle \u2013 warning and alarm level checking<\/li><li>Mixing during incubation is assisted by rocking the strip<\/li><\/ul>\t\t\t\t\t\t\t\t<\/div>\n\t\t\t\t<div class=\"elementor-element elementor-element-1e346eb elementor-widget elementor-widget-heading\" data-id=\"1e346eb\" data-element_type=\"widget\" data-e-type=\"widget\" data-widget_type=\"heading.default\">\n\t\t\t\t\t<h1 class=\"elementor-heading-title elementor-size-default\">Camera strip image capture<\/h1>\t\t\t\t<\/div>\n\t\t\t\t<div class=\"elementor-element elementor-element-b9cb8c2 elementor-widget elementor-widget-text-editor\" data-id=\"b9cb8c2\" data-element_type=\"widget\" data-e-type=\"widget\" data-widget_type=\"text-editor.default\">\n\t\t\t\t\t\t\t\t\t<ul><li>Up to 44 positions in primary tubes rack<\/li><li>Variable strip plates can be used after setting up the machine<\/li><li>Primary tubes bar code reader<\/li><li>Precise syringe for pipetting primary samples<\/li><li>Capacitance level detection<\/li><li>Die Probenverd\u00fcnnung erfolgt direkt in den Wells der Streifenplatte durch eine der Reagenzienpumpen.<\/li><\/ul>\t\t\t\t\t\t\t\t<\/div>\n\t\t\t\t<\/div>\n\t\t\t\t\t<\/div>\n\t\t\t\t<\/div>\n\t\t\t\t<\/div>\n\t\t","protected":false},"excerpt":{"rendered":"<p>Dynablot Automatic \u2013 Vollautomatisches Ger\u00e4t f\u00fcr Immunoblot- und Western-Blot-Assays Das Dynablot Automatic ist ein System, das die Blot-Verarbeitung vollst\u00e4ndig automatisiert, beginnend mit dem Pipettieren der Proben bis hin zur Aufnahme von Kamerabildern. Only insertion of samples in primary tubes and strips are required from an operator.The instrument is fitted with reagents peristaltic pumps located at [&hellip;]<\/p>\n","protected":false},"author":2,"featured_media":0,"parent":75114,"menu_order":0,"comment_status":"closed","ping_status":"closed","template":"elementor_header_footer","meta":{"footnotes":""},"class_list":["post-75945","page","type-page","status-publish","hentry"],"blocksy_meta":[],"yoast_head":"<title>Dynablot Automatic - Kapelan Bio-Imaging<\/title>\n<meta name=\"robots\" content=\"index, follow, max-snippet:-1, max-image-preview:large, max-video-preview:-1\" \/>\n<link rel=\"canonical\" href=\"https:\/\/www.kapelanbio.com\/de\/produkte\/labimager-reader\/unterstuetzte-leser\/dynablot-automatic\/\" \/>\n<meta property=\"og:locale\" content=\"de_DE\" \/>\n<meta property=\"og:type\" content=\"article\" \/>\n<meta property=\"og:title\" content=\"Dynablot Automatic - Kapelan Bio-Imaging\" \/>\n<meta property=\"og:description\" content=\"Dynablot Automatic \u2013 Vollautomatisches Ger\u00e4t f\u00fcr Immunoblot- und Western-Blot-Assays Das Dynablot Automatic ist ein System, das die Blot-Verarbeitung vollst\u00e4ndig automatisiert, beginnend mit dem Pipettieren der Proben bis hin zur Aufnahme von Kamerabildern. Only insertion of samples in primary tubes and strips are required from an operator.The instrument is fitted with reagents peristaltic pumps located at [&hellip;]\" \/>\n<meta property=\"og:url\" content=\"https:\/\/www.kapelanbio.com\/de\/produkte\/labimager-reader\/unterstuetzte-leser\/dynablot-automatic\/\" \/>\n<meta property=\"og:site_name\" content=\"Kapelan Bio-Imaging\" \/>\n<meta property=\"article:publisher\" content=\"https:\/\/www.facebook.com\/kapelanbio\" \/>\n<meta property=\"article:modified_time\" content=\"2026-01-07T01:53:50+00:00\" \/>\n<meta property=\"og:image\" content=\"https:\/\/v7.kapelanbio.com\/wp-content\/uploads\/2025\/12\/dynablot_automatic_300-300x290-1.jpg\" \/>\n<meta name=\"twitter:card\" content=\"summary_large_image\" \/>\n<meta name=\"twitter:site\" content=\"@kapelanbio\" \/>\n<meta name=\"twitter:label1\" content=\"Gesch\u00e4tzte Lesezeit\" \/>\n\t<meta name=\"twitter:data1\" content=\"2\u00a0Minuten\" \/>\n<script type=\"application\/ld+json\" class=\"yoast-schema-graph\">{\"@context\":\"https:\/\/schema.org\",\"@graph\":[{\"@type\":\"WebPage\",\"@id\":\"https:\/\/www.kapelanbio.com\/de\/produkte\/labimager-reader\/unterstuetzte-leser\/dynablot-automatic\/\",\"url\":\"https:\/\/www.kapelanbio.com\/de\/produkte\/labimager-reader\/unterstuetzte-leser\/dynablot-automatic\/\",\"name\":\"Dynablot Automatic - Kapelan Bio-Imaging\",\"isPartOf\":{\"@id\":\"https:\/\/www.kapelanbio.com\/de\/#website\"},\"primaryImageOfPage\":{\"@id\":\"https:\/\/www.kapelanbio.com\/de\/produkte\/labimager-reader\/unterstuetzte-leser\/dynablot-automatic\/#primaryimage\"},\"image\":{\"@id\":\"https:\/\/www.kapelanbio.com\/de\/produkte\/labimager-reader\/unterstuetzte-leser\/dynablot-automatic\/#primaryimage\"},\"thumbnailUrl\":\"https:\/\/v7.kapelanbio.com\/wp-content\/uploads\/2025\/12\/dynablot_automatic_300-300x290-1.jpg\",\"datePublished\":\"2026-01-06T23:19:04+00:00\",\"dateModified\":\"2026-01-07T01:53:50+00:00\",\"breadcrumb\":{\"@id\":\"https:\/\/www.kapelanbio.com\/de\/produkte\/labimager-reader\/unterstuetzte-leser\/dynablot-automatic\/#breadcrumb\"},\"inLanguage\":\"de\",\"potentialAction\":[{\"@type\":\"ReadAction\",\"target\":[\"https:\/\/www.kapelanbio.com\/de\/produkte\/labimager-reader\/unterstuetzte-leser\/dynablot-automatic\/\"]}]},{\"@type\":\"ImageObject\",\"inLanguage\":\"de\",\"@id\":\"https:\/\/www.kapelanbio.com\/de\/produkte\/labimager-reader\/unterstuetzte-leser\/dynablot-automatic\/#primaryimage\",\"url\":\"https:\/\/v7.kapelanbio.com\/wp-content\/uploads\/2025\/12\/dynablot_automatic_300-300x290-1.jpg\",\"contentUrl\":\"https:\/\/v7.kapelanbio.com\/wp-content\/uploads\/2025\/12\/dynablot_automatic_300-300x290-1.jpg\"},{\"@type\":\"BreadcrumbList\",\"@id\":\"https:\/\/www.kapelanbio.com\/de\/produkte\/labimager-reader\/unterstuetzte-leser\/dynablot-automatic\/#breadcrumb\",\"itemListElement\":[{\"@type\":\"ListItem\",\"position\":1,\"name\":\"Home\",\"item\":\"https:\/\/www.kapelanbio.com\/de\/\"},{\"@type\":\"ListItem\",\"position\":2,\"name\":\"Produkte\",\"item\":\"https:\/\/www.kapelanbio.com\/de\/produkte\/\"},{\"@type\":\"ListItem\",\"position\":3,\"name\":\"LabImager Reader\",\"item\":\"https:\/\/www.kapelanbio.com\/de\/produkte\/labimager-reader\/\"},{\"@type\":\"ListItem\",\"position\":4,\"name\":\"unterst\u00fctzte Leser\",\"item\":\"https:\/\/www.kapelanbio.com\/de\/produkte\/labimager-reader\/unterstuetzte-leser\/\"},{\"@type\":\"ListItem\",\"position\":5,\"name\":\"Dynablot Automatic\"}]},{\"@type\":\"WebSite\",\"@id\":\"https:\/\/www.kapelanbio.com\/de\/#website\",\"url\":\"https:\/\/www.kapelanbio.com\/de\/\",\"name\":\"Kapelan Bio-Imaging\",\"description\":\"\",\"publisher\":{\"@id\":\"https:\/\/www.kapelanbio.com\/de\/#organization\"},\"potentialAction\":[{\"@type\":\"SearchAction\",\"target\":{\"@type\":\"EntryPoint\",\"urlTemplate\":\"https:\/\/www.kapelanbio.com\/de\/?s={search_term_string}\"},\"query-input\":{\"@type\":\"PropertyValueSpecification\",\"valueRequired\":true,\"valueName\":\"search_term_string\"}}],\"inLanguage\":\"de\"},{\"@type\":\"Organization\",\"@id\":\"https:\/\/www.kapelanbio.com\/de\/#organization\",\"name\":\"Kapelan Bio-Imaging\",\"url\":\"https:\/\/www.kapelanbio.com\/de\/\",\"logo\":{\"@type\":\"ImageObject\",\"inLanguage\":\"de\",\"@id\":\"https:\/\/www.kapelanbio.com\/de\/#\/schema\/logo\/image\/\",\"url\":\"https:\/\/www.kapelanbio.com\/wp-content\/uploads\/2025\/10\/Logo.png\",\"contentUrl\":\"https:\/\/www.kapelanbio.com\/wp-content\/uploads\/2025\/10\/Logo.png\",\"width\":250,\"height\":97,\"caption\":\"Kapelan Bio-Imaging\"},\"image\":{\"@id\":\"https:\/\/www.kapelanbio.com\/de\/#\/schema\/logo\/image\/\"},\"sameAs\":[\"https:\/\/www.facebook.com\/kapelanbio\",\"https:\/\/x.com\/kapelanbio\",\"http:\/\/www.youtube.com\/@kapelanbioimaging\",\"https:\/\/www.linkedin.com\/company\/kapelanbio\/\"]}]}<\/script>","yoast_head_json":{"title":"Dynablot Automatic - Kapelan Bio-Imaging","robots":{"index":"index","follow":"follow","max-snippet":"max-snippet:-1","max-image-preview":"max-image-preview:large","max-video-preview":"max-video-preview:-1"},"canonical":"https:\/\/www.kapelanbio.com\/de\/produkte\/labimager-reader\/unterstuetzte-leser\/dynablot-automatic\/","og_locale":"de_DE","og_type":"article","og_title":"Dynablot Automatic - Kapelan Bio-Imaging","og_description":"Dynablot Automatic \u2013 Vollautomatisches Ger\u00e4t f\u00fcr Immunoblot- und Western-Blot-Assays Das Dynablot Automatic ist ein System, das die Blot-Verarbeitung vollst\u00e4ndig automatisiert, beginnend mit dem Pipettieren der Proben bis hin zur Aufnahme von Kamerabildern. Only insertion of samples in primary tubes and strips are required from an operator.The instrument is fitted with reagents peristaltic pumps located at [&hellip;]","og_url":"https:\/\/www.kapelanbio.com\/de\/produkte\/labimager-reader\/unterstuetzte-leser\/dynablot-automatic\/","og_site_name":"Kapelan Bio-Imaging","article_publisher":"https:\/\/www.facebook.com\/kapelanbio","article_modified_time":"2026-01-07T01:53:50+00:00","og_image":[{"url":"https:\/\/v7.kapelanbio.com\/wp-content\/uploads\/2025\/12\/dynablot_automatic_300-300x290-1.jpg","type":"","width":"","height":""}],"twitter_card":"summary_large_image","twitter_site":"@kapelanbio","twitter_misc":{"Gesch\u00e4tzte Lesezeit":"2\u00a0Minuten"},"schema":{"@context":"https:\/\/schema.org","@graph":[{"@type":"WebPage","@id":"https:\/\/www.kapelanbio.com\/de\/produkte\/labimager-reader\/unterstuetzte-leser\/dynablot-automatic\/","url":"https:\/\/www.kapelanbio.com\/de\/produkte\/labimager-reader\/unterstuetzte-leser\/dynablot-automatic\/","name":"Dynablot Automatic - Kapelan Bio-Imaging","isPartOf":{"@id":"https:\/\/www.kapelanbio.com\/de\/#website"},"primaryImageOfPage":{"@id":"https:\/\/www.kapelanbio.com\/de\/produkte\/labimager-reader\/unterstuetzte-leser\/dynablot-automatic\/#primaryimage"},"image":{"@id":"https:\/\/www.kapelanbio.com\/de\/produkte\/labimager-reader\/unterstuetzte-leser\/dynablot-automatic\/#primaryimage"},"thumbnailUrl":"https:\/\/v7.kapelanbio.com\/wp-content\/uploads\/2025\/12\/dynablot_automatic_300-300x290-1.jpg","datePublished":"2026-01-06T23:19:04+00:00","dateModified":"2026-01-07T01:53:50+00:00","breadcrumb":{"@id":"https:\/\/www.kapelanbio.com\/de\/produkte\/labimager-reader\/unterstuetzte-leser\/dynablot-automatic\/#breadcrumb"},"inLanguage":"de","potentialAction":[{"@type":"ReadAction","target":["https:\/\/www.kapelanbio.com\/de\/produkte\/labimager-reader\/unterstuetzte-leser\/dynablot-automatic\/"]}]},{"@type":"ImageObject","inLanguage":"de","@id":"https:\/\/www.kapelanbio.com\/de\/produkte\/labimager-reader\/unterstuetzte-leser\/dynablot-automatic\/#primaryimage","url":"https:\/\/v7.kapelanbio.com\/wp-content\/uploads\/2025\/12\/dynablot_automatic_300-300x290-1.jpg","contentUrl":"https:\/\/v7.kapelanbio.com\/wp-content\/uploads\/2025\/12\/dynablot_automatic_300-300x290-1.jpg"},{"@type":"BreadcrumbList","@id":"https:\/\/www.kapelanbio.com\/de\/produkte\/labimager-reader\/unterstuetzte-leser\/dynablot-automatic\/#breadcrumb","itemListElement":[{"@type":"ListItem","position":1,"name":"Home","item":"https:\/\/www.kapelanbio.com\/de\/"},{"@type":"ListItem","position":2,"name":"Produkte","item":"https:\/\/www.kapelanbio.com\/de\/produkte\/"},{"@type":"ListItem","position":3,"name":"LabImager Reader","item":"https:\/\/www.kapelanbio.com\/de\/produkte\/labimager-reader\/"},{"@type":"ListItem","position":4,"name":"unterst\u00fctzte Leser","item":"https:\/\/www.kapelanbio.com\/de\/produkte\/labimager-reader\/unterstuetzte-leser\/"},{"@type":"ListItem","position":5,"name":"Dynablot Automatic"}]},{"@type":"WebSite","@id":"https:\/\/www.kapelanbio.com\/de\/#website","url":"https:\/\/www.kapelanbio.com\/de\/","name":"Kapelan Bio-Imaging","description":"","publisher":{"@id":"https:\/\/www.kapelanbio.com\/de\/#organization"},"potentialAction":[{"@type":"SearchAction","target":{"@type":"EntryPoint","urlTemplate":"https:\/\/www.kapelanbio.com\/de\/?s={search_term_string}"},"query-input":{"@type":"PropertyValueSpecification","valueRequired":true,"valueName":"search_term_string"}}],"inLanguage":"de"},{"@type":"Organization","@id":"https:\/\/www.kapelanbio.com\/de\/#organization","name":"Kapelan Bio-Imaging","url":"https:\/\/www.kapelanbio.com\/de\/","logo":{"@type":"ImageObject","inLanguage":"de","@id":"https:\/\/www.kapelanbio.com\/de\/#\/schema\/logo\/image\/","url":"https:\/\/www.kapelanbio.com\/wp-content\/uploads\/2025\/10\/Logo.png","contentUrl":"https:\/\/www.kapelanbio.com\/wp-content\/uploads\/2025\/10\/Logo.png","width":250,"height":97,"caption":"Kapelan Bio-Imaging"},"image":{"@id":"https:\/\/www.kapelanbio.com\/de\/#\/schema\/logo\/image\/"},"sameAs":["https:\/\/www.facebook.com\/kapelanbio","https:\/\/x.com\/kapelanbio","http:\/\/www.youtube.com\/@kapelanbioimaging","https:\/\/www.linkedin.com\/company\/kapelanbio\/"]}]}},"_links":{"self":[{"href":"https:\/\/www.kapelanbio.com\/de\/wp-json\/wp\/v2\/pages\/75945","targetHints":{"allow":["GET"]}}],"collection":[{"href":"https:\/\/www.kapelanbio.com\/de\/wp-json\/wp\/v2\/pages"}],"about":[{"href":"https:\/\/www.kapelanbio.com\/de\/wp-json\/wp\/v2\/types\/page"}],"author":[{"embeddable":true,"href":"https:\/\/www.kapelanbio.com\/de\/wp-json\/wp\/v2\/users\/2"}],"replies":[{"embeddable":true,"href":"https:\/\/www.kapelanbio.com\/de\/wp-json\/wp\/v2\/comments?post=75945"}],"version-history":[{"count":1,"href":"https:\/\/www.kapelanbio.com\/de\/wp-json\/wp\/v2\/pages\/75945\/revisions"}],"predecessor-version":[{"id":75946,"href":"https:\/\/www.kapelanbio.com\/de\/wp-json\/wp\/v2\/pages\/75945\/revisions\/75946"}],"up":[{"embeddable":true,"href":"https:\/\/www.kapelanbio.com\/de\/wp-json\/wp\/v2\/pages\/75114"}],"wp:attachment":[{"href":"https:\/\/www.kapelanbio.com\/de\/wp-json\/wp\/v2\/media?parent=75945"}],"curies":[{"name":"wp","href":"https:\/\/api.w.org\/{rel}","templated":true}]}}