{"id":75977,"date":"2026-01-07T00:59:48","date_gmt":"2026-01-07T00:59:48","guid":{"rendered":"https:\/\/v7.kapelanbio.com\/produkte\/labimager-reader\/labimager-mr\/"},"modified":"2026-01-13T16:38:23","modified_gmt":"2026-01-13T16:38:23","slug":"labimager-tr-2","status":"publish","type":"page","link":"https:\/\/www.kapelanbio.com\/de\/produkte\/labimager-reader\/labimager-tr-2\/","title":{"rendered":"LabImager TR"},"content":{"rendered":"<style>.elementor-75977 .elementor-element.elementor-element-525ba57{--display:flex;--min-height:360px;--flex-direction:column;--container-widget-width:calc( ( 1 - var( --container-widget-flex-grow ) ) * 100% );--container-widget-height:initial;--container-widget-flex-grow:0;--container-widget-align-self:initial;--flex-wrap-mobile:wrap;--justify-content:center;--align-items:flex-start;}.elementor-75977 .elementor-element.elementor-element-525ba57:not(.elementor-motion-effects-element-type-background), .elementor-75977 .elementor-element.elementor-element-525ba57 > .elementor-motion-effects-container > .elementor-motion-effects-layer{background-image:url(\"https:\/\/www.kapelanbio.com\/wp-content\/uploads\/2025\/10\/labimage-header-V6-ohne-Text-251015-scaled-1.jpg\");background-position:center center;background-repeat:no-repeat;background-size:cover;}.elementor-75977 .elementor-element.elementor-element-df29db8{--display:flex;--padding-top:0px;--padding-bottom:0px;--padding-left:0px;--padding-right:0px;}.elementor-75977 .elementor-element.elementor-element-b232a27 .elementor-heading-title{font-family:\"Helvetica\", Sans-serif;font-size:60px;color:#FF6600;}.elementor-75977 .elementor-element.elementor-element-a26ed60{--display:flex;--flex-direction:row;--container-widget-width:calc( ( 1 - var( --container-widget-flex-grow ) ) * 100% );--container-widget-height:100%;--container-widget-flex-grow:1;--container-widget-align-self:stretch;--flex-wrap-mobile:wrap;--align-items:flex-start;--gap:30px 30px;--row-gap:30px;--column-gap:30px;--padding-top:100px;--padding-bottom:100px;--padding-left:0px;--padding-right:0px;}.elementor-75977 .elementor-element.elementor-element-00ad736{--display:flex;--flex-direction:column;--container-widget-width:100%;--container-widget-height:initial;--container-widget-flex-grow:0;--container-widget-align-self:initial;--flex-wrap-mobile:wrap;--padding-top:0px;--padding-bottom:0px;--padding-left:0px;--padding-right:0px;}.elementor-75977 .elementor-element.elementor-element-8419824 .elementor-heading-title{font-family:\"Helvetica\", Sans-serif;font-size:30px;line-height:1.3;}.elementor-75977 .elementor-element.elementor-element-04adbd0{text-align:start;margin:0px 0px calc(var(--kit-widget-spacing, 0px) + 0px) 0px;padding:15px 0px 15px 0px;}.elementor-75977 .elementor-element.elementor-element-04adbd0 img{width:50%;}.elementor-75977 .elementor-element.elementor-element-fed46de{font-family:\"Open Sans\", Sans-serif;}.elementor-75977 .elementor-element.elementor-element-b51d13b{--display:grid;--e-con-grid-template-columns:repeat(4, 1fr);--e-con-grid-template-rows:repeat(1, 1fr);--gap:5px 5px;--row-gap:5px;--column-gap:5px;--grid-auto-flow:row;--margin-top:0px;--margin-bottom:0px;--margin-left:0px;--margin-right:0px;--padding-top:0px;--padding-bottom:0px;--padding-left:0px;--padding-right:0px;}.elementor-75977 .elementor-element.elementor-element-c1e8ec5 img{width:100%;}.elementor-75977 .elementor-element.elementor-element-2df8ca7 img{width:100%;}.elementor-75977 .elementor-element.elementor-element-f21c07c img{width:100%;}.elementor-75977 .elementor-element.elementor-element-2e4c625 img{width:100%;}.elementor-75977 .elementor-element.elementor-element-2ef394f{--display:flex;--min-height:1255px;--flex-direction:column;--container-widget-width:100%;--container-widget-height:initial;--container-widget-flex-grow:0;--container-widget-align-self:initial;--flex-wrap-mobile:wrap;--border-radius:10px 10px 10px 10px;--margin-top:0px;--margin-bottom:1px;--margin-left:0px;--margin-right:0px;--padding-top:30px;--padding-bottom:30px;--padding-left:30px;--padding-right:30px;}.elementor-75977 .elementor-element.elementor-element-2ef394f:not(.elementor-motion-effects-element-type-background), .elementor-75977 .elementor-element.elementor-element-2ef394f > .elementor-motion-effects-container > .elementor-motion-effects-layer{background-color:#1E5283;}.elementor-75977 .elementor-element.elementor-element-52bd365 .elementor-heading-title{font-family:\"Helvetica\", Sans-serif;font-size:18px;color:#FFFFFF;}.elementor-75977 .elementor-element.elementor-element-98c1c3c{font-family:\"Open Sans\", Sans-serif;color:#FFFFFF;}.elementor-75977 .elementor-element.elementor-element-98c1c3c p{margin-block-end:10px;}.elementor-75977 .elementor-element.elementor-element-98c1c3c a{color:#FFFFFF;}@media(max-width:1024px){.elementor-75977 .elementor-element.elementor-element-525ba57{--min-height:263px;--padding-top:0px;--padding-bottom:0px;--padding-left:20px;--padding-right:20px;}.elementor-75977 .elementor-element.elementor-element-b232a27 .elementor-heading-title{font-size:55px;}.elementor-75977 .elementor-element.elementor-element-a26ed60{--padding-top:70px;--padding-bottom:70px;--padding-left:20px;--padding-right:20px;}.elementor-75977 .elementor-element.elementor-element-8419824 .elementor-heading-title{font-size:26px;}.elementor-75977 .elementor-element.elementor-element-b51d13b{--grid-auto-flow:row;}}@media(max-width:767px){.elementor-75977 .elementor-element.elementor-element-525ba57{--min-height:203px;}.elementor-75977 .elementor-element.elementor-element-b232a27 .elementor-heading-title{font-size:35px;}.elementor-75977 .elementor-element.elementor-element-04adbd0 img{width:70%;}.elementor-75977 .elementor-element.elementor-element-b51d13b{--e-con-grid-template-columns:repeat(1, 1fr);--grid-auto-flow:row;}.elementor-75977 .elementor-element.elementor-element-2ef394f{--min-height:auto;}}@media(min-width:768px){.elementor-75977 .elementor-element.elementor-element-df29db8{--width:87%;}.elementor-75977 .elementor-element.elementor-element-00ad736{--width:70%;}.elementor-75977 .elementor-element.elementor-element-2ef394f{--width:30%;}}@media(max-width:1024px) and (min-width:768px){.elementor-75977 .elementor-element.elementor-element-df29db8{--width:511px;}.elementor-75977 .elementor-element.elementor-element-2ef394f{--width:35%;}}@media(min-width:1025px){.elementor-75977 .elementor-element.elementor-element-525ba57:not(.elementor-motion-effects-element-type-background), .elementor-75977 .elementor-element.elementor-element-525ba57 > .elementor-motion-effects-container > .elementor-motion-effects-layer{background-attachment:scroll;}}<\/style>\t\t<div data-elementor-type=\"wp-page\" data-elementor-id=\"75977\" class=\"elementor elementor-75977 elementor-75842\" data-elementor-post-type=\"page\">\n\t\t\t\t<div class=\"elementor-element elementor-element-525ba57 e-flex e-con-boxed e-con e-parent\" data-id=\"525ba57\" data-element_type=\"container\" data-e-type=\"container\" data-settings=\"{&quot;background_background&quot;:&quot;classic&quot;}\">\n\t\t\t\t\t<div class=\"e-con-inner\">\n\t\t<div class=\"elementor-element elementor-element-df29db8 e-con-full e-flex e-con e-child\" data-id=\"df29db8\" data-element_type=\"container\" data-e-type=\"container\">\n\t\t\t\t<\/div>\n\t\t\t\t\t<\/div>\n\t\t\t\t<\/div>\n\t\t<div class=\"elementor-element elementor-element-a26ed60 e-flex e-con-boxed e-con e-parent\" data-id=\"a26ed60\" data-element_type=\"container\" data-e-type=\"container\">\n\t\t\t\t\t<div class=\"e-con-inner\">\n\t\t<div class=\"elementor-element elementor-element-00ad736 e-con-full e-flex e-con e-child\" data-id=\"00ad736\" data-element_type=\"container\" data-e-type=\"container\">\n\t\t\t\t<div class=\"elementor-element elementor-element-8419824 elementor-widget elementor-widget-heading\" data-id=\"8419824\" data-element_type=\"widget\" data-e-type=\"widget\" data-widget_type=\"heading.default\">\n\t\t\t\t\t<h1 class=\"elementor-heading-title elementor-size-default\">LabImager TR \u2013 schnelle Ergebnisse f\u00fcr den Routineeinsatz (nich mehr verf\u00fcgbar)\n<\/h1>\t\t\t\t<\/div>\n\t\t\t\t<div class=\"elementor-element elementor-element-04adbd0 elementor-widget elementor-widget-image\" data-id=\"04adbd0\" data-element_type=\"widget\" data-e-type=\"widget\" data-widget_type=\"image.default\">\n\t\t\t\t\t\t\t\t\t\t\t\t\t\t\t<img fetchpriority=\"high\" decoding=\"async\" width=\"300\" height=\"200\" src=\"https:\/\/www.kapelanbio.com\/wp-content\/uploads\/2025\/12\/20150830-IMG_4471_Klein-300x200-1.jpg\" class=\"attachment-full size-full wp-image-75136\" alt=\"\" \/>\t\t\t\t\t\t\t\t\t\t\t\t\t\t\t<\/div>\n\t\t\t\t<div class=\"elementor-element elementor-element-fed46de elementor-widget elementor-widget-text-editor\" data-id=\"fed46de\" data-element_type=\"widget\" data-e-type=\"widget\" data-widget_type=\"text-editor.default\">\n\t\t\t\t\t\t\t\t\t<p class=\"bodytext\">Der LabImager TR ist ein neuer Reader f\u00fcr die Routinediagnostik. Es digitalisiert Daten wie Immunostreifen, Platten und weitere Trays. Er ist spezialisiert auf die Digitalisierung von Immunostreifen aus den Verarbeitungswannen mit 30, 48 und 50 Streifen in einem einzigen Schritt. Es verwendet optional einen integrierten PC, um Streifen innerhalb desselben Ger\u00e4tes zu scannen und zu analysieren. Es ist also das erste Ger\u00e4t weltweit, das so kompakt und schnell in einem Strip-Analysator arbeitet. LabImager TR verf\u00fcgt \u00fcber Kalibrierungswerkzeugen f\u00fcr beste Scanergebnisse. <\/p><p><b>Schnelle Scans f\u00fcr bis zu 50 Streifen <\/b><br \/>LabImager TR ist darauf ausgelegt, immunostreifen direkt aus den Trays zu lesen. Er liest bis zu 50 Streifen nur innerhalb von Sekunden. Er arbeitet mit 48 bis 50 Streifen pro Scan.<\/p><p><b>Anwendungsbereiche<\/b><br \/>Die Technik Immunoblotting (auch Western Blot, Line-ELISA, dot-Blot oder Cold-Blot genannt) ist eine Analysetechnik, mit der bestimmte Proteine in der Patientenproben erkannt werden.<br \/>Die Proteine werden auf eine Membran \u2013 typischerweise Nitrocellulose \u2013 aufgetragen, wo Sie von den Antik\u00f6rpern des Patienten reagieren.<br \/>So kann der Reader f\u00fcr Line Immunoblot, Line ELISA, Lateral Flow und andere Streifen-basierte Tests verwendet werden.<\/p><p><b>Modernes und intuitives Design<\/b><br \/>Der LabImager TR setzt auf neuestes Design und Usability. Es wurde f\u00fcr die schnelle Bearbeitung von Streifen geschaffen.<\/p><p><b>Integrierte PC und Analyse Software <\/b><br \/>Der LabImager TR ist mit einem leistungsstarken und leisen PC ausgestattet, so dass er als eigenst\u00e4ndiger Strip-Reader und Analysator funktioniert. Dadurch wird wertvoller Platz im Labor eingespart und Kabelgewirr vermieden. Die Analysesoftware LabImage LA ist die neueste Software f\u00fcr die Analyse von Immunostreifen auf dem Markt.<\/p><p class=\"bodytext\"><b>Durch Trays anpassbar<\/b><br \/>Das System kann durch spezielle Trayss angepasst werden, um Petrischalen oder Microtiterplatten zu scannen.<\/p>\t\t\t\t\t\t\t\t<\/div>\n\t\t<div class=\"elementor-element elementor-element-b51d13b e-con-full e-grid e-con e-child\" data-id=\"b51d13b\" data-element_type=\"container\" data-e-type=\"container\">\n\t\t\t\t<div class=\"elementor-element elementor-element-c1e8ec5 elementor-widget elementor-widget-image\" data-id=\"c1e8ec5\" data-element_type=\"widget\" data-e-type=\"widget\" data-widget_type=\"image.default\">\n\t\t\t\t\t\t\t\t\t\t\t\t\t\t\t<img decoding=\"async\" width=\"300\" height=\"200\" src=\"https:\/\/www.kapelanbio.com\/wp-content\/uploads\/2026\/01\/20150830-IMG_4471_Klein-300x200-1.jpg\" class=\"attachment-full size-full wp-image-75973\" alt=\"\" \/>\t\t\t\t\t\t\t\t\t\t\t\t\t\t\t<\/div>\n\t\t\t\t<div class=\"elementor-element elementor-element-2df8ca7 elementor-widget elementor-widget-image\" data-id=\"2df8ca7\" data-element_type=\"widget\" data-e-type=\"widget\" data-widget_type=\"image.default\">\n\t\t\t\t\t\t\t\t\t\t\t\t\t\t\t<img decoding=\"async\" width=\"600\" height=\"400\" src=\"https:\/\/www.kapelanbio.com\/wp-content\/uploads\/2026\/01\/20150830-IMG_4490_Klein-600x400-1.jpg\" class=\"attachment-full size-full wp-image-75974\" alt=\"\" srcset=\"https:\/\/www.kapelanbio.com\/wp-content\/uploads\/2026\/01\/20150830-IMG_4490_Klein-600x400-1.jpg 600w, https:\/\/www.kapelanbio.com\/wp-content\/uploads\/2026\/01\/20150830-IMG_4490_Klein-600x400-1-300x200.jpg 300w\" sizes=\"(max-width: 600px) 100vw, 600px\" \/>\t\t\t\t\t\t\t\t\t\t\t\t\t\t\t<\/div>\n\t\t\t\t<div class=\"elementor-element elementor-element-f21c07c elementor-widget elementor-widget-image\" data-id=\"f21c07c\" data-element_type=\"widget\" data-e-type=\"widget\" data-widget_type=\"image.default\">\n\t\t\t\t\t\t\t\t\t\t\t\t\t\t\t<img loading=\"lazy\" decoding=\"async\" width=\"600\" height=\"400\" src=\"https:\/\/www.kapelanbio.com\/wp-content\/uploads\/2026\/01\/20150830-IMG_4471_Klein-600x400-1.jpg\" class=\"attachment-full size-full wp-image-75975\" alt=\"\" srcset=\"https:\/\/www.kapelanbio.com\/wp-content\/uploads\/2026\/01\/20150830-IMG_4471_Klein-600x400-1.jpg 600w, https:\/\/www.kapelanbio.com\/wp-content\/uploads\/2026\/01\/20150830-IMG_4471_Klein-600x400-1-300x200.jpg 300w\" sizes=\"(max-width: 600px) 100vw, 600px\" \/>\t\t\t\t\t\t\t\t\t\t\t\t\t\t\t<\/div>\n\t\t\t\t<div class=\"elementor-element elementor-element-2e4c625 elementor-widget elementor-widget-image\" data-id=\"2e4c625\" data-element_type=\"widget\" data-e-type=\"widget\" data-widget_type=\"image.default\">\n\t\t\t\t\t\t\t\t\t\t\t\t\t\t\t<img loading=\"lazy\" decoding=\"async\" width=\"600\" height=\"400\" src=\"https:\/\/www.kapelanbio.com\/wp-content\/uploads\/2026\/01\/20150830-IMG_4514_klein-600x400-1.jpg\" class=\"attachment-full size-full wp-image-75976\" alt=\"\" srcset=\"https:\/\/www.kapelanbio.com\/wp-content\/uploads\/2026\/01\/20150830-IMG_4514_klein-600x400-1.jpg 600w, https:\/\/www.kapelanbio.com\/wp-content\/uploads\/2026\/01\/20150830-IMG_4514_klein-600x400-1-300x200.jpg 300w\" sizes=\"(max-width: 600px) 100vw, 600px\" \/>\t\t\t\t\t\t\t\t\t\t\t\t\t\t\t<\/div>\n\t\t\t\t<\/div>\n\t\t\t\t<\/div>\n\t\t<div class=\"elementor-element elementor-element-2ef394f e-con-full e-flex e-con e-child\" data-id=\"2ef394f\" data-element_type=\"container\" data-e-type=\"container\" data-settings=\"{&quot;background_background&quot;:&quot;classic&quot;}\">\n\t\t\t\t<div class=\"elementor-element elementor-element-52bd365 elementor-widget elementor-widget-heading\" data-id=\"52bd365\" data-element_type=\"widget\" data-e-type=\"widget\" data-widget_type=\"heading.default\">\n\t\t\t\t\t<h1 class=\"elementor-heading-title elementor-size-default\">Verf\u00fcgbare Software <\/h1>\t\t\t\t<\/div>\n\t\t\t\t<div class=\"elementor-element elementor-element-98c1c3c elementor-widget elementor-widget-text-editor\" data-id=\"98c1c3c\" data-element_type=\"widget\" data-e-type=\"widget\" data-widget_type=\"text-editor.default\">\n\t\t\t\t\t\t\t\t\t<p><a href=\"https:\/\/v7.kapelanbio.com\/de\/produkte\/apps\/labimage-la-linien-assays-und-lateral-flow-tests\/\">LabImage LA \u2013 Line Assay Analysis<\/a><\/p><p><a href=\"https:\/\/v7.kapelanbio.com\/de\/produkte\/apps\/labimage-cc\/\">LabImage CC \u2013 Colony Counting &amp; Object Analysis<\/a><\/p>\t\t\t\t\t\t\t\t<\/div>\n\t\t\t\t<\/div>\n\t\t\t\t\t<\/div>\n\t\t\t\t<\/div>\n\t\t\t\t<\/div>\n\t\t","protected":false},"excerpt":{"rendered":"<p>LabImager TR \u2013 schnelle Ergebnisse f\u00fcr den Routineeinsatz (nich mehr verf\u00fcgbar) Der LabImager TR ist ein neuer Reader f\u00fcr die Routinediagnostik. Es digitalisiert Daten wie Immunostreifen, Platten und weitere Trays. Er ist spezialisiert auf die Digitalisierung von Immunostreifen aus den Verarbeitungswannen mit 30, 48 und 50 Streifen in einem einzigen Schritt. Es verwendet optional einen [&hellip;]<\/p>\n","protected":false},"author":2,"featured_media":0,"parent":75106,"menu_order":0,"comment_status":"closed","ping_status":"closed","template":"elementor_header_footer","meta":{"footnotes":""},"class_list":["post-75977","page","type-page","status-publish","hentry"],"blocksy_meta":[],"yoast_head":"<title>LabImager TR - Kapelan Bio-Imaging<\/title>\n<meta name=\"robots\" content=\"index, follow, max-snippet:-1, max-image-preview:large, max-video-preview:-1\" \/>\n<link rel=\"canonical\" href=\"https:\/\/www.kapelanbio.com\/de\/produkte\/labimager-reader\/labimager-tr-2\/\" \/>\n<meta property=\"og:locale\" content=\"de_DE\" \/>\n<meta property=\"og:type\" content=\"article\" \/>\n<meta property=\"og:title\" content=\"LabImager TR - Kapelan Bio-Imaging\" \/>\n<meta property=\"og:description\" content=\"LabImager TR \u2013 schnelle Ergebnisse f\u00fcr den Routineeinsatz (nich mehr verf\u00fcgbar) Der LabImager TR ist ein neuer Reader f\u00fcr die Routinediagnostik. Es digitalisiert Daten wie Immunostreifen, Platten und weitere Trays. Er ist spezialisiert auf die Digitalisierung von Immunostreifen aus den Verarbeitungswannen mit 30, 48 und 50 Streifen in einem einzigen Schritt. Es verwendet optional einen [&hellip;]\" \/>\n<meta property=\"og:url\" content=\"https:\/\/www.kapelanbio.com\/de\/produkte\/labimager-reader\/labimager-tr-2\/\" \/>\n<meta property=\"og:site_name\" content=\"Kapelan Bio-Imaging\" \/>\n<meta property=\"article:publisher\" content=\"https:\/\/www.facebook.com\/kapelanbio\" \/>\n<meta property=\"article:modified_time\" content=\"2026-01-13T16:38:23+00:00\" \/>\n<meta property=\"og:image\" content=\"https:\/\/v7.kapelanbio.com\/wp-content\/uploads\/2025\/12\/20150830-IMG_4471_Klein-300x200-1.jpg\" \/>\n<meta name=\"twitter:card\" content=\"summary_large_image\" \/>\n<meta name=\"twitter:site\" content=\"@kapelanbio\" \/>\n<meta name=\"twitter:label1\" content=\"Gesch\u00e4tzte Lesezeit\" \/>\n\t<meta name=\"twitter:data1\" content=\"1\u00a0Minute\" \/>\n<script type=\"application\/ld+json\" class=\"yoast-schema-graph\">{\"@context\":\"https:\/\/schema.org\",\"@graph\":[{\"@type\":\"WebPage\",\"@id\":\"https:\/\/www.kapelanbio.com\/de\/produkte\/labimager-reader\/labimager-tr-2\/\",\"url\":\"https:\/\/www.kapelanbio.com\/de\/produkte\/labimager-reader\/labimager-tr-2\/\",\"name\":\"LabImager TR - Kapelan Bio-Imaging\",\"isPartOf\":{\"@id\":\"https:\/\/www.kapelanbio.com\/de\/#website\"},\"primaryImageOfPage\":{\"@id\":\"https:\/\/www.kapelanbio.com\/de\/produkte\/labimager-reader\/labimager-tr-2\/#primaryimage\"},\"image\":{\"@id\":\"https:\/\/www.kapelanbio.com\/de\/produkte\/labimager-reader\/labimager-tr-2\/#primaryimage\"},\"thumbnailUrl\":\"https:\/\/v7.kapelanbio.com\/wp-content\/uploads\/2025\/12\/20150830-IMG_4471_Klein-300x200-1.jpg\",\"datePublished\":\"2026-01-07T00:59:48+00:00\",\"dateModified\":\"2026-01-13T16:38:23+00:00\",\"breadcrumb\":{\"@id\":\"https:\/\/www.kapelanbio.com\/de\/produkte\/labimager-reader\/labimager-tr-2\/#breadcrumb\"},\"inLanguage\":\"de\",\"potentialAction\":[{\"@type\":\"ReadAction\",\"target\":[\"https:\/\/www.kapelanbio.com\/de\/produkte\/labimager-reader\/labimager-tr-2\/\"]}]},{\"@type\":\"ImageObject\",\"inLanguage\":\"de\",\"@id\":\"https:\/\/www.kapelanbio.com\/de\/produkte\/labimager-reader\/labimager-tr-2\/#primaryimage\",\"url\":\"https:\/\/v7.kapelanbio.com\/wp-content\/uploads\/2025\/12\/20150830-IMG_4471_Klein-300x200-1.jpg\",\"contentUrl\":\"https:\/\/v7.kapelanbio.com\/wp-content\/uploads\/2025\/12\/20150830-IMG_4471_Klein-300x200-1.jpg\"},{\"@type\":\"BreadcrumbList\",\"@id\":\"https:\/\/www.kapelanbio.com\/de\/produkte\/labimager-reader\/labimager-tr-2\/#breadcrumb\",\"itemListElement\":[{\"@type\":\"ListItem\",\"position\":1,\"name\":\"Home\",\"item\":\"https:\/\/www.kapelanbio.com\/de\/\"},{\"@type\":\"ListItem\",\"position\":2,\"name\":\"Produkte\",\"item\":\"https:\/\/www.kapelanbio.com\/de\/produkte\/\"},{\"@type\":\"ListItem\",\"position\":3,\"name\":\"LabImager Reader\",\"item\":\"https:\/\/www.kapelanbio.com\/de\/produkte\/labimager-reader\/\"},{\"@type\":\"ListItem\",\"position\":4,\"name\":\"LabImager TR\"}]},{\"@type\":\"WebSite\",\"@id\":\"https:\/\/www.kapelanbio.com\/de\/#website\",\"url\":\"https:\/\/www.kapelanbio.com\/de\/\",\"name\":\"Kapelan Bio-Imaging\",\"description\":\"\",\"publisher\":{\"@id\":\"https:\/\/www.kapelanbio.com\/de\/#organization\"},\"potentialAction\":[{\"@type\":\"SearchAction\",\"target\":{\"@type\":\"EntryPoint\",\"urlTemplate\":\"https:\/\/www.kapelanbio.com\/de\/?s={search_term_string}\"},\"query-input\":{\"@type\":\"PropertyValueSpecification\",\"valueRequired\":true,\"valueName\":\"search_term_string\"}}],\"inLanguage\":\"de\"},{\"@type\":\"Organization\",\"@id\":\"https:\/\/www.kapelanbio.com\/de\/#organization\",\"name\":\"Kapelan Bio-Imaging\",\"url\":\"https:\/\/www.kapelanbio.com\/de\/\",\"logo\":{\"@type\":\"ImageObject\",\"inLanguage\":\"de\",\"@id\":\"https:\/\/www.kapelanbio.com\/de\/#\/schema\/logo\/image\/\",\"url\":\"https:\/\/www.kapelanbio.com\/wp-content\/uploads\/2025\/10\/Logo.png\",\"contentUrl\":\"https:\/\/www.kapelanbio.com\/wp-content\/uploads\/2025\/10\/Logo.png\",\"width\":250,\"height\":97,\"caption\":\"Kapelan Bio-Imaging\"},\"image\":{\"@id\":\"https:\/\/www.kapelanbio.com\/de\/#\/schema\/logo\/image\/\"},\"sameAs\":[\"https:\/\/www.facebook.com\/kapelanbio\",\"https:\/\/x.com\/kapelanbio\",\"http:\/\/www.youtube.com\/@kapelanbioimaging\",\"https:\/\/www.linkedin.com\/company\/kapelanbio\/\"]}]}<\/script>","yoast_head_json":{"title":"LabImager TR - Kapelan Bio-Imaging","robots":{"index":"index","follow":"follow","max-snippet":"max-snippet:-1","max-image-preview":"max-image-preview:large","max-video-preview":"max-video-preview:-1"},"canonical":"https:\/\/www.kapelanbio.com\/de\/produkte\/labimager-reader\/labimager-tr-2\/","og_locale":"de_DE","og_type":"article","og_title":"LabImager TR - Kapelan Bio-Imaging","og_description":"LabImager TR \u2013 schnelle Ergebnisse f\u00fcr den Routineeinsatz (nich mehr verf\u00fcgbar) Der LabImager TR ist ein neuer Reader f\u00fcr die Routinediagnostik. Es digitalisiert Daten wie Immunostreifen, Platten und weitere Trays. Er ist spezialisiert auf die Digitalisierung von Immunostreifen aus den Verarbeitungswannen mit 30, 48 und 50 Streifen in einem einzigen Schritt. Es verwendet optional einen [&hellip;]","og_url":"https:\/\/www.kapelanbio.com\/de\/produkte\/labimager-reader\/labimager-tr-2\/","og_site_name":"Kapelan Bio-Imaging","article_publisher":"https:\/\/www.facebook.com\/kapelanbio","article_modified_time":"2026-01-13T16:38:23+00:00","og_image":[{"url":"https:\/\/v7.kapelanbio.com\/wp-content\/uploads\/2025\/12\/20150830-IMG_4471_Klein-300x200-1.jpg","type":"","width":"","height":""}],"twitter_card":"summary_large_image","twitter_site":"@kapelanbio","twitter_misc":{"Gesch\u00e4tzte Lesezeit":"1\u00a0Minute"},"schema":{"@context":"https:\/\/schema.org","@graph":[{"@type":"WebPage","@id":"https:\/\/www.kapelanbio.com\/de\/produkte\/labimager-reader\/labimager-tr-2\/","url":"https:\/\/www.kapelanbio.com\/de\/produkte\/labimager-reader\/labimager-tr-2\/","name":"LabImager TR - Kapelan Bio-Imaging","isPartOf":{"@id":"https:\/\/www.kapelanbio.com\/de\/#website"},"primaryImageOfPage":{"@id":"https:\/\/www.kapelanbio.com\/de\/produkte\/labimager-reader\/labimager-tr-2\/#primaryimage"},"image":{"@id":"https:\/\/www.kapelanbio.com\/de\/produkte\/labimager-reader\/labimager-tr-2\/#primaryimage"},"thumbnailUrl":"https:\/\/v7.kapelanbio.com\/wp-content\/uploads\/2025\/12\/20150830-IMG_4471_Klein-300x200-1.jpg","datePublished":"2026-01-07T00:59:48+00:00","dateModified":"2026-01-13T16:38:23+00:00","breadcrumb":{"@id":"https:\/\/www.kapelanbio.com\/de\/produkte\/labimager-reader\/labimager-tr-2\/#breadcrumb"},"inLanguage":"de","potentialAction":[{"@type":"ReadAction","target":["https:\/\/www.kapelanbio.com\/de\/produkte\/labimager-reader\/labimager-tr-2\/"]}]},{"@type":"ImageObject","inLanguage":"de","@id":"https:\/\/www.kapelanbio.com\/de\/produkte\/labimager-reader\/labimager-tr-2\/#primaryimage","url":"https:\/\/v7.kapelanbio.com\/wp-content\/uploads\/2025\/12\/20150830-IMG_4471_Klein-300x200-1.jpg","contentUrl":"https:\/\/v7.kapelanbio.com\/wp-content\/uploads\/2025\/12\/20150830-IMG_4471_Klein-300x200-1.jpg"},{"@type":"BreadcrumbList","@id":"https:\/\/www.kapelanbio.com\/de\/produkte\/labimager-reader\/labimager-tr-2\/#breadcrumb","itemListElement":[{"@type":"ListItem","position":1,"name":"Home","item":"https:\/\/www.kapelanbio.com\/de\/"},{"@type":"ListItem","position":2,"name":"Produkte","item":"https:\/\/www.kapelanbio.com\/de\/produkte\/"},{"@type":"ListItem","position":3,"name":"LabImager Reader","item":"https:\/\/www.kapelanbio.com\/de\/produkte\/labimager-reader\/"},{"@type":"ListItem","position":4,"name":"LabImager TR"}]},{"@type":"WebSite","@id":"https:\/\/www.kapelanbio.com\/de\/#website","url":"https:\/\/www.kapelanbio.com\/de\/","name":"Kapelan Bio-Imaging","description":"","publisher":{"@id":"https:\/\/www.kapelanbio.com\/de\/#organization"},"potentialAction":[{"@type":"SearchAction","target":{"@type":"EntryPoint","urlTemplate":"https:\/\/www.kapelanbio.com\/de\/?s={search_term_string}"},"query-input":{"@type":"PropertyValueSpecification","valueRequired":true,"valueName":"search_term_string"}}],"inLanguage":"de"},{"@type":"Organization","@id":"https:\/\/www.kapelanbio.com\/de\/#organization","name":"Kapelan Bio-Imaging","url":"https:\/\/www.kapelanbio.com\/de\/","logo":{"@type":"ImageObject","inLanguage":"de","@id":"https:\/\/www.kapelanbio.com\/de\/#\/schema\/logo\/image\/","url":"https:\/\/www.kapelanbio.com\/wp-content\/uploads\/2025\/10\/Logo.png","contentUrl":"https:\/\/www.kapelanbio.com\/wp-content\/uploads\/2025\/10\/Logo.png","width":250,"height":97,"caption":"Kapelan Bio-Imaging"},"image":{"@id":"https:\/\/www.kapelanbio.com\/de\/#\/schema\/logo\/image\/"},"sameAs":["https:\/\/www.facebook.com\/kapelanbio","https:\/\/x.com\/kapelanbio","http:\/\/www.youtube.com\/@kapelanbioimaging","https:\/\/www.linkedin.com\/company\/kapelanbio\/"]}]}},"_links":{"self":[{"href":"https:\/\/www.kapelanbio.com\/de\/wp-json\/wp\/v2\/pages\/75977","targetHints":{"allow":["GET"]}}],"collection":[{"href":"https:\/\/www.kapelanbio.com\/de\/wp-json\/wp\/v2\/pages"}],"about":[{"href":"https:\/\/www.kapelanbio.com\/de\/wp-json\/wp\/v2\/types\/page"}],"author":[{"embeddable":true,"href":"https:\/\/www.kapelanbio.com\/de\/wp-json\/wp\/v2\/users\/2"}],"replies":[{"embeddable":true,"href":"https:\/\/www.kapelanbio.com\/de\/wp-json\/wp\/v2\/comments?post=75977"}],"version-history":[{"count":5,"href":"https:\/\/www.kapelanbio.com\/de\/wp-json\/wp\/v2\/pages\/75977\/revisions"}],"predecessor-version":[{"id":76250,"href":"https:\/\/www.kapelanbio.com\/de\/wp-json\/wp\/v2\/pages\/75977\/revisions\/76250"}],"up":[{"embeddable":true,"href":"https:\/\/www.kapelanbio.com\/de\/wp-json\/wp\/v2\/pages\/75106"}],"wp:attachment":[{"href":"https:\/\/www.kapelanbio.com\/de\/wp-json\/wp\/v2\/media?parent=75977"}],"curies":[{"name":"wp","href":"https:\/\/api.w.org\/{rel}","templated":true}]}}