{"id":76201,"date":"2026-01-13T16:02:43","date_gmt":"2026-01-13T16:02:43","guid":{"rendered":"https:\/\/v7.kapelanbio.com\/produkte\/labimage-software\/labimage-application-pool\/"},"modified":"2026-01-13T21:56:08","modified_gmt":"2026-01-13T21:56:08","slug":"labimage-application-pool","status":"publish","type":"page","link":"https:\/\/www.kapelanbio.com\/de\/produkte\/labimage-software\/labimage-application-pool\/","title":{"rendered":"LabImage Application Pool"},"content":{"rendered":"<style>.elementor-76201 .elementor-element.elementor-element-9ebd049{--display:flex;--min-height:360px;--flex-direction:column;--container-widget-width:calc( ( 1 - var( --container-widget-flex-grow ) ) * 100% );--container-widget-height:initial;--container-widget-flex-grow:0;--container-widget-align-self:initial;--flex-wrap-mobile:wrap;--justify-content:center;--align-items:flex-start;}.elementor-76201 .elementor-element.elementor-element-9ebd049:not(.elementor-motion-effects-element-type-background), .elementor-76201 .elementor-element.elementor-element-9ebd049 > .elementor-motion-effects-container > .elementor-motion-effects-layer{background-image:url(\"https:\/\/www.kapelanbio.com\/wp-content\/uploads\/2025\/10\/labimage-header-V6-ohne-Text-251015-scaled-1.jpg\");background-position:center center;background-repeat:no-repeat;background-size:cover;}.elementor-76201 .elementor-element.elementor-element-c239727{--display:flex;--padding-top:0px;--padding-bottom:0px;--padding-left:0px;--padding-right:0px;}.elementor-76201 .elementor-element.elementor-element-c239727.e-con{--flex-grow:0;--flex-shrink:0;}.elementor-76201 .elementor-element.elementor-element-8223cdb .elementor-heading-title{font-family:\"Helvetica\", Sans-serif;font-size:60px;color:#FF6600;}.elementor-76201 .elementor-element.elementor-element-045fae5{--display:flex;--flex-direction:row;--container-widget-width:calc( ( 1 - var( --container-widget-flex-grow ) ) * 100% );--container-widget-height:100%;--container-widget-flex-grow:1;--container-widget-align-self:stretch;--flex-wrap-mobile:wrap;--align-items:flex-start;--gap:30px 30px;--row-gap:30px;--column-gap:30px;--padding-top:50px;--padding-bottom:50px;--padding-left:0px;--padding-right:15px;}.elementor-76201 .elementor-element.elementor-element-0c3820f{--display:flex;--flex-direction:column;--container-widget-width:100%;--container-widget-height:initial;--container-widget-flex-grow:0;--container-widget-align-self:initial;--flex-wrap-mobile:wrap;--padding-top:0px;--padding-bottom:0px;--padding-left:0px;--padding-right:0px;}.elementor-76201 .elementor-element.elementor-element-393f846 .elementor-heading-title{font-family:\"Helvetica\", Sans-serif;font-size:40px;font-weight:700;line-height:1.2;}.elementor-76201 .elementor-element.elementor-element-a746bf2{font-family:\"Open Sans\", Sans-serif;}.elementor-76201 .elementor-element.elementor-element-8176e41{--display:flex;--border-radius:10px 10px 10px 10px;}.elementor-76201 .elementor-element.elementor-element-8176e41:not(.elementor-motion-effects-element-type-background), .elementor-76201 .elementor-element.elementor-element-8176e41 > .elementor-motion-effects-container > .elementor-motion-effects-layer{background-color:var( --e-global-color-secondary );}@media(max-width:1024px){.elementor-76201 .elementor-element.elementor-element-9ebd049{--min-height:263px;--padding-top:0px;--padding-bottom:0px;--padding-left:20px;--padding-right:20px;}.elementor-76201 .elementor-element.elementor-element-8223cdb .elementor-heading-title{font-size:55px;}.elementor-76201 .elementor-element.elementor-element-045fae5{--padding-top:70px;--padding-bottom:70px;--padding-left:20px;--padding-right:20px;}.elementor-76201 .elementor-element.elementor-element-393f846 .elementor-heading-title{font-size:30px;}}@media(max-width:767px){.elementor-76201 .elementor-element.elementor-element-9ebd049{--min-height:203px;}.elementor-76201 .elementor-element.elementor-element-8223cdb .elementor-heading-title{font-size:40px;}.elementor-76201 .elementor-element.elementor-element-393f846 .elementor-heading-title{font-size:24px;line-height:1.2;}}@media(min-width:768px){.elementor-76201 .elementor-element.elementor-element-c239727{--width:54.391%;}.elementor-76201 .elementor-element.elementor-element-0c3820f{--width:80%;}.elementor-76201 .elementor-element.elementor-element-8176e41{--width:25%;}}@media(max-width:1024px) and (min-width:768px){.elementor-76201 .elementor-element.elementor-element-c239727{--width:511px;}}@media(min-width:1025px){.elementor-76201 .elementor-element.elementor-element-9ebd049:not(.elementor-motion-effects-element-type-background), .elementor-76201 .elementor-element.elementor-element-9ebd049 > .elementor-motion-effects-container > .elementor-motion-effects-layer{background-attachment:scroll;}}<\/style>\t\t<div data-elementor-type=\"wp-page\" data-elementor-id=\"76201\" class=\"elementor elementor-76201 elementor-76190\" data-elementor-post-type=\"page\">\n\t\t\t\t<div class=\"elementor-element elementor-element-9ebd049 e-flex e-con-boxed e-con e-parent\" data-id=\"9ebd049\" data-element_type=\"container\" data-e-type=\"container\" data-settings=\"{&quot;background_background&quot;:&quot;classic&quot;}\">\n\t\t\t\t\t<div class=\"e-con-inner\">\n\t\t<div class=\"elementor-element elementor-element-c239727 e-con-full e-flex e-con e-child\" data-id=\"c239727\" data-element_type=\"container\" data-e-type=\"container\">\n\t\t\t\t<\/div>\n\t\t\t\t\t<\/div>\n\t\t\t\t<\/div>\n\t\t<div class=\"elementor-element elementor-element-045fae5 e-flex e-con-boxed e-con e-parent\" data-id=\"045fae5\" data-element_type=\"container\" data-e-type=\"container\">\n\t\t\t\t\t<div class=\"e-con-inner\">\n\t\t<div class=\"elementor-element elementor-element-0c3820f e-con-full e-flex e-con e-child\" data-id=\"0c3820f\" data-element_type=\"container\" data-e-type=\"container\">\n\t\t\t\t<div class=\"elementor-element elementor-element-393f846 elementor-widget elementor-widget-heading\" data-id=\"393f846\" data-element_type=\"widget\" data-e-type=\"widget\" data-widget_type=\"heading.default\">\n\t\t\t\t\t<h2 class=\"elementor-heading-title elementor-size-default\">LabImage Application Pool\nImaging-Apps auf Knopfdruck\n<\/h2>\t\t\t\t<\/div>\n\t\t\t\t<div class=\"elementor-element elementor-element-a746bf2 elementor-widget elementor-widget-text-editor\" data-id=\"a746bf2\" data-element_type=\"widget\" data-e-type=\"widget\" data-widget_type=\"text-editor.default\">\n\t\t\t\t\t\t\t\t\t<p>Ein revolution\u00e4res Konzept f\u00fcr Bildanalyse-Software auf Ihrem PC oder Mac.<strong><br \/><\/strong><img decoding=\"async\" class=\"alignnone wp-image-76210 size-full\" src=\"https:\/\/v7.kapelanbio.com\/wp-content\/uploads\/2026\/01\/labimage_app_pool_600-300x149-1.jpg\" alt=\"\" width=\"300\" height=\"149\" \/><br \/>Der LabImage Application Pool liefert eine Reihe von Apps, die direkt in die LabImage-Software geladen werden k\u00f6nnen.<\/p><p>Sie kennen wahrscheinlich das Konzept von Ihrem Smartphone, das unter iOS, Android oder Windows Phone l\u00e4uft. Sie k\u00f6nnen aus einer gro\u00dfen Liste von spezifischen Apps nach Ihren Bed\u00fcrfnissen ausw\u00e4hlen. In jedem Fall basieren die Apps auf der gleichen Umgebung und bieteten ein Gesamtkonzept, aber spezifisch genug, um Ihren individuellen Bed\u00fcrfnissen gerecht zu werden.<\/p><p>Die meisten Anbieter und Entwickler von Apps und die Anbieter der Betriebssysteme sind sehr erfolgreich im Markt. Warum ist das so? Wir denken es liegt daran, dass es einfach und flexibel ist. Eine App ist f\u00fcr einen ganz bestimmten Bedarf gemacht, basiert aber immer noch auf der gleichen Umgebung, so dass Sie einfach zu bedienen und intiutiv ist. <\/p><p>Mit der LabImage-Plattform und dem Applikations Pool liefert Kapelan eine vergleichbare L\u00f6sung. Die LabImage-Plattform bietet eine umfangreiche und bew\u00e4hrte Software-Umgebung, die auf verschiedenen Betriebssystemen l\u00e4uft. Es kann mit speziellen Apps erweitert werden. Jede App ist f\u00fcr einen bestimmten Bedarf entwickelt und kann angepasst werden.<\/p><p>Wir haben die LabImage Platform als ein zentrales Kontrollzentrum f\u00fcr Bildgebungsprozesse in Forschung und Routine entwickelt. LabImage ist nicht nur eine Software f\u00fcr bildgebende Verfahren sondern ein komplettes Steuersystem f\u00fcr Imagingssysteme. <\/p><p>In der folgenden Liste sehen Sie bereits verf\u00fcgbaren Apps im LabImage Application Pool. F\u00fcr Ihre spezifische Nachfrage erstellen wir ma\u00dfgeschneiderte Apps und Reader.<\/p>\t\t\t\t\t\t\t\t<\/div>\n\t\t\t\t<\/div>\n\t\t<div class=\"elementor-element elementor-element-8176e41 e-con-full e-flex e-con e-child\" data-id=\"8176e41\" data-element_type=\"container\" data-e-type=\"container\" data-settings=\"{&quot;background_background&quot;:&quot;classic&quot;}\">\n\t\t\t\t<div class=\"elementor-element elementor-element-19273dd elementor-widget elementor-widget-text-editor\" data-id=\"19273dd\" data-element_type=\"widget\" data-e-type=\"widget\" data-widget_type=\"text-editor.default\">\n\t\t\t\t\t\t\t\t\t<p>\u00a0<\/p><p>\u00a0<\/p><p>\u00a0<\/p><p>\u00a0<\/p><p>\u00a0<\/p><p>\u00a0<\/p><p>\u00a0<\/p><p>\u00a0<\/p><p>\u00a0<\/p><p>\u00a0<\/p><p>\u00a0<\/p><p>\u00a0<\/p><p>\u00a0<\/p><p>\u00a0<\/p>\t\t\t\t\t\t\t\t<\/div>\n\t\t\t\t<\/div>\n\t\t\t\t\t<\/div>\n\t\t\t\t<\/div>\n\t\t\t\t<\/div>\n\t\t","protected":false},"excerpt":{"rendered":"<p>LabImage Application Pool Imaging-Apps auf Knopfdruck Ein revolution\u00e4res Konzept f\u00fcr Bildanalyse-Software auf Ihrem PC oder Mac.Der LabImage Application Pool liefert eine Reihe von Apps, die direkt in die LabImage-Software geladen werden k\u00f6nnen. Sie kennen wahrscheinlich das Konzept von Ihrem Smartphone, das unter iOS, Android oder Windows Phone l\u00e4uft. Sie k\u00f6nnen aus einer gro\u00dfen Liste von [&hellip;]<\/p>\n","protected":false},"author":1,"featured_media":0,"parent":75087,"menu_order":0,"comment_status":"closed","ping_status":"closed","template":"elementor_header_footer","meta":{"footnotes":""},"class_list":["post-76201","page","type-page","status-publish","hentry"],"blocksy_meta":[],"yoast_head":"<title>LabImage Application Pool - Kapelan Bio-Imaging<\/title>\n<meta name=\"robots\" content=\"index, follow, max-snippet:-1, max-image-preview:large, max-video-preview:-1\" \/>\n<link rel=\"canonical\" href=\"https:\/\/www.kapelanbio.com\/de\/produkte\/labimage-software\/labimage-application-pool\/\" \/>\n<meta property=\"og:locale\" content=\"de_DE\" \/>\n<meta property=\"og:type\" content=\"article\" \/>\n<meta property=\"og:title\" content=\"LabImage Application Pool - Kapelan Bio-Imaging\" \/>\n<meta property=\"og:description\" content=\"LabImage Application Pool Imaging-Apps auf Knopfdruck Ein revolution\u00e4res Konzept f\u00fcr Bildanalyse-Software auf Ihrem PC oder Mac.Der LabImage Application Pool liefert eine Reihe von Apps, die direkt in die LabImage-Software geladen werden k\u00f6nnen. Sie kennen wahrscheinlich das Konzept von Ihrem Smartphone, das unter iOS, Android oder Windows Phone l\u00e4uft. Sie k\u00f6nnen aus einer gro\u00dfen Liste von [&hellip;]\" \/>\n<meta property=\"og:url\" content=\"https:\/\/www.kapelanbio.com\/de\/produkte\/labimage-software\/labimage-application-pool\/\" \/>\n<meta property=\"og:site_name\" content=\"Kapelan Bio-Imaging\" \/>\n<meta property=\"article:publisher\" content=\"https:\/\/www.facebook.com\/kapelanbio\" \/>\n<meta property=\"article:modified_time\" content=\"2026-01-13T21:56:08+00:00\" \/>\n<meta property=\"og:image\" content=\"https:\/\/www.kapelanbio.com\/wp-content\/uploads\/2026\/01\/labimage_app_pool_600-300x149-1.jpg\" \/>\n\t<meta property=\"og:image:width\" content=\"300\" \/>\n\t<meta property=\"og:image:height\" content=\"149\" \/>\n\t<meta property=\"og:image:type\" content=\"image\/jpeg\" \/>\n<meta name=\"twitter:card\" content=\"summary_large_image\" \/>\n<meta name=\"twitter:site\" content=\"@kapelanbio\" \/>\n<meta name=\"twitter:label1\" content=\"Gesch\u00e4tzte Lesezeit\" \/>\n\t<meta name=\"twitter:data1\" content=\"1\u00a0Minute\" \/>\n<script type=\"application\/ld+json\" class=\"yoast-schema-graph\">{\"@context\":\"https:\/\/schema.org\",\"@graph\":[{\"@type\":\"WebPage\",\"@id\":\"https:\/\/www.kapelanbio.com\/de\/produkte\/labimage-software\/labimage-application-pool\/\",\"url\":\"https:\/\/www.kapelanbio.com\/de\/produkte\/labimage-software\/labimage-application-pool\/\",\"name\":\"LabImage Application Pool - Kapelan Bio-Imaging\",\"isPartOf\":{\"@id\":\"https:\/\/www.kapelanbio.com\/de\/#website\"},\"primaryImageOfPage\":{\"@id\":\"https:\/\/www.kapelanbio.com\/de\/produkte\/labimage-software\/labimage-application-pool\/#primaryimage\"},\"image\":{\"@id\":\"https:\/\/www.kapelanbio.com\/de\/produkte\/labimage-software\/labimage-application-pool\/#primaryimage\"},\"thumbnailUrl\":\"https:\/\/v7.kapelanbio.com\/wp-content\/uploads\/2026\/01\/labimage_app_pool_600-300x149-1.jpg\",\"datePublished\":\"2026-01-13T16:02:43+00:00\",\"dateModified\":\"2026-01-13T21:56:08+00:00\",\"breadcrumb\":{\"@id\":\"https:\/\/www.kapelanbio.com\/de\/produkte\/labimage-software\/labimage-application-pool\/#breadcrumb\"},\"inLanguage\":\"de\",\"potentialAction\":[{\"@type\":\"ReadAction\",\"target\":[\"https:\/\/www.kapelanbio.com\/de\/produkte\/labimage-software\/labimage-application-pool\/\"]}]},{\"@type\":\"ImageObject\",\"inLanguage\":\"de\",\"@id\":\"https:\/\/www.kapelanbio.com\/de\/produkte\/labimage-software\/labimage-application-pool\/#primaryimage\",\"url\":\"https:\/\/v7.kapelanbio.com\/wp-content\/uploads\/2026\/01\/labimage_app_pool_600-300x149-1.jpg\",\"contentUrl\":\"https:\/\/v7.kapelanbio.com\/wp-content\/uploads\/2026\/01\/labimage_app_pool_600-300x149-1.jpg\"},{\"@type\":\"BreadcrumbList\",\"@id\":\"https:\/\/www.kapelanbio.com\/de\/produkte\/labimage-software\/labimage-application-pool\/#breadcrumb\",\"itemListElement\":[{\"@type\":\"ListItem\",\"position\":1,\"name\":\"Home\",\"item\":\"https:\/\/www.kapelanbio.com\/de\/\"},{\"@type\":\"ListItem\",\"position\":2,\"name\":\"Produkte\",\"item\":\"https:\/\/www.kapelanbio.com\/de\/produkte\/\"},{\"@type\":\"ListItem\",\"position\":3,\"name\":\"LabImage-Software\",\"item\":\"https:\/\/www.kapelanbio.com\/de\/produkte\/labimage-software\/\"},{\"@type\":\"ListItem\",\"position\":4,\"name\":\"LabImage Application Pool\"}]},{\"@type\":\"WebSite\",\"@id\":\"https:\/\/www.kapelanbio.com\/de\/#website\",\"url\":\"https:\/\/www.kapelanbio.com\/de\/\",\"name\":\"Kapelan Bio-Imaging\",\"description\":\"\",\"publisher\":{\"@id\":\"https:\/\/www.kapelanbio.com\/de\/#organization\"},\"potentialAction\":[{\"@type\":\"SearchAction\",\"target\":{\"@type\":\"EntryPoint\",\"urlTemplate\":\"https:\/\/www.kapelanbio.com\/de\/?s={search_term_string}\"},\"query-input\":{\"@type\":\"PropertyValueSpecification\",\"valueRequired\":true,\"valueName\":\"search_term_string\"}}],\"inLanguage\":\"de\"},{\"@type\":\"Organization\",\"@id\":\"https:\/\/www.kapelanbio.com\/de\/#organization\",\"name\":\"Kapelan Bio-Imaging\",\"url\":\"https:\/\/www.kapelanbio.com\/de\/\",\"logo\":{\"@type\":\"ImageObject\",\"inLanguage\":\"de\",\"@id\":\"https:\/\/www.kapelanbio.com\/de\/#\/schema\/logo\/image\/\",\"url\":\"https:\/\/www.kapelanbio.com\/wp-content\/uploads\/2025\/10\/Logo.png\",\"contentUrl\":\"https:\/\/www.kapelanbio.com\/wp-content\/uploads\/2025\/10\/Logo.png\",\"width\":250,\"height\":97,\"caption\":\"Kapelan Bio-Imaging\"},\"image\":{\"@id\":\"https:\/\/www.kapelanbio.com\/de\/#\/schema\/logo\/image\/\"},\"sameAs\":[\"https:\/\/www.facebook.com\/kapelanbio\",\"https:\/\/x.com\/kapelanbio\",\"http:\/\/www.youtube.com\/@kapelanbioimaging\",\"https:\/\/www.linkedin.com\/company\/kapelanbio\/\"]}]}<\/script>","yoast_head_json":{"title":"LabImage Application Pool - Kapelan Bio-Imaging","robots":{"index":"index","follow":"follow","max-snippet":"max-snippet:-1","max-image-preview":"max-image-preview:large","max-video-preview":"max-video-preview:-1"},"canonical":"https:\/\/www.kapelanbio.com\/de\/produkte\/labimage-software\/labimage-application-pool\/","og_locale":"de_DE","og_type":"article","og_title":"LabImage Application Pool - Kapelan Bio-Imaging","og_description":"LabImage Application Pool Imaging-Apps auf Knopfdruck Ein revolution\u00e4res Konzept f\u00fcr Bildanalyse-Software auf Ihrem PC oder Mac.Der LabImage Application Pool liefert eine Reihe von Apps, die direkt in die LabImage-Software geladen werden k\u00f6nnen. Sie kennen wahrscheinlich das Konzept von Ihrem Smartphone, das unter iOS, Android oder Windows Phone l\u00e4uft. Sie k\u00f6nnen aus einer gro\u00dfen Liste von [&hellip;]","og_url":"https:\/\/www.kapelanbio.com\/de\/produkte\/labimage-software\/labimage-application-pool\/","og_site_name":"Kapelan Bio-Imaging","article_publisher":"https:\/\/www.facebook.com\/kapelanbio","article_modified_time":"2026-01-13T21:56:08+00:00","og_image":[{"width":300,"height":149,"url":"https:\/\/www.kapelanbio.com\/wp-content\/uploads\/2026\/01\/labimage_app_pool_600-300x149-1.jpg","type":"image\/jpeg"}],"twitter_card":"summary_large_image","twitter_site":"@kapelanbio","twitter_misc":{"Gesch\u00e4tzte Lesezeit":"1\u00a0Minute"},"schema":{"@context":"https:\/\/schema.org","@graph":[{"@type":"WebPage","@id":"https:\/\/www.kapelanbio.com\/de\/produkte\/labimage-software\/labimage-application-pool\/","url":"https:\/\/www.kapelanbio.com\/de\/produkte\/labimage-software\/labimage-application-pool\/","name":"LabImage Application Pool - Kapelan Bio-Imaging","isPartOf":{"@id":"https:\/\/www.kapelanbio.com\/de\/#website"},"primaryImageOfPage":{"@id":"https:\/\/www.kapelanbio.com\/de\/produkte\/labimage-software\/labimage-application-pool\/#primaryimage"},"image":{"@id":"https:\/\/www.kapelanbio.com\/de\/produkte\/labimage-software\/labimage-application-pool\/#primaryimage"},"thumbnailUrl":"https:\/\/v7.kapelanbio.com\/wp-content\/uploads\/2026\/01\/labimage_app_pool_600-300x149-1.jpg","datePublished":"2026-01-13T16:02:43+00:00","dateModified":"2026-01-13T21:56:08+00:00","breadcrumb":{"@id":"https:\/\/www.kapelanbio.com\/de\/produkte\/labimage-software\/labimage-application-pool\/#breadcrumb"},"inLanguage":"de","potentialAction":[{"@type":"ReadAction","target":["https:\/\/www.kapelanbio.com\/de\/produkte\/labimage-software\/labimage-application-pool\/"]}]},{"@type":"ImageObject","inLanguage":"de","@id":"https:\/\/www.kapelanbio.com\/de\/produkte\/labimage-software\/labimage-application-pool\/#primaryimage","url":"https:\/\/v7.kapelanbio.com\/wp-content\/uploads\/2026\/01\/labimage_app_pool_600-300x149-1.jpg","contentUrl":"https:\/\/v7.kapelanbio.com\/wp-content\/uploads\/2026\/01\/labimage_app_pool_600-300x149-1.jpg"},{"@type":"BreadcrumbList","@id":"https:\/\/www.kapelanbio.com\/de\/produkte\/labimage-software\/labimage-application-pool\/#breadcrumb","itemListElement":[{"@type":"ListItem","position":1,"name":"Home","item":"https:\/\/www.kapelanbio.com\/de\/"},{"@type":"ListItem","position":2,"name":"Produkte","item":"https:\/\/www.kapelanbio.com\/de\/produkte\/"},{"@type":"ListItem","position":3,"name":"LabImage-Software","item":"https:\/\/www.kapelanbio.com\/de\/produkte\/labimage-software\/"},{"@type":"ListItem","position":4,"name":"LabImage Application Pool"}]},{"@type":"WebSite","@id":"https:\/\/www.kapelanbio.com\/de\/#website","url":"https:\/\/www.kapelanbio.com\/de\/","name":"Kapelan Bio-Imaging","description":"","publisher":{"@id":"https:\/\/www.kapelanbio.com\/de\/#organization"},"potentialAction":[{"@type":"SearchAction","target":{"@type":"EntryPoint","urlTemplate":"https:\/\/www.kapelanbio.com\/de\/?s={search_term_string}"},"query-input":{"@type":"PropertyValueSpecification","valueRequired":true,"valueName":"search_term_string"}}],"inLanguage":"de"},{"@type":"Organization","@id":"https:\/\/www.kapelanbio.com\/de\/#organization","name":"Kapelan Bio-Imaging","url":"https:\/\/www.kapelanbio.com\/de\/","logo":{"@type":"ImageObject","inLanguage":"de","@id":"https:\/\/www.kapelanbio.com\/de\/#\/schema\/logo\/image\/","url":"https:\/\/www.kapelanbio.com\/wp-content\/uploads\/2025\/10\/Logo.png","contentUrl":"https:\/\/www.kapelanbio.com\/wp-content\/uploads\/2025\/10\/Logo.png","width":250,"height":97,"caption":"Kapelan Bio-Imaging"},"image":{"@id":"https:\/\/www.kapelanbio.com\/de\/#\/schema\/logo\/image\/"},"sameAs":["https:\/\/www.facebook.com\/kapelanbio","https:\/\/x.com\/kapelanbio","http:\/\/www.youtube.com\/@kapelanbioimaging","https:\/\/www.linkedin.com\/company\/kapelanbio\/"]}]}},"_links":{"self":[{"href":"https:\/\/www.kapelanbio.com\/de\/wp-json\/wp\/v2\/pages\/76201","targetHints":{"allow":["GET"]}}],"collection":[{"href":"https:\/\/www.kapelanbio.com\/de\/wp-json\/wp\/v2\/pages"}],"about":[{"href":"https:\/\/www.kapelanbio.com\/de\/wp-json\/wp\/v2\/types\/page"}],"author":[{"embeddable":true,"href":"https:\/\/www.kapelanbio.com\/de\/wp-json\/wp\/v2\/users\/1"}],"replies":[{"embeddable":true,"href":"https:\/\/www.kapelanbio.com\/de\/wp-json\/wp\/v2\/comments?post=76201"}],"version-history":[{"count":7,"href":"https:\/\/www.kapelanbio.com\/de\/wp-json\/wp\/v2\/pages\/76201\/revisions"}],"predecessor-version":[{"id":76306,"href":"https:\/\/www.kapelanbio.com\/de\/wp-json\/wp\/v2\/pages\/76201\/revisions\/76306"}],"up":[{"embeddable":true,"href":"https:\/\/www.kapelanbio.com\/de\/wp-json\/wp\/v2\/pages\/75087"}],"wp:attachment":[{"href":"https:\/\/www.kapelanbio.com\/de\/wp-json\/wp\/v2\/media?parent=76201"}],"curies":[{"name":"wp","href":"https:\/\/api.w.org\/{rel}","templated":true}]}}