{"id":76225,"date":"2026-01-13T16:07:53","date_gmt":"2026-01-13T16:07:53","guid":{"rendered":"https:\/\/v7.kapelanbio.com\/produkte\/labimage-software\/how-apps-work-in-labimage\/"},"modified":"2026-01-13T16:16:45","modified_gmt":"2026-01-13T16:16:45","slug":"apps-im-labimage-system","status":"publish","type":"page","link":"https:\/\/www.kapelanbio.com\/de\/produkte\/labimage-software\/apps-im-labimage-system\/","title":{"rendered":"Apps im LabImage System"},"content":{"rendered":"<style>.elementor-76225 .elementor-element.elementor-element-9ebd049{--display:flex;--min-height:360px;--flex-direction:column;--container-widget-width:calc( ( 1 - var( --container-widget-flex-grow ) ) * 100% );--container-widget-height:initial;--container-widget-flex-grow:0;--container-widget-align-self:initial;--flex-wrap-mobile:wrap;--justify-content:center;--align-items:flex-start;}.elementor-76225 .elementor-element.elementor-element-9ebd049:not(.elementor-motion-effects-element-type-background), .elementor-76225 .elementor-element.elementor-element-9ebd049 > .elementor-motion-effects-container > .elementor-motion-effects-layer{background-image:url(\"https:\/\/www.kapelanbio.com\/wp-content\/uploads\/2025\/10\/labimage-header-V6-ohne-Text-251015-scaled-1.jpg\");background-position:center center;background-repeat:no-repeat;background-size:cover;}.elementor-76225 .elementor-element.elementor-element-c239727{--display:flex;--padding-top:0px;--padding-bottom:0px;--padding-left:0px;--padding-right:0px;}.elementor-76225 .elementor-element.elementor-element-c239727.e-con{--flex-grow:0;--flex-shrink:0;}.elementor-76225 .elementor-element.elementor-element-8223cdb .elementor-heading-title{font-family:\"Helvetica\", Sans-serif;font-size:60px;color:#FF6600;}.elementor-76225 .elementor-element.elementor-element-045fae5{--display:flex;--flex-direction:row;--container-widget-width:calc( ( 1 - var( --container-widget-flex-grow ) ) * 100% );--container-widget-height:100%;--container-widget-flex-grow:1;--container-widget-align-self:stretch;--flex-wrap-mobile:wrap;--align-items:flex-start;--gap:30px 30px;--row-gap:30px;--column-gap:30px;--padding-top:50px;--padding-bottom:50px;--padding-left:0px;--padding-right:15px;}.elementor-76225 .elementor-element.elementor-element-0c3820f{--display:flex;--flex-direction:column;--container-widget-width:100%;--container-widget-height:initial;--container-widget-flex-grow:0;--container-widget-align-self:initial;--flex-wrap-mobile:wrap;--padding-top:0px;--padding-bottom:0px;--padding-left:0px;--padding-right:0px;}.elementor-76225 .elementor-element.elementor-element-393f846 .elementor-heading-title{font-family:\"Helvetica\", Sans-serif;font-size:40px;font-weight:700;line-height:1.2;}.elementor-76225 .elementor-element.elementor-element-a746bf2{font-family:\"Open Sans\", Sans-serif;}@media(max-width:1024px){.elementor-76225 .elementor-element.elementor-element-9ebd049{--min-height:263px;--padding-top:0px;--padding-bottom:0px;--padding-left:20px;--padding-right:20px;}.elementor-76225 .elementor-element.elementor-element-8223cdb .elementor-heading-title{font-size:55px;}.elementor-76225 .elementor-element.elementor-element-045fae5{--padding-top:70px;--padding-bottom:70px;--padding-left:20px;--padding-right:20px;}.elementor-76225 .elementor-element.elementor-element-393f846 .elementor-heading-title{font-size:30px;}}@media(max-width:767px){.elementor-76225 .elementor-element.elementor-element-9ebd049{--min-height:203px;}.elementor-76225 .elementor-element.elementor-element-8223cdb .elementor-heading-title{font-size:40px;}.elementor-76225 .elementor-element.elementor-element-393f846 .elementor-heading-title{font-size:24px;line-height:1.2;}}@media(min-width:768px){.elementor-76225 .elementor-element.elementor-element-c239727{--width:54.391%;}.elementor-76225 .elementor-element.elementor-element-0c3820f{--width:80%;}}@media(max-width:1024px) and (min-width:768px){.elementor-76225 .elementor-element.elementor-element-c239727{--width:511px;}}@media(min-width:1025px){.elementor-76225 .elementor-element.elementor-element-9ebd049:not(.elementor-motion-effects-element-type-background), .elementor-76225 .elementor-element.elementor-element-9ebd049 > .elementor-motion-effects-container > .elementor-motion-effects-layer{background-attachment:scroll;}}<\/style>\t\t<div data-elementor-type=\"wp-page\" data-elementor-id=\"76225\" class=\"elementor elementor-76225 elementor-76214\" data-elementor-post-type=\"page\">\n\t\t\t\t<div class=\"elementor-element elementor-element-9ebd049 e-flex e-con-boxed e-con e-parent\" data-id=\"9ebd049\" data-element_type=\"container\" data-e-type=\"container\" data-settings=\"{&quot;background_background&quot;:&quot;classic&quot;}\">\n\t\t\t\t\t<div class=\"e-con-inner\">\n\t\t<div class=\"elementor-element elementor-element-c239727 e-con-full e-flex e-con e-child\" data-id=\"c239727\" data-element_type=\"container\" data-e-type=\"container\">\n\t\t\t\t<\/div>\n\t\t\t\t\t<\/div>\n\t\t\t\t<\/div>\n\t\t<div class=\"elementor-element elementor-element-045fae5 e-flex e-con-boxed e-con e-parent\" data-id=\"045fae5\" data-element_type=\"container\" data-e-type=\"container\">\n\t\t\t\t\t<div class=\"e-con-inner\">\n\t\t<div class=\"elementor-element elementor-element-0c3820f e-con-full e-flex e-con e-child\" data-id=\"0c3820f\" data-element_type=\"container\" data-e-type=\"container\">\n\t\t\t\t<div class=\"elementor-element elementor-element-393f846 elementor-widget elementor-widget-heading\" data-id=\"393f846\" data-element_type=\"widget\" data-e-type=\"widget\" data-widget_type=\"heading.default\">\n\t\t\t\t\t<h2 class=\"elementor-heading-title elementor-size-default\">Die LabImage Apps \u2013 eine flexible Softwarel\u00f6sung f\u00fcr die Bildauswertung\n<\/h2>\t\t\t\t<\/div>\n\t\t\t\t<div class=\"elementor-element elementor-element-a746bf2 elementor-widget elementor-widget-text-editor\" data-id=\"a746bf2\" data-element_type=\"widget\" data-e-type=\"widget\" data-widget_type=\"text-editor.default\">\n\t\t\t\t\t\t\t\t\t<p>LabImage ist ein komplexes System f\u00fcr die Bildauswertung in unterschiedlichen Bereichen der Labordiagnostik. Da die Anforderungen an eine gute Bildanalyse in diesem breit gef\u00e4cherten Themengebiet stark variieren, k\u00f6nnen die Anwender von LabImage ihr System genau an ihre spezifischen W\u00fcnsche und Erwartungen anpassen. Hierf\u00fcr steht eine Vielzahl an unterschiedlichen Apps zur Verf\u00fcgung, die \u00e4hnlich wie bei einem App Store f\u00fcr das Smartphone aus einem zentralen LabImage Application Pool ausgew\u00e4hlt, installiert und aktualisiert werden k\u00f6nnen.<\/p><p><img decoding=\"async\" class=\"size-full wp-image-4774 alignleft ls-is-cached lazyloaded\" src=\"https:\/\/www.kapelanbio.com\/wp-content\/uploads\/2018\/01\/labimage_app_pool_600-300x149.jpg\" alt=\"\" width=\"300\" height=\"149\" data-src=\"https:\/\/www.kapelanbio.com\/wp-content\/uploads\/2018\/01\/labimage_app_pool_600-300x149.jpg\" data-eio-rwidth=\"300\" data-eio-rheight=\"149\" \/><\/p><p>\u00a0<\/p><p>\u00a0<\/p><p>\u00a0<\/p><p>\u00a0<\/p><p>Sie alle basieren auf dem LabImage Core, der die Grundfunktionen der Software zur Verf\u00fcgung stellt. Hierzu geh\u00f6ren Bildalgorithmen, Datenbanken, Automation, Ex- und Importfunktionen, Reporting und Workflows. Die jeweils ausgew\u00e4hlte App nutzt diese Grundfunktionen und stellt sie auf der gewohnten Benutzeroberfl\u00e4che exakt f\u00fcr den definierten Anwendungsbereich dar.<\/p><p>Zum aktuellen Zeitpunkt bietet die Kapelan Bio-Imaging GmbH f\u00fcnf unterschiedliche kommerzielle Apps f\u00fcr LabImage an:<\/p><table><tbody><tr><td><strong><img decoding=\"async\" class=\"size-full wp-image-4847 alignleft ls-is-cached lazyloaded\" src=\"https:\/\/www.kapelanbio.com\/wp-content\/uploads\/2018\/01\/labimage-logo-1d-trans-128.png\" alt=\"\" width=\"128\" height=\"128\" data-src=\"https:\/\/www.kapelanbio.com\/wp-content\/uploads\/2018\/01\/labimage-logo-1d-trans-128.png\" data-eio-rwidth=\"128\" data-eio-rheight=\"128\" \/><\/strong><\/td><td><strong>1D:<\/strong> <a href=\"https:\/\/www.kapelanbio.com\/de\/produkte\/labimage-apps\/labimage-1d-gels-und-western-blots.html\">LabImage 1D<\/a> eignet sich f\u00fcr die Bildanalyse von 1D-Gelelektrophoresebildern. Die Software ist in der Lage, Spuren und Banden automatisch zu detektieren und zu quantifizieren. LabImage 1D ist f\u00fchrend bei der automatisierten Auswertung von Gelen und Blots \u00fcber Makros. Besonders die <a href=\"https:\/\/www.kapelanbio.com\/de\/21-cfr-part-11-workflows.html\">Compliance mit 21 CFR Part 11<\/a> wird bei gro\u00dfen Pharmaunternehmen sehr gesch\u00e4tzt.<\/td><\/tr><tr><td><img decoding=\"async\" class=\"size-full wp-image-4851 alignleft ls-is-cached lazyloaded\" src=\"https:\/\/www.kapelanbio.com\/wp-content\/uploads\/2018\/01\/labimage-logo-cc-trans-128.png\" alt=\"\" width=\"128\" height=\"128\" data-src=\"https:\/\/www.kapelanbio.com\/wp-content\/uploads\/2018\/01\/labimage-logo-cc-trans-128.png\" data-eio-rwidth=\"128\" data-eio-rheight=\"128\" \/><\/td><td><strong>CC: <\/strong><a href=\"https:\/\/www.kapelanbio.com\/de\/produkte\/labimage-apps\/labimage-cc-kolonie-und-zellerkennung.html\">LabImage CC<\/a> wurde entwickelt, um Zell- bzw. Koloniez\u00e4hlungen automatisiert durchzuf\u00fchren. Die Software bearbeitet alle Arten von Analyseplatten und detektiert neben der Anzahl auch die Gr\u00f6\u00dfe und Form der Kolonien.<\/td><\/tr><tr><td><img loading=\"lazy\" decoding=\"async\" class=\"size-full wp-image-4849 alignleft ls-is-cached lazyloaded\" src=\"https:\/\/www.kapelanbio.com\/wp-content\/uploads\/2018\/01\/labimage-logo-la-trans-128.png\" alt=\"\" width=\"128\" height=\"128\" data-src=\"https:\/\/www.kapelanbio.com\/wp-content\/uploads\/2018\/01\/labimage-logo-la-trans-128.png\" data-eio-rwidth=\"128\" data-eio-rheight=\"128\" \/><\/td><td><strong>LA:<\/strong> <a href=\"https:\/\/www.kapelanbio.com\/de\/produkte\/labimage-apps\/labimage-la-line-assays-und-lateral-flow.html\">LabImage LA<\/a> ist das perfekte Analysetool f\u00fcr streifenbasierte Tests wie Lateral Flow, Line Assay oder Westernblots. Durch einen grafischen Test-Editor k\u00f6nnen innerhalb der Software auch eigene Tests erstellt werden.<\/td><\/tr><tr><td><img loading=\"lazy\" decoding=\"async\" class=\"size-full wp-image-6415 alignleft lazyautosizes lazyloaded\" src=\"https:\/\/www.kapelanbio.com\/wp-content\/uploads\/2018\/09\/labimage-si-128.png\" sizes=\"65px\" srcset=\"https:\/\/www.kapelanbio.com\/wp-content\/uploads\/2018\/09\/labimage-si-128.png 128w, https:\/\/www.kapelanbio.com\/wp-content\/uploads\/2018\/09\/labimage-si-128-104x104.png 104w\" alt=\"\" width=\"128\" height=\"128\" data-src=\"https:\/\/www.kapelanbio.com\/wp-content\/uploads\/2018\/09\/labimage-si-128.png\" data-srcset=\"https:\/\/www.kapelanbio.com\/wp-content\/uploads\/2018\/09\/labimage-si-128.png 128w, https:\/\/www.kapelanbio.com\/wp-content\/uploads\/2018\/09\/labimage-si-128-104x104.png 104w\" data-sizes=\"auto\" data-eio-rwidth=\"128\" data-eio-rheight=\"128\" \/><\/td><td><strong>SI:<\/strong> <a href=\"https:\/\/www.kapelanbio.com\/de\/produkte\/labimage-apps\/labimage-si-bildaufnahme-und-vermessung.html\">LabImage SI<\/a> erlaubt eine einfache Vermessung innerhalb unterschiedlichster Bilddateien. Dabei k\u00f6nnen sowohl Distanzen als auch Winkel exakt bestimmt werden.<\/td><\/tr><tr><td><img loading=\"lazy\" decoding=\"async\" class=\"size-full wp-image-6413 alignleft lazyautosizes lazyloaded\" src=\"https:\/\/www.kapelanbio.com\/wp-content\/uploads\/2018\/09\/labimage-oa-128-1.png\" sizes=\"65px\" srcset=\"https:\/\/www.kapelanbio.com\/wp-content\/uploads\/2018\/09\/labimage-oa-128-1.png 128w, https:\/\/www.kapelanbio.com\/wp-content\/uploads\/2018\/09\/labimage-oa-128-1-104x104.png 104w\" alt=\"\" width=\"128\" height=\"128\" data-src=\"https:\/\/www.kapelanbio.com\/wp-content\/uploads\/2018\/09\/labimage-oa-128-1.png\" data-srcset=\"https:\/\/www.kapelanbio.com\/wp-content\/uploads\/2018\/09\/labimage-oa-128-1.png 128w, https:\/\/www.kapelanbio.com\/wp-content\/uploads\/2018\/09\/labimage-oa-128-1-104x104.png 104w\" data-sizes=\"auto\" data-eio-rwidth=\"128\" data-eio-rheight=\"128\" \/><\/td><td><strong>OA: <\/strong><a href=\"https:\/\/www.kapelanbio.com\/de\/produkte\/labimage-apps\/labimage-oa-kolonie-und-zellzahlung-fur-die-routine.html\">LabImage OA<\/a> ist ein Werkzeug speziell f\u00fcr mikrobiologische Labors. Die Software erm\u00f6glicht eine automatisierte Detektion, Z\u00e4hlung und Klassifizierung von unterschiedlichen Kolonien oder Zelltypen und wurde entwickelt, um in k\u00fcrzester Zeit mit gr\u00f6\u00dftm\u00f6glicher Pr\u00e4zision eine gro\u00dfe Anzahl Petrischalen zu analysieren.<\/td><\/tr><\/tbody><\/table><p>\u00dcber dieses bestehende Angebot hinaus ist Kapelan Bio-Imaging in der Lage, weitere spezifische Apps zu erstellen oder anzupassen. Dabei reicht die Bandbreite von einer prototypischen Umsetzung \u00fcber Pharmasoftware unter <a href=\"https:\/\/www.kapelanbio.com\/de\/produkte\/labimage-software\/21-cfr-part-11-compliance.html\">21 CFR Part 11<\/a> bis hin zur Entwicklung unter ISO 13485.<\/p><p>Die Auswahl und Verwaltung der Apps ist intuitiv zu bedienen und ohne aufwendige Erl\u00e4uterungen durchf\u00fchrbar. Sie unterstreichen die Flexibilit\u00e4t von LabImage, denn die Software kann mit wenigen Klicks an andere Anforderungen und neue Methoden im Laboralltag angepasst werden. Zus\u00e4tzlich k\u00f6nnen die einzelnen Apps innerhalb des Systems mit der Zeit weiterentwickelt werden und dadurch wachsen. Auf diese Weise bleibt LabImage immer auf dem neusten Stand und passt sich perfekt an die Bed\u00fcrfnisse des jeweiligen Nutzers an.<\/p>\t\t\t\t\t\t\t\t<\/div>\n\t\t\t\t<\/div>\n\t\t\t\t\t<\/div>\n\t\t\t\t<\/div>\n\t\t\t\t<\/div>\n\t\t","protected":false},"excerpt":{"rendered":"<p>Die LabImage Apps \u2013 eine flexible Softwarel\u00f6sung f\u00fcr die Bildauswertung LabImage ist ein komplexes System f\u00fcr die Bildauswertung in unterschiedlichen Bereichen der Labordiagnostik. Da die Anforderungen an eine gute Bildanalyse in diesem breit gef\u00e4cherten Themengebiet stark variieren, k\u00f6nnen die Anwender von LabImage ihr System genau an ihre spezifischen W\u00fcnsche und Erwartungen anpassen. Hierf\u00fcr steht eine [&hellip;]<\/p>\n","protected":false},"author":1,"featured_media":0,"parent":75087,"menu_order":0,"comment_status":"closed","ping_status":"closed","template":"elementor_header_footer","meta":{"footnotes":""},"class_list":["post-76225","page","type-page","status-publish","hentry"],"blocksy_meta":[],"yoast_head":"<title>Apps im LabImage System - Kapelan Bio-Imaging<\/title>\n<meta name=\"robots\" content=\"index, follow, max-snippet:-1, max-image-preview:large, max-video-preview:-1\" \/>\n<link rel=\"canonical\" href=\"https:\/\/www.kapelanbio.com\/de\/produkte\/labimage-software\/apps-im-labimage-system\/\" \/>\n<meta property=\"og:locale\" content=\"de_DE\" \/>\n<meta property=\"og:type\" content=\"article\" \/>\n<meta property=\"og:title\" content=\"Apps im LabImage System - Kapelan Bio-Imaging\" \/>\n<meta property=\"og:description\" content=\"Die LabImage Apps \u2013 eine flexible Softwarel\u00f6sung f\u00fcr die Bildauswertung LabImage ist ein komplexes System f\u00fcr die Bildauswertung in unterschiedlichen Bereichen der Labordiagnostik. Da die Anforderungen an eine gute Bildanalyse in diesem breit gef\u00e4cherten Themengebiet stark variieren, k\u00f6nnen die Anwender von LabImage ihr System genau an ihre spezifischen W\u00fcnsche und Erwartungen anpassen. Hierf\u00fcr steht eine [&hellip;]\" \/>\n<meta property=\"og:url\" content=\"https:\/\/www.kapelanbio.com\/de\/produkte\/labimage-software\/apps-im-labimage-system\/\" \/>\n<meta property=\"og:site_name\" content=\"Kapelan Bio-Imaging\" \/>\n<meta property=\"article:publisher\" content=\"https:\/\/www.facebook.com\/kapelanbio\" \/>\n<meta property=\"article:modified_time\" content=\"2026-01-13T16:16:45+00:00\" \/>\n<meta name=\"twitter:card\" content=\"summary_large_image\" \/>\n<meta name=\"twitter:site\" content=\"@kapelanbio\" \/>\n<meta name=\"twitter:label1\" content=\"Gesch\u00e4tzte Lesezeit\" \/>\n\t<meta name=\"twitter:data1\" content=\"2\u00a0Minuten\" \/>\n<script type=\"application\/ld+json\" class=\"yoast-schema-graph\">{\"@context\":\"https:\/\/schema.org\",\"@graph\":[{\"@type\":\"WebPage\",\"@id\":\"https:\/\/www.kapelanbio.com\/de\/produkte\/labimage-software\/apps-im-labimage-system\/\",\"url\":\"https:\/\/www.kapelanbio.com\/de\/produkte\/labimage-software\/apps-im-labimage-system\/\",\"name\":\"Apps im LabImage System - Kapelan Bio-Imaging\",\"isPartOf\":{\"@id\":\"https:\/\/www.kapelanbio.com\/de\/#website\"},\"primaryImageOfPage\":{\"@id\":\"https:\/\/www.kapelanbio.com\/de\/produkte\/labimage-software\/apps-im-labimage-system\/#primaryimage\"},\"image\":{\"@id\":\"https:\/\/www.kapelanbio.com\/de\/produkte\/labimage-software\/apps-im-labimage-system\/#primaryimage\"},\"thumbnailUrl\":\"https:\/\/www.kapelanbio.com\/wp-content\/uploads\/2018\/01\/labimage_app_pool_600-300x149.jpg\",\"datePublished\":\"2026-01-13T16:07:53+00:00\",\"dateModified\":\"2026-01-13T16:16:45+00:00\",\"breadcrumb\":{\"@id\":\"https:\/\/www.kapelanbio.com\/de\/produkte\/labimage-software\/apps-im-labimage-system\/#breadcrumb\"},\"inLanguage\":\"de\",\"potentialAction\":[{\"@type\":\"ReadAction\",\"target\":[\"https:\/\/www.kapelanbio.com\/de\/produkte\/labimage-software\/apps-im-labimage-system\/\"]}]},{\"@type\":\"ImageObject\",\"inLanguage\":\"de\",\"@id\":\"https:\/\/www.kapelanbio.com\/de\/produkte\/labimage-software\/apps-im-labimage-system\/#primaryimage\",\"url\":\"https:\/\/www.kapelanbio.com\/wp-content\/uploads\/2018\/01\/labimage_app_pool_600-300x149.jpg\",\"contentUrl\":\"https:\/\/www.kapelanbio.com\/wp-content\/uploads\/2018\/01\/labimage_app_pool_600-300x149.jpg\"},{\"@type\":\"BreadcrumbList\",\"@id\":\"https:\/\/www.kapelanbio.com\/de\/produkte\/labimage-software\/apps-im-labimage-system\/#breadcrumb\",\"itemListElement\":[{\"@type\":\"ListItem\",\"position\":1,\"name\":\"Home\",\"item\":\"https:\/\/www.kapelanbio.com\/de\/\"},{\"@type\":\"ListItem\",\"position\":2,\"name\":\"Produkte\",\"item\":\"https:\/\/www.kapelanbio.com\/de\/produkte\/\"},{\"@type\":\"ListItem\",\"position\":3,\"name\":\"LabImage-Software\",\"item\":\"https:\/\/www.kapelanbio.com\/de\/produkte\/labimage-software\/\"},{\"@type\":\"ListItem\",\"position\":4,\"name\":\"Apps im LabImage System\"}]},{\"@type\":\"WebSite\",\"@id\":\"https:\/\/www.kapelanbio.com\/de\/#website\",\"url\":\"https:\/\/www.kapelanbio.com\/de\/\",\"name\":\"Kapelan Bio-Imaging\",\"description\":\"\",\"publisher\":{\"@id\":\"https:\/\/www.kapelanbio.com\/de\/#organization\"},\"potentialAction\":[{\"@type\":\"SearchAction\",\"target\":{\"@type\":\"EntryPoint\",\"urlTemplate\":\"https:\/\/www.kapelanbio.com\/de\/?s={search_term_string}\"},\"query-input\":{\"@type\":\"PropertyValueSpecification\",\"valueRequired\":true,\"valueName\":\"search_term_string\"}}],\"inLanguage\":\"de\"},{\"@type\":\"Organization\",\"@id\":\"https:\/\/www.kapelanbio.com\/de\/#organization\",\"name\":\"Kapelan Bio-Imaging\",\"url\":\"https:\/\/www.kapelanbio.com\/de\/\",\"logo\":{\"@type\":\"ImageObject\",\"inLanguage\":\"de\",\"@id\":\"https:\/\/www.kapelanbio.com\/de\/#\/schema\/logo\/image\/\",\"url\":\"https:\/\/www.kapelanbio.com\/wp-content\/uploads\/2025\/10\/Logo.png\",\"contentUrl\":\"https:\/\/www.kapelanbio.com\/wp-content\/uploads\/2025\/10\/Logo.png\",\"width\":250,\"height\":97,\"caption\":\"Kapelan Bio-Imaging\"},\"image\":{\"@id\":\"https:\/\/www.kapelanbio.com\/de\/#\/schema\/logo\/image\/\"},\"sameAs\":[\"https:\/\/www.facebook.com\/kapelanbio\",\"https:\/\/x.com\/kapelanbio\",\"http:\/\/www.youtube.com\/@kapelanbioimaging\",\"https:\/\/www.linkedin.com\/company\/kapelanbio\/\"]}]}<\/script>","yoast_head_json":{"title":"Apps im LabImage System - Kapelan Bio-Imaging","robots":{"index":"index","follow":"follow","max-snippet":"max-snippet:-1","max-image-preview":"max-image-preview:large","max-video-preview":"max-video-preview:-1"},"canonical":"https:\/\/www.kapelanbio.com\/de\/produkte\/labimage-software\/apps-im-labimage-system\/","og_locale":"de_DE","og_type":"article","og_title":"Apps im LabImage System - Kapelan Bio-Imaging","og_description":"Die LabImage Apps \u2013 eine flexible Softwarel\u00f6sung f\u00fcr die Bildauswertung LabImage ist ein komplexes System f\u00fcr die Bildauswertung in unterschiedlichen Bereichen der Labordiagnostik. Da die Anforderungen an eine gute Bildanalyse in diesem breit gef\u00e4cherten Themengebiet stark variieren, k\u00f6nnen die Anwender von LabImage ihr System genau an ihre spezifischen W\u00fcnsche und Erwartungen anpassen. Hierf\u00fcr steht eine [&hellip;]","og_url":"https:\/\/www.kapelanbio.com\/de\/produkte\/labimage-software\/apps-im-labimage-system\/","og_site_name":"Kapelan Bio-Imaging","article_publisher":"https:\/\/www.facebook.com\/kapelanbio","article_modified_time":"2026-01-13T16:16:45+00:00","twitter_card":"summary_large_image","twitter_site":"@kapelanbio","twitter_misc":{"Gesch\u00e4tzte Lesezeit":"2\u00a0Minuten"},"schema":{"@context":"https:\/\/schema.org","@graph":[{"@type":"WebPage","@id":"https:\/\/www.kapelanbio.com\/de\/produkte\/labimage-software\/apps-im-labimage-system\/","url":"https:\/\/www.kapelanbio.com\/de\/produkte\/labimage-software\/apps-im-labimage-system\/","name":"Apps im LabImage System - Kapelan Bio-Imaging","isPartOf":{"@id":"https:\/\/www.kapelanbio.com\/de\/#website"},"primaryImageOfPage":{"@id":"https:\/\/www.kapelanbio.com\/de\/produkte\/labimage-software\/apps-im-labimage-system\/#primaryimage"},"image":{"@id":"https:\/\/www.kapelanbio.com\/de\/produkte\/labimage-software\/apps-im-labimage-system\/#primaryimage"},"thumbnailUrl":"https:\/\/www.kapelanbio.com\/wp-content\/uploads\/2018\/01\/labimage_app_pool_600-300x149.jpg","datePublished":"2026-01-13T16:07:53+00:00","dateModified":"2026-01-13T16:16:45+00:00","breadcrumb":{"@id":"https:\/\/www.kapelanbio.com\/de\/produkte\/labimage-software\/apps-im-labimage-system\/#breadcrumb"},"inLanguage":"de","potentialAction":[{"@type":"ReadAction","target":["https:\/\/www.kapelanbio.com\/de\/produkte\/labimage-software\/apps-im-labimage-system\/"]}]},{"@type":"ImageObject","inLanguage":"de","@id":"https:\/\/www.kapelanbio.com\/de\/produkte\/labimage-software\/apps-im-labimage-system\/#primaryimage","url":"https:\/\/www.kapelanbio.com\/wp-content\/uploads\/2018\/01\/labimage_app_pool_600-300x149.jpg","contentUrl":"https:\/\/www.kapelanbio.com\/wp-content\/uploads\/2018\/01\/labimage_app_pool_600-300x149.jpg"},{"@type":"BreadcrumbList","@id":"https:\/\/www.kapelanbio.com\/de\/produkte\/labimage-software\/apps-im-labimage-system\/#breadcrumb","itemListElement":[{"@type":"ListItem","position":1,"name":"Home","item":"https:\/\/www.kapelanbio.com\/de\/"},{"@type":"ListItem","position":2,"name":"Produkte","item":"https:\/\/www.kapelanbio.com\/de\/produkte\/"},{"@type":"ListItem","position":3,"name":"LabImage-Software","item":"https:\/\/www.kapelanbio.com\/de\/produkte\/labimage-software\/"},{"@type":"ListItem","position":4,"name":"Apps im LabImage System"}]},{"@type":"WebSite","@id":"https:\/\/www.kapelanbio.com\/de\/#website","url":"https:\/\/www.kapelanbio.com\/de\/","name":"Kapelan Bio-Imaging","description":"","publisher":{"@id":"https:\/\/www.kapelanbio.com\/de\/#organization"},"potentialAction":[{"@type":"SearchAction","target":{"@type":"EntryPoint","urlTemplate":"https:\/\/www.kapelanbio.com\/de\/?s={search_term_string}"},"query-input":{"@type":"PropertyValueSpecification","valueRequired":true,"valueName":"search_term_string"}}],"inLanguage":"de"},{"@type":"Organization","@id":"https:\/\/www.kapelanbio.com\/de\/#organization","name":"Kapelan Bio-Imaging","url":"https:\/\/www.kapelanbio.com\/de\/","logo":{"@type":"ImageObject","inLanguage":"de","@id":"https:\/\/www.kapelanbio.com\/de\/#\/schema\/logo\/image\/","url":"https:\/\/www.kapelanbio.com\/wp-content\/uploads\/2025\/10\/Logo.png","contentUrl":"https:\/\/www.kapelanbio.com\/wp-content\/uploads\/2025\/10\/Logo.png","width":250,"height":97,"caption":"Kapelan Bio-Imaging"},"image":{"@id":"https:\/\/www.kapelanbio.com\/de\/#\/schema\/logo\/image\/"},"sameAs":["https:\/\/www.facebook.com\/kapelanbio","https:\/\/x.com\/kapelanbio","http:\/\/www.youtube.com\/@kapelanbioimaging","https:\/\/www.linkedin.com\/company\/kapelanbio\/"]}]}},"_links":{"self":[{"href":"https:\/\/www.kapelanbio.com\/de\/wp-json\/wp\/v2\/pages\/76225","targetHints":{"allow":["GET"]}}],"collection":[{"href":"https:\/\/www.kapelanbio.com\/de\/wp-json\/wp\/v2\/pages"}],"about":[{"href":"https:\/\/www.kapelanbio.com\/de\/wp-json\/wp\/v2\/types\/page"}],"author":[{"embeddable":true,"href":"https:\/\/www.kapelanbio.com\/de\/wp-json\/wp\/v2\/users\/1"}],"replies":[{"embeddable":true,"href":"https:\/\/www.kapelanbio.com\/de\/wp-json\/wp\/v2\/comments?post=76225"}],"version-history":[{"count":5,"href":"https:\/\/www.kapelanbio.com\/de\/wp-json\/wp\/v2\/pages\/76225\/revisions"}],"predecessor-version":[{"id":76230,"href":"https:\/\/www.kapelanbio.com\/de\/wp-json\/wp\/v2\/pages\/76225\/revisions\/76230"}],"up":[{"embeddable":true,"href":"https:\/\/www.kapelanbio.com\/de\/wp-json\/wp\/v2\/pages\/75087"}],"wp:attachment":[{"href":"https:\/\/www.kapelanbio.com\/de\/wp-json\/wp\/v2\/media?parent=76225"}],"curies":[{"name":"wp","href":"https:\/\/api.w.org\/{rel}","templated":true}]}}